{"id":1392,"date":"2024-12-20T17:41:35","date_gmt":"2024-12-20T09:41:35","guid":{"rendered":"https:\/\/www.cy-package.com\/?post_type=product&#038;p=1392"},"modified":"2024-12-23T14:27:32","modified_gmt":"2024-12-23T06:27:32","slug":"sacos-plasticos-para-embalagem-de-alimentos-com-fundo-plano-8","status":"publish","type":"product","link":"https:\/\/www.cy-package.com\/pt\/produto\/sacos-plasticos-para-embalagem-de-alimentos-com-fundo-plano-8\/","title":{"rendered":"Embalagens de confeitaria Materiais de qualidade alimentar Stand Up Pouches"},"content":{"rendered":"<p><span style=\"color: #0e37b3; font-size: 20px;\"><strong style=\"font-family: var(--global-body-font-family);\">Par\u00e2metros do produto<\/strong><\/span><\/p>\n<div>\n<div class=\"nei-table\">\n<div>\n<table style=\"border-collapse: collapse; width: 100%; height: 177px;\">\n<tbody>\n<tr style=\"height: 30px;\">\n<td style=\"width: 19.8374%; height: 30px;\">Material:<\/td>\n<td style=\"width: 80.1626%; height: 30px;\">PET+VMPET+PE, BOPP+papel kraft+VMPET+PE, etc<\/td>\n<\/tr>\n<tr style=\"height: 30px;\">\n<td style=\"width: 19.8374%; height: 30px;\">Tipo de tinta:<\/td>\n<td style=\"width: 80.1626%; height: 30px;\">Tinta de soja de qualidade alimentar ecol\u00f3gica<\/td>\n<\/tr>\n<tr style=\"height: 30px;\">\n<td style=\"width: 19.8374%; height: 30px;\">Aplicativo:<\/td>\n<td style=\"width: 80.1626%; height: 30px;\">Confeitaria \/Alimentos \/ Caf\u00e9 \/ Alimentos para animais de estima\u00e7\u00e3o \/ Ch\u00e1 \/ Snack \/ Nozes \/ Prote\u00edna de soro de leite \/ Sementes, etc.<\/td>\n<\/tr>\n<tr style=\"height: 30px;\">\n<td style=\"width: 19.8374%; height: 30px;\">Op\u00e7\u00f5es de estilo:<\/td>\n<td style=\"width: 80.1626%; height: 30px;\">Fundo plano, vertical, refor\u00e7o lateral, z\u00edper na parte superior, com\/sem janela, furo europeu, etc.<\/td>\n<\/tr>\n<tr style=\"height: 57px;\">\n<td style=\"width: 19.8374%; height: 57px;\">Controle de qualidade:<\/td>\n<td style=\"width: 80.1626%; height: 57px;\">Equipamentos avan\u00e7ados e equipe de controle de qualidade experiente verificar\u00e3o o material, os produtos semiacabados e acabados rigorosamente em todas as etapas antes do envio.<\/td>\n<\/tr>\n<\/tbody>\n<\/table>\n<\/div>\n<\/div>\n<\/div>\n<p>&nbsp;<\/p>\n<figure id=\"attachment_1394\" aria-describedby=\"caption-attachment-1394\" style=\"width: 343px\" class=\"wp-caption aligncenter\"><img fetchpriority=\"high\" decoding=\"async\" class=\"wp-image-1394\" src=\"https:\/\/www.cy-package.com\/wp-content\/uploads\/2024\/12\/7.jpg\" alt=\"embalagens de confeitaria\" width=\"343\" height=\"343\" srcset=\"https:\/\/www.cy-package.com\/wp-content\/uploads\/2024\/12\/7.jpg 800w, https:\/\/www.cy-package.com\/wp-content\/uploads\/2024\/12\/7-300x300.jpg 300w, https:\/\/www.cy-package.com\/wp-content\/uploads\/2024\/12\/7-150x150.jpg 150w, https:\/\/www.cy-package.com\/wp-content\/uploads\/2024\/12\/7-768x768.jpg 768w, https:\/\/www.cy-package.com\/wp-content\/uploads\/2024\/12\/7-12x12.jpg 12w, https:\/\/www.cy-package.com\/wp-content\/uploads\/2024\/12\/7-600x600.jpg 600w, https:\/\/www.cy-package.com\/wp-content\/uploads\/2024\/12\/7-100x100.jpg 100w\" sizes=\"(max-width: 343px) 100vw, 343px\" \/><figcaption id=\"caption-attachment-1394\" class=\"wp-caption-text\">embalagens de confeitaria<\/figcaption><\/figure>\n<p>Cada tipo de embalagem tem as suas pr\u00f3prias vantagens. Por exemplo, as stand up pouches t\u00eam um grande impacto nas prateleiras e s\u00e3o f\u00e1ceis de expor. Esta bolsa de confeitaria stand up extremamente antecipada oferece uma estabilidade incr\u00edvel nas prateleiras devido ao seu fundo substancial e nivelado.<\/p>\n<div>\n<p style=\"text-align: center;\">\n<\/div>","protected":false},"excerpt":{"rendered":"<p class=\"wui-p-v-4\"><span class=\"wui-text-color-accents wui-text-weight-bold\">Marca:<\/span> <span class=\"wui-text-color-primary\">PACOTE CY<\/span><\/p>\n<p class=\"wui-p-v-4\"><span class=\"wui-text-color-accents wui-text-weight-bold\">Origem do produto:<\/span> <span class=\"wui-text-color-primary\">China<\/span><\/p>\n<p class=\"wui-p-v-4\"><span class=\"wui-text-color-accents wui-text-weight-bold\">Prazo de entrega:<\/span> <span class=\"wui-text-color-primary\">20 dias de prazo de entrega<\/span><\/p>\n<p class=\"wui-p-v-4\"><span class=\"wui-text-color-accents wui-text-weight-bold\">Capacidade de fornecimento:<\/span> <span class=\"wui-text-color-primary\">1200 toneladas\/m\u00eas<\/span><\/p>\n<p>As nossas stand up pouches s\u00e3o uma boa forma de embalar alimentos secos, como produtos de confeitaria, guloseimas, bolachas, ch\u00e1 e muito mais. Dispon\u00edveis em modelos personalizados e com um refor\u00e7o inferior para facilitar o enchimento, fecho de correr para fechar e um pr\u00e1tico entalhe para rasgar para facilitar o acesso.<\/p>","protected":false},"featured_media":1395,"comment_status":"open","ping_status":"closed","template":"","meta":{"_seopress_robots_primary_cat":"none","_seopress_titles_title":"Confectionery Packaging Food Grade Materials Stand Up Pouches","_seopress_titles_desc":"CY PACK is a manufacture in China, accept custom confectionery flexible packaging such as printed  stand up pouches, flat bottom pouches, coffee bags,roll stock ect.-Foshan CY Packaging Co.,Ltd","_seopress_robots_index":"","_monsterinsights_skip_tracking":false,"_monsterinsights_sitenote_active":false,"_monsterinsights_sitenote_note":"","_monsterinsights_sitenote_category":0,"_kad_post_transparent":"default","_kad_post_title":"","_kad_post_layout":"default","_kad_post_sidebar_id":"","_kad_post_content_style":"default","_kad_post_vertical_padding":"default","_kad_post_feature":"","_kad_post_feature_position":"","_kad_post_header":false,"_kad_post_footer":false},"product_brand":[],"product_cat":[46,39],"product_tag":[51],"class_list":{"0":"post-1392","1":"product","2":"type-product","3":"status-publish","4":"has-post-thumbnail","6":"product_cat-confectionery-packaging-bags","7":"product_cat-stand-up-pouches","8":"product_tag-confectionery-packaging","10":"first","11":"instock","12":"shipping-taxable","13":"product-type-simple","14":"entry","15":"content-bg","16":"loop-entry"},"_links":{"self":[{"href":"https:\/\/www.cy-package.com\/pt\/wp-json\/wp\/v2\/product\/1392","targetHints":{"allow":["GET"]}}],"collection":[{"href":"https:\/\/www.cy-package.com\/pt\/wp-json\/wp\/v2\/product"}],"about":[{"href":"https:\/\/www.cy-package.com\/pt\/wp-json\/wp\/v2\/types\/product"}],"replies":[{"embeddable":true,"href":"https:\/\/www.cy-package.com\/pt\/wp-json\/wp\/v2\/comments?post=1392"}],"version-history":[{"count":1,"href":"https:\/\/www.cy-package.com\/pt\/wp-json\/wp\/v2\/product\/1392\/revisions"}],"predecessor-version":[{"id":1396,"href":"https:\/\/www.cy-package.com\/pt\/wp-json\/wp\/v2\/product\/1392\/revisions\/1396"}],"wp:featuredmedia":[{"embeddable":true,"href":"https:\/\/www.cy-package.com\/pt\/wp-json\/wp\/v2\/media\/1395"}],"wp:attachment":[{"href":"https:\/\/www.cy-package.com\/pt\/wp-json\/wp\/v2\/media?parent=1392"}],"wp:term":[{"taxonomy":"product_brand","embeddable":true,"href":"https:\/\/www.cy-package.com\/pt\/wp-json\/wp\/v2\/product_brand?post=1392"},{"taxonomy":"product_cat","embeddable":true,"href":"https:\/\/www.cy-package.com\/pt\/wp-json\/wp\/v2\/product_cat?post=1392"},{"taxonomy":"product_tag","embeddable":true,"href":"https:\/\/www.cy-package.com\/pt\/wp-json\/wp\/v2\/product_tag?post=1392"}],"curies":[{"name":"wp","href":"https:\/\/api.w.org\/{rel}","templated":true}]}}