{"id":1402,"date":"2025-02-19T15:37:54","date_gmt":"2025-02-19T07:37:54","guid":{"rendered":"https:\/\/www.cy-package.com\/?post_type=product&#038;p=1402"},"modified":"2025-12-30T16:41:11","modified_gmt":"2025-12-30T08:41:11","slug":"saco-de-embalagem-de-cafe-stand-up-2","status":"publish","type":"product","link":"https:\/\/www.cy-package.com\/pt\/produto\/saco-de-embalagem-de-cafe-stand-up-2\/","title":{"rendered":"Sacos de embalagem de caf\u00e9 em gr\u00e3o por atacado com v\u00e1lvula"},"content":{"rendered":"<p>&nbsp;<\/p>\n<p>&nbsp;<\/p>\n<p>&nbsp;<\/p>\n<p style=\"text-align: center;\"><span style=\"font-size: 24px;\"><strong>A v\u00e1lvula de desgaseifica\u00e7\u00e3o unidirecional<\/strong><\/span><\/p>\n<p><img decoding=\"async\" style=\"width: 1517px; height: 195px;\" title=\"Fabricantes Personalizados Stand Up Coffee Packaging Pouches Bags\" src=\"https:\/\/www.cy-package.com\/2833\/2833-202205062241273192.jpg\" alt=\"Fabricantes Personalizados Stand Up Coffee Packaging Pouches Bags\" width=\"1517\" border=\"0\" \/><\/p>\n<p>As v\u00e1lvulas de desgaseifica\u00e7\u00e3o unidirecionais s\u00e3o projetadas para permitir que a press\u00e3o seja liberada de uma embalagem herm\u00e9tica, sem permitir que a atmosfera externa (ou seja, ar com 20,9% O2) entre na embalagem. Uma v\u00e1lvula de desgaseifica\u00e7\u00e3o unidirecional \u00e9 \u00fatil para embalar produtos que s\u00e3o sens\u00edveis ao oxig\u00eanio e \u00e0 umidade e tamb\u00e9m liberam g\u00e1s ou ar aprisionado. A v\u00e1lvula de desgaseifica\u00e7\u00e3o unidirecional pode ser acoplada a uma embalagem flex\u00edvel para aliviar a press\u00e3o acumulada na embalagem, ao mesmo tempo em que protege o conte\u00fado interno dos efeitos nocivos do oxig\u00eanio e da umidade.<\/p>\n<p>Quando a press\u00e3o dentro de uma embalagem selada aumenta al\u00e9m da press\u00e3o de abertura da v\u00e1lvula, um disco de borracha na v\u00e1lvula abre momentaneamente para permitir que o g\u00e1s escape<br \/>\nfora da embalagem. Conforme o g\u00e1s \u00e9 liberado e a press\u00e3o dentro da embalagem cai abaixo da press\u00e3o de fechamento da v\u00e1lvula, a v\u00e1lvula fecha.<\/p>\n<div class=\"nei-table\">\n<table border=\"0\" cellspacing=\"8\" cellpadding=\"8\" align=\"center\">\n<tbody>\n<tr class=\"firstRow\">\n<td width=\"557\" height=\"186\"><img decoding=\"async\" style=\"width: 527px; height: 167px;\" title=\"Fabricantes Personalizados Stand Up Coffee Packaging Pouches Bags\" src=\"https:\/\/www.cy-package.com\/2833\/2833-202205062241564865.jpg\" alt=\"Fabricantes Personalizados Stand Up Coffee Packaging Pouches Bags\" width=\"527\" border=\"0\" \/><\/td>\n<td width=\"495.6666666666667\" height=\"187\"><img decoding=\"async\" style=\"width: 654px; height: 167px;\" title=\"Fabricantes Personalizados Stand Up Coffee Packaging Pouches Bags\" src=\"https:\/\/www.cy-package.com\/2833\/2833-202205062242058597.jpg\" alt=\"Fabricantes Personalizados Stand Up Coffee Packaging Pouches Bags\" width=\"654\" border=\"0\" \/><\/td>\n<\/tr>\n<tr>\n<td style=\"text-align: center;\" width=\"538.6666666666666\" height=\"46\">Modo Aberto\/Liberado<\/td>\n<td style=\"text-align: center;\" width=\"495.6666666666667\" height=\"46\">Posi\u00e7\u00e3o fechada hermeticamente<\/td>\n<\/tr>\n<tr>\n<td width=\"107.99999999999994\" height=\"67\">\n<p style=\"text-align: center;\">Quando a press\u00e3o dentro de uma embalagem selada aumenta al\u00e9m da press\u00e3o de abertura da v\u00e1lvula, a veda\u00e7\u00e3o entre o disco de borracha e o corpo da v\u00e1lvula \u00e9 momentaneamente interrompida e a press\u00e3o pode escapar da embalagem.<\/p>\n<\/td>\n<td width=\"495.6666666666667\" height=\"67\">\n<p style=\"text-align: center;\">A press\u00e3o de CO2 liberada pelos gr\u00e3os de caf\u00e9 torrados frescos \u00e9 baixa; portanto, a v\u00e1lvula \u00e9 fechada com uma veda\u00e7\u00e3o herm\u00e9tica.<\/p>\n<\/td>\n<\/tr>\n<\/tbody>\n<\/table>\n<\/div>\n<div>\n<p><span style=\"font-size: 18px;\"><strong>\u00a0<\/strong><\/span><\/p>\n<p><span style=\"font-size: 18px;\"><strong>Par\u00e2metros do produto<\/strong><\/span><\/p>\n<\/div>\n<div>\n<div class=\"nei-table\" style=\"text-align: left;\">\n<p>&nbsp;<\/p>\n<div class=\"nei-table\">\n<table style=\"width: 100%; height: 392px;\">\n<tbody>\n<tr class=\"firstRow\" style=\"height: 31px;\">\n<td style=\"border-color: #dddddd; height: 31px; width: 14.8256%;\" colspan=\"1\" rowspan=\"1\" width=\"162\" height=\"20\">\n<div style=\"text-align: left;\">Grau do material:<\/div>\n<\/td>\n<td style=\"border-color: #dddddd; height: 31px; width: 84.6899%;\" colspan=\"1\" rowspan=\"1\" width=\"1062\" height=\"20\">\n<div style=\"text-align: left;\">Material de qualidade alimentar<\/div>\n<\/td>\n<\/tr>\n<tr style=\"height: 31px;\">\n<td style=\"border-color: #dddddd; height: 31px; width: 14.8256%;\" colspan=\"1\" rowspan=\"1\" width=\"162\" height=\"20\">\n<div style=\"text-align: left;\">Material:<\/div>\n<\/td>\n<td style=\"border-color: #dddddd; height: 31px; width: 84.6899%;\" colspan=\"1\" rowspan=\"1\" width=\"1062\" height=\"20\">\n<div style=\"text-align: left;\">PET\/VMPET\/PE\/BOPP\/Papel kraft\/AL\/BOPP\/CPP\/PLA\/PBAT, etc<\/div>\n<\/td>\n<\/tr>\n<tr style=\"height: 117px;\">\n<td style=\"border-color: #dddddd; height: 117px; width: 14.8256%;\" colspan=\"1\" rowspan=\"1\" width=\"162\" height=\"20\">\n<div style=\"text-align: left;\">Recurso :<\/div>\n<\/td>\n<td style=\"border-color: #dddddd; height: 117px; width: 84.6899%;\" colspan=\"1\" rowspan=\"1\" width=\"1062\" height=\"20\">\n<div style=\"text-align: left;\">\n<p>1).Material de qualidade alimentar de seguran\u00e7a e impress\u00e3o perfeita<\/p>\n<p>2). \u00d3timo para evitar vazamentos, excelente \u00e0 prova de umidade<\/p>\n<div data-spm-anchor-id=\"a2700.pc-decorate.0.i62.50563333vYoKlh\">3). Fundo de veda\u00e7\u00e3o forte e Ziplock dur\u00e1vel<\/div>\n<\/div>\n<\/td>\n<\/tr>\n<tr style=\"height: 31px;\">\n<td style=\"border-color: #dddddd; height: 31px; width: 14.8256%;\" colspan=\"1\" rowspan=\"1\" width=\"162\" height=\"20\">\n<div style=\"text-align: left;\">Tamanho e espessura:<\/div>\n<\/td>\n<td style=\"border-color: #dddddd; height: 31px; width: 84.6899%;\" colspan=\"1\" rowspan=\"1\" width=\"1062\" height=\"20\">\n<div style=\"text-align: left;\">Embalagem de caf\u00e9 personalizada com base nas suas necessidades<\/div>\n<\/td>\n<\/tr>\n<tr style=\"height: 31px;\">\n<td style=\"border-color: #dddddd; height: 31px; width: 14.8256%;\" colspan=\"1\" rowspan=\"1\" width=\"162\" height=\"20\">\n<div style=\"text-align: left;\">Tipo de tinta:<\/div>\n<\/td>\n<td style=\"border-color: #dddddd; height: 31px; width: 84.6899%;\" colspan=\"1\" rowspan=\"1\" width=\"1062\" height=\"20\">\n<div style=\"text-align: left;\">Tinta de soja de qualidade alimentar ecol\u00f3gica<\/div>\n<\/td>\n<\/tr>\n<tr style=\"height: 31px;\">\n<td style=\"border-color: #dddddd; height: 31px; width: 14.8256%;\" colspan=\"1\" rowspan=\"1\" width=\"162\" height=\"20\">\n<div style=\"text-align: left;\">Capacidade:<\/div>\n<\/td>\n<td style=\"border-color: #dddddd; height: 31px; width: 84.6899%;\" colspan=\"1\" rowspan=\"1\" width=\"1062\" height=\"20\">\n<div style=\"text-align: left;\">100g, 200g, 250g, 500g, 1000g\/1kg, 2kg, 5kg, 8oz-100oz, Personalizado<\/div>\n<\/td>\n<\/tr>\n<tr style=\"height: 31px;\">\n<td style=\"border-color: #dddddd; height: 31px; width: 14.8256%;\" colspan=\"1\" rowspan=\"1\" width=\"162\" height=\"20\">\n<div style=\"text-align: left;\">Aplicativo:<\/div>\n<\/td>\n<td style=\"border-color: #dddddd; height: 31px; width: 84.6899%;\" colspan=\"1\" rowspan=\"1\" width=\"1062\" height=\"20\">\n<div style=\"text-align: left;\">\u00a0Caf\u00e9 \/ Ch\u00e1 \/ Sementes, etc.<\/div>\n<\/td>\n<\/tr>\n<tr style=\"height: 31px;\">\n<td style=\"border-color: #dddddd; height: 31px; width: 14.8256%;\" colspan=\"1\" rowspan=\"1\" width=\"162\" height=\"20\">\n<div style=\"text-align: left;\">Op\u00e7\u00f5es de estilo:<\/div>\n<\/td>\n<td style=\"border-color: #dddddd; height: 31px; width: 84.6899%;\" colspan=\"1\" rowspan=\"1\" width=\"1062\" height=\"20\">\n<div style=\"text-align: left;\">Bolsas de fundo plano, bolsas verticais, bolsas com fole lateral, parte superior com z\u00edper, com\/sem janela, furo europeu, etc.<\/div>\n<\/td>\n<\/tr>\n<tr style=\"height: 58px;\">\n<td style=\"border-color: #dddddd; height: 58px; width: 14.8256%;\" colspan=\"1\" rowspan=\"1\" width=\"162\" height=\"20\">\n<div style=\"text-align: left;\">Controle de qualidade:<\/div>\n<\/td>\n<td style=\"border-color: #dddddd; height: 58px; width: 84.6899%;\" colspan=\"1\" rowspan=\"1\" width=\"1041.6666666666667\" height=\"20\">\n<div style=\"text-align: left;\" data-spm-anchor-id=\"a2700.details.0.i14.1410417dX9YP5T\">Equipamentos avan\u00e7ados e equipe de controle de qualidade experiente verificar\u00e3o o material, os produtos semiacabados e acabados rigorosamente em todas as etapas antes do envio.<\/div>\n<\/td>\n<\/tr>\n<\/tbody>\n<\/table>\n<\/div>\n<\/div>\n<p style=\"text-align: center;\">\n<\/div>","protected":false},"excerpt":{"rendered":"<p class=\"wui-p-v-4\"><span class=\"wui-text-color-accents wui-text-weight-bold\">Marca:<\/span> <span class=\"wui-text-color-primary\">PACOTE CY<\/span><\/p>\n<p class=\"wui-p-v-4\"><span class=\"wui-text-color-accents wui-text-weight-bold\">Origem do produto:<\/span> <span class=\"wui-text-color-primary\">China<\/span><\/p>\n<p class=\"wui-p-v-4\"><span class=\"wui-text-color-accents wui-text-weight-bold\">Prazo de entrega:<\/span> <span class=\"wui-text-color-primary\">20 dias de prazo de entrega<\/span><\/p>\n<p class=\"wui-p-v-4\"><span class=\"wui-text-color-accents wui-text-weight-bold\">Capacidade de fornecimento:<\/span> <span class=\"wui-text-color-primary\">1200 toneladas\/m\u00eas<\/span><\/p>\n<p class=\"wui-p-v-4\">Manuseio de superf\u00edcie: Impress\u00e3o em rotogravura\/Impress\u00e3o digital<br \/>\nUso:Gr\u00e3os de caf\u00e9<br \/>\nPedido personalizado: Aceitar<br \/>\nTipo de neg\u00f3cio: Empresas de embalagens personalizadas para alimentos<br \/>\nOs sacos de embalagem para caf\u00e9 s\u00e3o feitos de materiais dur\u00e1veis que podem proteger os gr\u00e3os de caf\u00e9 contra danos durante o transporte e o manuseio.<br \/>\nExistem v\u00e1lvulas de desgaseifica\u00e7\u00e3o nos sacos de caf\u00e9 para garantir a qualidade do gr\u00e3o de caf\u00e9<\/p>","protected":false},"featured_media":1403,"comment_status":"open","ping_status":"closed","template":"","meta":{"_seopress_robots_primary_cat":"none","_seopress_titles_title":"Wholesale Coffee Beans Packaging Bags with Valve","_seopress_titles_desc":"Wholesale Coffee Beans Packaging Bags with Valve-manufacture and factory. We  CY PACK accept custom coffee bags.","_seopress_robots_index":"","_monsterinsights_skip_tracking":false,"_monsterinsights_sitenote_active":false,"_monsterinsights_sitenote_note":"","_monsterinsights_sitenote_category":0,"_kad_post_transparent":"default","_kad_post_title":"","_kad_post_layout":"default","_kad_post_sidebar_id":"","_kad_post_content_style":"default","_kad_post_vertical_padding":"default","_kad_post_feature":"","_kad_post_feature_position":"","_kad_post_header":false,"_kad_post_footer":false},"product_brand":[],"product_cat":[40],"product_tag":[],"class_list":{"0":"post-1402","1":"product","2":"type-product","3":"status-publish","4":"has-post-thumbnail","6":"product_cat-coffee-bags","8":"first","9":"instock","10":"shipping-taxable","11":"product-type-simple","12":"entry","13":"content-bg","14":"loop-entry"},"_links":{"self":[{"href":"https:\/\/www.cy-package.com\/pt\/wp-json\/wp\/v2\/product\/1402","targetHints":{"allow":["GET"]}}],"collection":[{"href":"https:\/\/www.cy-package.com\/pt\/wp-json\/wp\/v2\/product"}],"about":[{"href":"https:\/\/www.cy-package.com\/pt\/wp-json\/wp\/v2\/types\/product"}],"replies":[{"embeddable":true,"href":"https:\/\/www.cy-package.com\/pt\/wp-json\/wp\/v2\/comments?post=1402"}],"version-history":[{"count":1,"href":"https:\/\/www.cy-package.com\/pt\/wp-json\/wp\/v2\/product\/1402\/revisions"}],"predecessor-version":[{"id":1406,"href":"https:\/\/www.cy-package.com\/pt\/wp-json\/wp\/v2\/product\/1402\/revisions\/1406"}],"wp:featuredmedia":[{"embeddable":true,"href":"https:\/\/www.cy-package.com\/pt\/wp-json\/wp\/v2\/media\/1403"}],"wp:attachment":[{"href":"https:\/\/www.cy-package.com\/pt\/wp-json\/wp\/v2\/media?parent=1402"}],"wp:term":[{"taxonomy":"product_brand","embeddable":true,"href":"https:\/\/www.cy-package.com\/pt\/wp-json\/wp\/v2\/product_brand?post=1402"},{"taxonomy":"product_cat","embeddable":true,"href":"https:\/\/www.cy-package.com\/pt\/wp-json\/wp\/v2\/product_cat?post=1402"},{"taxonomy":"product_tag","embeddable":true,"href":"https:\/\/www.cy-package.com\/pt\/wp-json\/wp\/v2\/product_tag?post=1402"}],"curies":[{"name":"wp","href":"https:\/\/api.w.org\/{rel}","templated":true}]}}