{"id":1407,"date":"2025-05-26T18:55:00","date_gmt":"2025-05-26T10:55:00","guid":{"rendered":"https:\/\/www.cy-package.com\/?post_type=product&#038;p=1407"},"modified":"2025-12-30T16:34:41","modified_gmt":"2025-12-30T08:34:41","slug":"sacos-plasticos-para-embalagem-de-alimentos-com-fundo-plano-9","status":"publish","type":"product","link":"https:\/\/www.cy-package.com\/pt\/produto\/sacos-plasticos-para-embalagem-de-alimentos-com-fundo-plano-9\/","title":{"rendered":"Embalagens biodegrad\u00e1veis personalizadas Embalagens flex\u00edveis sustent\u00e1veis Empresas de bolsas"},"content":{"rendered":"<div data-elementor-type=\"product-post\" data-elementor-id=\"1407\" class=\"elementor elementor-1407\" data-elementor-post-type=\"product\">\n\t\t\t\t\t\t<section class=\"elementor-section elementor-top-section elementor-element elementor-element-1d48491a elementor-section-boxed elementor-section-height-default elementor-section-height-default\" data-id=\"1d48491a\" data-element_type=\"section\">\n\t\t\t\t\t\t<div class=\"elementor-container elementor-column-gap-default\">\n\t\t\t\t\t<div class=\"elementor-column elementor-col-100 elementor-top-column elementor-element elementor-element-62bc43d4\" data-id=\"62bc43d4\" data-element_type=\"column\">\n\t\t\t<div class=\"elementor-widget-wrap elementor-element-populated\">\n\t\t\t\t\t\t<div class=\"elementor-element elementor-element-4fdf0738 elementor-widget elementor-widget-text-editor\" data-id=\"4fdf0738\" data-element_type=\"widget\" data-widget_type=\"text-editor.default\">\n\t\t\t\t<div class=\"elementor-widget-container\">\n\t\t\t\t\t\t\t\t\t<p><span style=\"color: #2b6cb3; font-size: 28px;\"><strong style=\"font-family: var(--global-body-font-family);\">Par\u00e2metros do produto<\/strong><\/span><\/p><div><div class=\"nei-table\"><div><table style=\"border-collapse: collapse; width: 100%;\"><tbody><tr><td style=\"width: 19.8374%;\">Material:<\/td><td style=\"width: 80.1626%;\">Papel Kraft\/PLA\/PBAT, etc<\/td><\/tr><tr><td style=\"width: 19.8374%;\">Tipo de tinta:<\/td><td style=\"width: 80.1626%;\">Tinta de soja de qualidade alimentar ecol\u00f3gica<\/td><\/tr><tr><td style=\"width: 19.8374%;\">Aplicativo:<\/td><td style=\"width: 80.1626%;\">Alimentos \/ Caf\u00e9 \/ Alimentos para animais de estima\u00e7\u00e3o \/ Ch\u00e1 \/ Snacks \/ Frutos secos \/ Prote\u00edna de soro de leite \/ Doces \/ Sementes, etc.<\/td><\/tr><tr><td style=\"width: 19.8374%;\">Op\u00e7\u00f5es de estilo:<\/td><td style=\"width: 80.1626%;\">Fundo plano, vertical, refor\u00e7o lateral, z\u00edper na parte superior, com\/sem janela, furo europeu, etc.<\/td><\/tr><tr><td style=\"width: 19.8374%;\">Controle de qualidade:<\/td><td style=\"width: 80.1626%;\">Equipamentos avan\u00e7ados e equipe de controle de qualidade experiente verificar\u00e3o o material, os produtos semiacabados e acabados rigorosamente em todas as etapas antes do envio.<\/td><\/tr><\/tbody><\/table><\/div><\/div><\/div><div><p style=\"text-align: center;\">\u00a0<\/p><\/div>\t\t\t\t\t\t\t\t<\/div>\n\t\t\t\t<\/div>\n\t\t\t\t<div class=\"elementor-element elementor-element-a605938 elementor-widget elementor-widget-image\" data-id=\"a605938\" data-element_type=\"widget\" data-widget_type=\"image.default\">\n\t\t\t\t<div class=\"elementor-widget-container\">\n\t\t\t\t\t\t\t\t\t\t\t\t\t\t\t<img fetchpriority=\"high\" decoding=\"async\" width=\"475\" height=\"474\" src=\"https:\/\/www.cy-package.com\/wp-content\/uploads\/2024\/12\/9-2.jpg\" class=\"attachment-large size-large wp-image-1408\" alt=\"empresas de embalagens biodegrad\u00e1veis\" srcset=\"https:\/\/www.cy-package.com\/wp-content\/uploads\/2024\/12\/9-2.jpg 475w, https:\/\/www.cy-package.com\/wp-content\/uploads\/2024\/12\/9-2-300x300.jpg 300w, https:\/\/www.cy-package.com\/wp-content\/uploads\/2024\/12\/9-2-150x150.jpg 150w, https:\/\/www.cy-package.com\/wp-content\/uploads\/2024\/12\/9-2-12x12.jpg 12w, https:\/\/www.cy-package.com\/wp-content\/uploads\/2024\/12\/9-2-100x100.jpg 100w\" sizes=\"(max-width: 475px) 100vw, 475px\" \/>\t\t\t\t\t\t\t\t\t\t\t\t\t\t\t<\/div>\n\t\t\t\t<\/div>\n\t\t\t\t<div class=\"elementor-element elementor-element-ffdeb05 elementor-widget elementor-widget-text-editor\" data-id=\"ffdeb05\" data-element_type=\"widget\" data-widget_type=\"text-editor.default\">\n\t\t\t\t<div class=\"elementor-widget-container\">\n\t\t\t\t\t\t\t\t\t<p>\u00a0 \u00a0 \u00a0 \u00a0 \u00a0Como uma das empresas de embalagens biodegrad\u00e1veis do mundo, apoiamos as embalagens sustent\u00e1veis personalizadas. Qual \u00e9 a melhor forma de saber se est\u00e1 a receber uma embalagem verdadeiramente biodegrad\u00e1vel? Procure embalagens certificadas com a indica\u00e7\u00e3o \"compost\u00e1vel\". As embalagens que s\u00e3o certificadas como compost\u00e1veis biodegradam-se com seguran\u00e7a num ambiente de compostagem comercial ou dom\u00e9stico.<\/p><p>\u00a0 \u00a0 \u00a0 \u00a0 \u00a0A certifica\u00e7\u00e3o garante que a embalagem se decomp\u00f5e de forma obrigat\u00f3ria e segura em determinadas condi\u00e7\u00f5es e num per\u00edodo de tempo pr\u00e9-definido. Pode ter a certeza de que o seu saco ou caixa se decompor\u00e1 completamente no prazo de 6 meses a um ano num composto dom\u00e9stico ou industrial, deixando para tr\u00e1s um solo rico em nutrientes.\u00a0\u00a0<\/p>\t\t\t\t\t\t\t\t<\/div>\n\t\t\t\t<\/div>\n\t\t\t\t<div class=\"elementor-element elementor-element-bb9e08b elementor-widget elementor-widget-heading\" data-id=\"bb9e08b\" data-element_type=\"widget\" data-widget_type=\"heading.default\">\n\t\t\t\t<div class=\"elementor-widget-container\">\n\t\t\t\t\t<h2 class=\"elementor-heading-title elementor-size-default\"><br>Porqu\u00ea CY PACK<\/h2>\t\t\t\t<\/div>\n\t\t\t\t<\/div>\n\t\t\t\t<div class=\"elementor-element elementor-element-e828104 elementor-widget-divider--view-line elementor-widget elementor-widget-divider\" data-id=\"e828104\" data-element_type=\"widget\" data-widget_type=\"divider.default\">\n\t\t\t\t<div class=\"elementor-widget-container\">\n\t\t\t\t\t\t\t<div class=\"elementor-divider\">\n\t\t\t<span class=\"elementor-divider-separator\">\n\t\t\t\t\t\t<\/span>\n\t\t<\/div>\n\t\t\t\t\t\t<\/div>\n\t\t\t\t<\/div>\n\t\t\t\t<div class=\"elementor-element elementor-element-8052312 elementor-widget elementor-widget-text-editor\" data-id=\"8052312\" data-element_type=\"widget\" data-widget_type=\"text-editor.default\">\n\t\t\t\t<div class=\"elementor-widget-container\">\n\t\t\t\t\t\t\t\t\t<p>CY PACK \u00e9 um fabricante de confian\u00e7a que pode ajud\u00e1-lo a personalizar embalagens flex\u00edveis impressas zipper stand up pouches.CY PACK vantagens como abaixo:<\/p><p>\u2606 Materiais de alta qualidade: A CY PACK utiliza materiais ecol\u00f3gicos de alta qualidade para garantir que os produtos s\u00e3o seguros e duradouros.<\/p><p>\u2606 Personaliza\u00e7\u00e3o profissional: Fornecer servi\u00e7os de design personalizados para atender \u00e0s suas necessidades exclusivas.<\/p><p>\u2606 Tecnologia avan\u00e7ada: CY PACK Utiliza tecnologia de impress\u00e3o moderna para garantir cores brilhantes e padr\u00f5es claros.<\/p><p>\u2606 Excelente servi\u00e7o: A equipa profissional CY PACK fornece suporte completo para garantir a sua experi\u00eancia satisfat\u00f3ria.<\/p><p>\u2606 Fabricante de origem:Reduzir os seus custos de funcionamento a partir da origem<\/p><p>\u2606 Controlo de qualidade: Problemas de qualidade, indemniza\u00e7\u00e3o ou refazer.<\/p>\t\t\t\t\t\t\t\t<\/div>\n\t\t\t\t<\/div>\n\t\t\t\t\t<\/div>\n\t\t<\/div>\n\t\t\t\t\t<\/div>\n\t\t<\/section>\n\t\t\t\t<\/div>","protected":false},"excerpt":{"rendered":"<p class=\"wui-p-v-4\"><span class=\"wui-text-color-accents wui-text-weight-bold\">Marca:<\/span> <span class=\"wui-text-color-primary\">PACOTE CY<\/span><\/p>\n<p class=\"wui-p-v-4\"><span class=\"wui-text-color-accents wui-text-weight-bold\">Origem do produto:<\/span> <span class=\"wui-text-color-primary\">China<\/span><\/p>\n<p class=\"wui-p-v-4\"><span class=\"wui-text-color-accents wui-text-weight-bold\">Prazo de entrega:<\/span> <span class=\"wui-text-color-primary\">20 dias de prazo de entrega<\/span><\/p>\n<p class=\"wui-p-v-4\"><span class=\"wui-text-color-accents wui-text-weight-bold\">Capacidade de fornecimento:<\/span> <span class=\"wui-text-color-primary\">1200 toneladas\/m\u00eas<\/span><\/p>\n<p>CY produz principalmente bolsas flex\u00edveis, como bolsas de fundo plano, bolsas de p\u00e9, filmes de rolo de embalagem, etc. Entretanto, somos uma das empresas de embalagens biodegrad\u00e1veis, aceitamos sacos de embalagem sustent\u00e1veis personalizados.<br \/>\nAs embalagens alimentares biodegrad\u00e1veis impulsionam a economia circular, aproveitando os res\u00edduos de embalagens como composto que adiciona nutrientes ao solo e ajuda a impulsionar a produ\u00e7\u00e3o alimentar e a agricultura.<\/p>","protected":false},"featured_media":1417,"comment_status":"open","ping_status":"closed","template":"","meta":{"_seopress_robots_primary_cat":"none","_seopress_titles_title":"Custom Biodegradable Sustainable Packaging Pouches Companies","_seopress_titles_desc":"CY PACK is a manufacture in China, specialize in the production of biodegradable packaging bags with small MOQ.","_seopress_robots_index":"","_monsterinsights_skip_tracking":false,"_monsterinsights_sitenote_active":false,"_monsterinsights_sitenote_note":"","_monsterinsights_sitenote_category":0,"_kad_post_transparent":"default","_kad_post_title":"","_kad_post_layout":"default","_kad_post_sidebar_id":"","_kad_post_content_style":"default","_kad_post_vertical_padding":"default","_kad_post_feature":"","_kad_post_feature_position":"","_kad_post_header":false,"_kad_post_footer":false},"product_brand":[],"product_cat":[43],"product_tag":[44],"class_list":{"0":"post-1407","1":"product","2":"type-product","3":"status-publish","4":"has-post-thumbnail","6":"product_cat-biodegradable-packaging-bags","7":"product_tag-100-biodegradable-bags","9":"first","10":"instock","11":"shipping-taxable","12":"product-type-simple","13":"entry","14":"content-bg","15":"loop-entry"},"_links":{"self":[{"href":"https:\/\/www.cy-package.com\/pt\/wp-json\/wp\/v2\/product\/1407","targetHints":{"allow":["GET"]}}],"collection":[{"href":"https:\/\/www.cy-package.com\/pt\/wp-json\/wp\/v2\/product"}],"about":[{"href":"https:\/\/www.cy-package.com\/pt\/wp-json\/wp\/v2\/types\/product"}],"replies":[{"embeddable":true,"href":"https:\/\/www.cy-package.com\/pt\/wp-json\/wp\/v2\/comments?post=1407"}],"version-history":[{"count":30,"href":"https:\/\/www.cy-package.com\/pt\/wp-json\/wp\/v2\/product\/1407\/revisions"}],"predecessor-version":[{"id":1692,"href":"https:\/\/www.cy-package.com\/pt\/wp-json\/wp\/v2\/product\/1407\/revisions\/1692"}],"wp:featuredmedia":[{"embeddable":true,"href":"https:\/\/www.cy-package.com\/pt\/wp-json\/wp\/v2\/media\/1417"}],"wp:attachment":[{"href":"https:\/\/www.cy-package.com\/pt\/wp-json\/wp\/v2\/media?parent=1407"}],"wp:term":[{"taxonomy":"product_brand","embeddable":true,"href":"https:\/\/www.cy-package.com\/pt\/wp-json\/wp\/v2\/product_brand?post=1407"},{"taxonomy":"product_cat","embeddable":true,"href":"https:\/\/www.cy-package.com\/pt\/wp-json\/wp\/v2\/product_cat?post=1407"},{"taxonomy":"product_tag","embeddable":true,"href":"https:\/\/www.cy-package.com\/pt\/wp-json\/wp\/v2\/product_tag?post=1407"}],"curies":[{"name":"wp","href":"https:\/\/api.w.org\/{rel}","templated":true}]}}