{"id":1429,"date":"2025-04-09T17:02:16","date_gmt":"2025-04-09T09:02:16","guid":{"rendered":"https:\/\/www.cy-package.com\/?post_type=product&#038;p=1429"},"modified":"2025-12-30T16:40:16","modified_gmt":"2025-12-30T08:40:16","slug":"bolsa-de-embalagem-de-alimentos-com-ziper-reciclavel-2","status":"publish","type":"product","link":"https:\/\/www.cy-package.com\/pt\/produto\/bolsa-de-embalagem-de-alimentos-com-ziper-reciclavel-2\/","title":{"rendered":"Sacos de pl\u00e1stico recicl\u00e1veis para servi\u00e7o pesado com furo para pendurar Fornecedor de embalagens"},"content":{"rendered":"<p><span style=\"color: #2b6cb0;\"><strong style=\"font-size: 18px; font-family: var(--global-body-font-family);\">Par\u00e2metros do produto<\/strong><\/span><\/p>\n<div>\n<div class=\"nei-table\">\n<table style=\"width: 100%;\" width=\"1000\">\n<tbody>\n<tr class=\"firstRow\">\n<td style=\"width: 19.9732%;\" colspan=\"1\" rowspan=\"1\" width=\"162\" height=\"20\">\n<div style=\"text-align: left;\">Grau do material:<\/div>\n<\/td>\n<td style=\"width: 79.0885%;\" colspan=\"1\" rowspan=\"1\" width=\"837\" height=\"20\">\n<div>Material de qualidade alimentar<\/div>\n<\/td>\n<\/tr>\n<tr>\n<td style=\"width: 19.9732%;\" colspan=\"1\" rowspan=\"1\" width=\"162\" height=\"20\">\n<div>Material:<\/div>\n<\/td>\n<td style=\"width: 79.0885%;\" colspan=\"1\" rowspan=\"1\" width=\"837\" height=\"20\">\n<div>Papel PE\/Kraft ect.<\/div>\n<\/td>\n<\/tr>\n<tr>\n<td style=\"width: 19.9732%;\" colspan=\"1\" rowspan=\"1\" width=\"162\" height=\"20\">\n<div>Recurso :<\/div>\n<\/td>\n<td style=\"width: 79.0885%;\" colspan=\"1\" rowspan=\"1\" width=\"837\" height=\"20\">1).Material de qualidade alimentar de seguran\u00e7a e impress\u00e3o perfeita<\/p>\n<p>2). \u00d3timo para evitar vazamentos, excelente \u00e0 prova de umidade<\/p>\n<p>3) Acabamentos tradicionais mate, mate com toque suave, brilhante e metalizado, estampagem a quente<\/td>\n<\/tr>\n<tr>\n<td style=\"width: 19.9732%;\" colspan=\"1\" rowspan=\"1\" width=\"162\" height=\"20\">\n<div>Tamanho e espessura:<\/div>\n<\/td>\n<td style=\"width: 79.0885%;\" colspan=\"1\" rowspan=\"1\" width=\"837\" height=\"20\">\n<div>Personalizado com base em sua necessidade<\/div>\n<\/td>\n<\/tr>\n<tr>\n<td style=\"width: 19.9732%;\" colspan=\"1\" rowspan=\"1\" width=\"162\" height=\"20\">\n<div>Tipo de tinta:<\/div>\n<\/td>\n<td style=\"width: 79.0885%;\" colspan=\"1\" rowspan=\"1\" width=\"837\" height=\"20\">\n<div>Tinta de soja de qualidade alimentar ecol\u00f3gica<\/div>\n<\/td>\n<\/tr>\n<tr>\n<td style=\"width: 19.9732%;\" colspan=\"1\" rowspan=\"1\" width=\"162\" height=\"20\">\n<div>Capacidade:<\/div>\n<\/td>\n<td style=\"width: 79.0885%;\" colspan=\"1\" rowspan=\"1\" width=\"837\" height=\"20\">\n<div>1kg, 2kg, 5kg,10kg, Personalizado<\/div>\n<\/td>\n<\/tr>\n<tr>\n<td style=\"width: 19.9732%;\" colspan=\"1\" rowspan=\"1\" width=\"162\" height=\"20\">\n<div>Aplicativo:<\/div>\n<\/td>\n<td style=\"width: 79.0885%;\" colspan=\"1\" rowspan=\"1\" width=\"837\" height=\"20\">\n<div>Alimentos \/ Alimentos para animais de estima\u00e7\u00e3o \/ Prote\u00edna de soro de leite \/ Arroz, produtos l\u00e1cteos, etc.<\/div>\n<\/td>\n<\/tr>\n<tr>\n<td style=\"width: 19.9732%;\" colspan=\"1\" rowspan=\"1\" width=\"162\" height=\"20\">\n<div>Op\u00e7\u00f5es de estilo:<\/div>\n<\/td>\n<td style=\"width: 79.0885%;\" colspan=\"1\" rowspan=\"1\" width=\"837\" height=\"20\">\n<div>Fundo plano, vertical, refor\u00e7o lateral, z\u00edper na parte superior, com\/sem janela, furo europeu, etc.<\/div>\n<\/td>\n<\/tr>\n<tr>\n<td style=\"width: 19.9732%;\" colspan=\"1\" rowspan=\"1\" width=\"162\" height=\"20\">\n<div>Controle de qualidade:<\/div>\n<\/td>\n<td style=\"width: 79.0885%;\" colspan=\"1\" rowspan=\"1\" width=\"837\" height=\"20\">\n<div data-spm-anchor-id=\"a2700.details.0.i14.1410417dX9YP5T\">Equipamentos avan\u00e7ados e equipe de controle de qualidade experiente verificar\u00e3o o material, os produtos semiacabados e acabados rigorosamente em todas as etapas antes do envio.<\/div>\n<\/td>\n<\/tr>\n<\/tbody>\n<\/table>\n<\/div>\n<p><img fetchpriority=\"high\" decoding=\"async\" class=\"aligncenter size-full wp-image-1432\" src=\"https:\/\/www.cy-package.com\/wp-content\/uploads\/2024\/12\/9-4.jpg\" alt=\"\" width=\"1500\" height=\"1500\" srcset=\"https:\/\/www.cy-package.com\/wp-content\/uploads\/2024\/12\/9-4.jpg 1500w, https:\/\/www.cy-package.com\/wp-content\/uploads\/2024\/12\/9-4-300x300.jpg 300w, https:\/\/www.cy-package.com\/wp-content\/uploads\/2024\/12\/9-4-1024x1024.jpg 1024w, https:\/\/www.cy-package.com\/wp-content\/uploads\/2024\/12\/9-4-150x150.jpg 150w, https:\/\/www.cy-package.com\/wp-content\/uploads\/2024\/12\/9-4-768x768.jpg 768w, https:\/\/www.cy-package.com\/wp-content\/uploads\/2024\/12\/9-4-12x12.jpg 12w, https:\/\/www.cy-package.com\/wp-content\/uploads\/2024\/12\/9-4-600x600.jpg 600w, https:\/\/www.cy-package.com\/wp-content\/uploads\/2024\/12\/9-4-800x800.jpg 800w, https:\/\/www.cy-package.com\/wp-content\/uploads\/2024\/12\/9-4-100x100.jpg 100w\" sizes=\"(max-width: 1500px) 100vw, 1500px\" \/><\/p>\n<p>1.Durabilidade: Estes sacos s\u00e3o normalmente feitos de polietileno mais espesso ou de materiais semelhantes, o que os torna ideais para artigos pesados ou volumosos. Tamb\u00e9m podemos fabricar sacos de pl\u00e1stico recicl\u00e1veis para embalagem, que podem suportar o desgaste durante o manuseamento e o transporte.<\/p>\n<p>2. design de orif\u00edcio de suspens\u00e3o: A inclus\u00e3o de um orif\u00edcio de suspens\u00e3o permite uma f\u00e1cil exposi\u00e7\u00e3o em ganchos ou cavilhas, tornando-os perfeitos para ambientes de retalho.<\/p>\n<p>3. versatilidade:Os sacos resistentes podem ser utilizados para uma vasta gama de artigos, incluindo vestu\u00e1rio, ferramentas, artigos de cozinha e ferragens. Tamb\u00e9m s\u00e3o \u00f3ptimos para organizar artigos em armaz\u00e9ns ou arrecada\u00e7\u00f5es.<\/p>\n<p>&nbsp;<\/p>\n<p>&nbsp;<\/p>\n<p style=\"text-align: center;\">\n<\/div>","protected":false},"excerpt":{"rendered":"<p class=\"wui-p-v-4\"><span class=\"wui-text-color-accents wui-text-weight-bold\">Marca:<\/span> <span class=\"wui-text-color-primary\">PACOTE CY<\/span><\/p>\n<p class=\"wui-p-v-4\"><span class=\"wui-text-color-accents wui-text-weight-bold\">Origem do produto:<\/span> <span class=\"wui-text-color-primary\">China<\/span><\/p>\n<p class=\"wui-p-v-4\"><span class=\"wui-text-color-accents wui-text-weight-bold\">Prazo de entrega:<\/span> <span class=\"wui-text-color-primary\">25 dias de prazo de entrega<\/span><\/p>\n<p class=\"wui-p-v-4\"><span class=\"wui-text-color-accents wui-text-weight-bold\">Capacidade de fornecimento:<\/span> <span class=\"wui-text-color-primary\">1200 toneladas\/m\u00eas<\/span><\/p>\n<p class=\"wui-p-v-4\">Materiais de embalagem ecol\u00f3gicos reduzem em grande medida a polui\u00e7\u00e3o pl\u00e1stica e contribuem para a prote\u00e7\u00e3o ambiental mundial.<br \/>\nOs sacos de pl\u00e1stico recicl\u00e1veis resistentes para embalagens com orif\u00edcios para pendurar s\u00e3o uma solu\u00e7\u00e3o de embalagem pr\u00e1tica para v\u00e1rias aplica\u00e7\u00f5es, especialmente em ambientes de venda a retalho e de armazenamento.<\/p>","protected":false},"featured_media":1430,"comment_status":"open","ping_status":"closed","template":"","meta":{"_seopress_robots_primary_cat":"none","_seopress_titles_title":"Recyclable Plastic Bags Heavy Duty with Hanging Hole","_seopress_titles_desc":"recyclable plastic bags for packaging bags supplier","_seopress_robots_index":"","_monsterinsights_skip_tracking":false,"_monsterinsights_sitenote_active":false,"_monsterinsights_sitenote_note":"","_monsterinsights_sitenote_category":0,"_kad_post_transparent":"default","_kad_post_title":"","_kad_post_layout":"default","_kad_post_sidebar_id":"","_kad_post_content_style":"default","_kad_post_vertical_padding":"default","_kad_post_feature":"","_kad_post_feature_position":"","_kad_post_header":false,"_kad_post_footer":false},"product_brand":[],"product_cat":[27],"product_tag":[],"class_list":{"0":"post-1429","1":"product","2":"type-product","3":"status-publish","4":"has-post-thumbnail","6":"product_cat-recyclable-packaging-bags","8":"first","9":"instock","10":"shipping-taxable","11":"product-type-simple","12":"entry","13":"content-bg","14":"loop-entry"},"_links":{"self":[{"href":"https:\/\/www.cy-package.com\/pt\/wp-json\/wp\/v2\/product\/1429","targetHints":{"allow":["GET"]}}],"collection":[{"href":"https:\/\/www.cy-package.com\/pt\/wp-json\/wp\/v2\/product"}],"about":[{"href":"https:\/\/www.cy-package.com\/pt\/wp-json\/wp\/v2\/types\/product"}],"replies":[{"embeddable":true,"href":"https:\/\/www.cy-package.com\/pt\/wp-json\/wp\/v2\/comments?post=1429"}],"version-history":[{"count":1,"href":"https:\/\/www.cy-package.com\/pt\/wp-json\/wp\/v2\/product\/1429\/revisions"}],"predecessor-version":[{"id":1433,"href":"https:\/\/www.cy-package.com\/pt\/wp-json\/wp\/v2\/product\/1429\/revisions\/1433"}],"wp:featuredmedia":[{"embeddable":true,"href":"https:\/\/www.cy-package.com\/pt\/wp-json\/wp\/v2\/media\/1430"}],"wp:attachment":[{"href":"https:\/\/www.cy-package.com\/pt\/wp-json\/wp\/v2\/media?parent=1429"}],"wp:term":[{"taxonomy":"product_brand","embeddable":true,"href":"https:\/\/www.cy-package.com\/pt\/wp-json\/wp\/v2\/product_brand?post=1429"},{"taxonomy":"product_cat","embeddable":true,"href":"https:\/\/www.cy-package.com\/pt\/wp-json\/wp\/v2\/product_cat?post=1429"},{"taxonomy":"product_tag","embeddable":true,"href":"https:\/\/www.cy-package.com\/pt\/wp-json\/wp\/v2\/product_tag?post=1429"}],"curies":[{"name":"wp","href":"https:\/\/api.w.org\/{rel}","templated":true}]}}