{"id":1434,"date":"2025-04-10T17:46:00","date_gmt":"2025-04-10T09:46:00","guid":{"rendered":"https:\/\/www.cy-package.com\/?post_type=product&#038;p=1434"},"modified":"2026-01-16T11:27:57","modified_gmt":"2026-01-16T03:27:57","slug":"bolsa-de-embalagem-de-alimentos-com-ziper-reciclavel-3","status":"publish","type":"product","link":"https:\/\/www.cy-package.com\/pt\/produto\/bolsa-de-embalagem-de-alimentos-com-ziper-reciclavel-3\/","title":{"rendered":"Sacos de reciclagem de pl\u00e1stico PE+PE para embalagens de alimentos recicl\u00e1veis"},"content":{"rendered":"<p><span style=\"color: #2b6cb0;\"><strong style=\"font-size: 18px; font-family: var(--global-body-font-family);\">Par\u00e2metros do produto<\/strong><\/span><\/p>\n<div>\n<div class=\"nei-table\">\n<table style=\"width: 100%; height: 478px;\" width=\"1000\">\n<tbody>\n<tr class=\"firstRow\" style=\"height: 31px;\">\n<td style=\"width: 19.9732%; height: 31px;\" colspan=\"1\" rowspan=\"1\" width=\"162\" height=\"20\">\n<div style=\"text-align: left;\">Grau do material:<\/div>\n<\/td>\n<td style=\"width: 79.0885%; height: 31px;\" colspan=\"1\" rowspan=\"1\" width=\"837\" height=\"20\">\n<div>Material de qualidade alimentar<\/div>\n<\/td>\n<\/tr>\n<tr style=\"height: 31px;\">\n<td style=\"width: 19.9732%; height: 31px;\" colspan=\"1\" rowspan=\"1\" width=\"162\" height=\"20\">\n<div>Material:<\/div>\n<\/td>\n<td style=\"width: 79.0885%; height: 31px;\" colspan=\"1\" rowspan=\"1\" width=\"837\" height=\"20\">\n<div>Papel PE\/Kraft ect.<\/div>\n<\/td>\n<\/tr>\n<tr style=\"height: 176px;\">\n<td style=\"width: 19.9732%; height: 176px;\" colspan=\"1\" rowspan=\"1\" width=\"162\" height=\"20\">\n<div>Recurso :<\/div>\n<\/td>\n<td style=\"width: 79.0885%; height: 176px;\" colspan=\"1\" rowspan=\"1\" width=\"837\" height=\"20\">1).Material de qualidade alimentar de seguran\u00e7a e impress\u00e3o perfeita<\/p>\n<p>2). \u00d3timo para evitar vazamentos, excelente \u00e0 prova de umidade<\/p>\n<p>3) Acabamentos tradicionais mate, mate com toque suave, brilhante e metalizado, estampagem a quente<\/td>\n<\/tr>\n<tr style=\"height: 31px;\">\n<td style=\"width: 19.9732%; height: 31px;\" colspan=\"1\" rowspan=\"1\" width=\"162\" height=\"20\">\n<div>Tamanho e espessura:<\/div>\n<\/td>\n<td style=\"width: 79.0885%; height: 31px;\" colspan=\"1\" rowspan=\"1\" width=\"837\" height=\"20\">\n<div>Personalizado com base em sua necessidade<\/div>\n<\/td>\n<\/tr>\n<tr style=\"height: 31px;\">\n<td style=\"width: 19.9732%; height: 31px;\" colspan=\"1\" rowspan=\"1\" width=\"162\" height=\"20\">\n<div>Tipo de tinta:<\/div>\n<\/td>\n<td style=\"width: 79.0885%; height: 31px;\" colspan=\"1\" rowspan=\"1\" width=\"837\" height=\"20\">\n<div>Tinta de soja de qualidade alimentar ecol\u00f3gica<\/div>\n<\/td>\n<\/tr>\n<tr style=\"height: 31px;\">\n<td style=\"width: 19.9732%; height: 31px;\" colspan=\"1\" rowspan=\"1\" width=\"162\" height=\"20\">\n<div>Capacidade:<\/div>\n<\/td>\n<td style=\"width: 79.0885%; height: 31px;\" colspan=\"1\" rowspan=\"1\" width=\"837\" height=\"20\">\n<div>200kg, 500kg, 1kg,2kg, Personalizado<\/div>\n<\/td>\n<\/tr>\n<tr style=\"height: 31px;\">\n<td style=\"width: 19.9732%; height: 31px;\" colspan=\"1\" rowspan=\"1\" width=\"162\" height=\"20\">\n<div>Aplicativo:<\/div>\n<\/td>\n<td style=\"width: 79.0885%; height: 31px;\" colspan=\"1\" rowspan=\"1\" width=\"837\" height=\"20\">\n<div>Alimentos \/ Alimentos para animais de estima\u00e7\u00e3o \/ Prote\u00edna de soro de leite \/ Arroz, produtos l\u00e1cteos, etc.<\/div>\n<\/td>\n<\/tr>\n<tr style=\"height: 58px;\">\n<td style=\"width: 19.9732%; height: 58px;\" colspan=\"1\" rowspan=\"1\" width=\"162\" height=\"20\">\n<div>Op\u00e7\u00f5es de estilo:<\/div>\n<\/td>\n<td style=\"width: 79.0885%; height: 58px;\" colspan=\"1\" rowspan=\"1\" width=\"837\" height=\"20\">\n<div>Fundo plano, vertical, refor\u00e7o lateral, z\u00edper na parte superior, com\/sem janela, furo europeu, etc.<\/div>\n<\/td>\n<\/tr>\n<tr style=\"height: 58px;\">\n<td style=\"width: 19.9732%; height: 58px;\" colspan=\"1\" rowspan=\"1\" width=\"162\" height=\"20\">\n<div>Controle de qualidade:<\/div>\n<\/td>\n<td style=\"width: 79.0885%; height: 58px;\" colspan=\"1\" rowspan=\"1\" width=\"837\" height=\"20\">\n<div data-spm-anchor-id=\"a2700.details.0.i14.1410417dX9YP5T\">Equipamentos avan\u00e7ados e equipe de controle de qualidade experiente verificar\u00e3o o material, os produtos semiacabados e acabados rigorosamente em todas as etapas antes do envio.<\/div>\n<\/td>\n<\/tr>\n<\/tbody>\n<\/table>\n<\/div>\n<figure id=\"attachment_1435\" aria-describedby=\"caption-attachment-1435\" style=\"width: 1500px\" class=\"wp-caption aligncenter\"><img fetchpriority=\"high\" decoding=\"async\" class=\"size-full wp-image-1435\" src=\"https:\/\/www.cy-package.com\/wp-content\/uploads\/2024\/12\/5.jpg\" alt=\"bolsa recicl\u00e1vel com fundo em bloco\" width=\"1500\" height=\"1500\" srcset=\"https:\/\/www.cy-package.com\/wp-content\/uploads\/2024\/12\/5.jpg 1500w, https:\/\/www.cy-package.com\/wp-content\/uploads\/2024\/12\/5-300x300.jpg 300w, https:\/\/www.cy-package.com\/wp-content\/uploads\/2024\/12\/5-1024x1024.jpg 1024w, https:\/\/www.cy-package.com\/wp-content\/uploads\/2024\/12\/5-150x150.jpg 150w, https:\/\/www.cy-package.com\/wp-content\/uploads\/2024\/12\/5-768x768.jpg 768w, https:\/\/www.cy-package.com\/wp-content\/uploads\/2024\/12\/5-12x12.jpg 12w, https:\/\/www.cy-package.com\/wp-content\/uploads\/2024\/12\/5-600x600.jpg 600w, https:\/\/www.cy-package.com\/wp-content\/uploads\/2024\/12\/5-800x800.jpg 800w, https:\/\/www.cy-package.com\/wp-content\/uploads\/2024\/12\/5-100x100.jpg 100w\" sizes=\"(max-width: 1500px) 100vw, 1500px\" \/><figcaption id=\"caption-attachment-1435\" class=\"wp-caption-text\">bolsa recicl\u00e1vel com fundo em bloco<\/figcaption><\/figure>\n<p>Os sacos de embalagem de alimentos recicl\u00e1veis s\u00e3o feitos de material reciclado 100%. Os nossos sacos de reciclagem PE+PE s\u00e3o cada vez mais populares em sacos de embalagem de alimentos. Quer esteja a vender caf\u00e9, muesli ou comida para animais, pode facilmente expor o seu produto em sacos de design bonito que s\u00e3o amigos da carteira e do planeta.<\/p>\n<p>Uma vez que os sacos de pl\u00e1stico reciclado n\u00e3o s\u00e3o um produto completamente herm\u00e9tico, s\u00e3o uma boa solu\u00e7\u00e3o de embalagem para armazenamento a curto prazo. Recomendamos que os sacos sejam guardados longe da luz solar direta e em locais mais frescos e secos para manter os produtos frescos, uma vez que o saco se decomp\u00f5e mais rapidamente na presen\u00e7a de calor, luz e humidade.<\/p>\n<p>&nbsp;<\/p>\n<p style=\"text-align: center;\">\n<\/div>","protected":false},"excerpt":{"rendered":"<p class=\"wui-p-v-4\"><span class=\"wui-text-color-accents wui-text-weight-bold\">Marca:<\/span> <span class=\"wui-text-color-primary\">PACOTE CY<\/span><\/p>\n<p class=\"wui-p-v-4\"><span class=\"wui-text-color-accents wui-text-weight-bold\">Origem do produto:<\/span> <span class=\"wui-text-color-primary\">China<\/span><\/p>\n<p class=\"wui-p-v-4\"><span class=\"wui-text-color-accents wui-text-weight-bold\">Prazo de entrega:<\/span> <span class=\"wui-text-color-primary\">25 dias de prazo de entrega<\/span><\/p>\n<p class=\"wui-p-v-4\"><span class=\"wui-text-color-accents wui-text-weight-bold\">Capacidade de fornecimento:<\/span> <span class=\"wui-text-color-primary\">1200 toneladas\/m\u00eas<\/span><\/p>\n<p class=\"wui-p-v-4\">1. reciclabilidade: os sacos de pl\u00e1stico reciclados podem ser processados e reutilizados, reduzindo a quantidade total de res\u00edduos de pl\u00e1stico nos aterros e nos oceanos.<br \/>\n2. menor consumo de energia: A reciclagem de sacos de pl\u00e1stico requer geralmente menos energia do que a produ\u00e7\u00e3o de novos sacos a partir de mat\u00e9rias-primas, o que leva a uma redu\u00e7\u00e3o das emiss\u00f5es de carbono no fabrico.<\/p>","protected":false},"featured_media":1441,"comment_status":"open","ping_status":"closed","template":"","meta":{"_seopress_robots_primary_cat":"none","_seopress_titles_title":"Recyclable Food Packaging Plastic PE+PE Recycling Bags","_seopress_titles_desc":"Recyclable food packaging bags source factory. Already got GRS certification.","_seopress_robots_index":"","_monsterinsights_skip_tracking":false,"_monsterinsights_sitenote_active":false,"_monsterinsights_sitenote_note":"","_monsterinsights_sitenote_category":0,"_kad_post_transparent":"default","_kad_post_title":"","_kad_post_layout":"default","_kad_post_sidebar_id":"","_kad_post_content_style":"default","_kad_post_vertical_padding":"default","_kad_post_feature":"","_kad_post_feature_position":"","_kad_post_header":false,"_kad_post_footer":false},"product_brand":[],"product_cat":[27],"product_tag":[],"class_list":{"0":"post-1434","1":"product","2":"type-product","3":"status-publish","4":"has-post-thumbnail","6":"product_cat-recyclable-packaging-bags","8":"first","9":"instock","10":"shipping-taxable","11":"product-type-simple","12":"entry","13":"content-bg","14":"loop-entry"},"_links":{"self":[{"href":"https:\/\/www.cy-package.com\/pt\/wp-json\/wp\/v2\/product\/1434","targetHints":{"allow":["GET"]}}],"collection":[{"href":"https:\/\/www.cy-package.com\/pt\/wp-json\/wp\/v2\/product"}],"about":[{"href":"https:\/\/www.cy-package.com\/pt\/wp-json\/wp\/v2\/types\/product"}],"replies":[{"embeddable":true,"href":"https:\/\/www.cy-package.com\/pt\/wp-json\/wp\/v2\/comments?post=1434"}],"version-history":[{"count":1,"href":"https:\/\/www.cy-package.com\/pt\/wp-json\/wp\/v2\/product\/1434\/revisions"}],"predecessor-version":[{"id":1438,"href":"https:\/\/www.cy-package.com\/pt\/wp-json\/wp\/v2\/product\/1434\/revisions\/1438"}],"wp:featuredmedia":[{"embeddable":true,"href":"https:\/\/www.cy-package.com\/pt\/wp-json\/wp\/v2\/media\/1441"}],"wp:attachment":[{"href":"https:\/\/www.cy-package.com\/pt\/wp-json\/wp\/v2\/media?parent=1434"}],"wp:term":[{"taxonomy":"product_brand","embeddable":true,"href":"https:\/\/www.cy-package.com\/pt\/wp-json\/wp\/v2\/product_brand?post=1434"},{"taxonomy":"product_cat","embeddable":true,"href":"https:\/\/www.cy-package.com\/pt\/wp-json\/wp\/v2\/product_cat?post=1434"},{"taxonomy":"product_tag","embeddable":true,"href":"https:\/\/www.cy-package.com\/pt\/wp-json\/wp\/v2\/product_tag?post=1434"}],"curies":[{"name":"wp","href":"https:\/\/api.w.org\/{rel}","templated":true}]}}