{"id":1443,"date":"2025-02-18T14:16:39","date_gmt":"2025-02-18T06:16:39","guid":{"rendered":"https:\/\/www.cy-package.com\/?post_type=product&#038;p=1443"},"modified":"2025-12-30T16:38:25","modified_gmt":"2025-12-30T08:38:25","slug":"sacos-plasticos-para-embalagem-de-alimentos-com-fundo-plano-10","status":"publish","type":"product","link":"https:\/\/www.cy-package.com\/pt\/produto\/sacos-plasticos-para-embalagem-de-alimentos-com-fundo-plano-10\/","title":{"rendered":"Sacos de p\u00e9 para biscoitos Bolsas de p\u00e9 flex\u00edveis por atacado com orif\u00edcio para pendurar"},"content":{"rendered":"<p><strong style=\"font-family: var(--global-body-font-family);\">Par\u00e2metros do produto<\/strong><\/p>\n<table style=\"border-collapse: collapse; width: 100%; height: 177px;\">\n<tbody>\n<tr style=\"height: 30px;\">\n<td style=\"width: 19.8374%; height: 30px;\">Material:<\/td>\n<td style=\"width: 80.1626%; height: 30px;\">PET\/AL\/PE, PET\/EVOH\/PE, MOPP\/AL\/PE, etc.<\/td>\n<\/tr>\n<tr style=\"height: 30px;\">\n<td style=\"width: 19.8374%; height: 30px;\">Tipo de tinta:<\/td>\n<td style=\"width: 80.1626%; height: 30px;\">Tinta de soja de qualidade alimentar ecol\u00f3gica<\/td>\n<\/tr>\n<tr style=\"height: 30px;\">\n<td style=\"width: 19.8374%; height: 30px;\">Aplicativo:<\/td>\n<td style=\"width: 80.1626%; height: 30px;\">Biscoitos e produtos de padaria \/ Sa\u00fade e bem-estar \/ Caf\u00e9 \/ Alimentos para animais de estima\u00e7\u00e3o \/ Ch\u00e1 \/ Snack \/ Frutos secos \/ Prote\u00edna de soro de leite \/ Doces \/ Sementes, etc.<\/td>\n<\/tr>\n<tr style=\"height: 30px;\">\n<td style=\"width: 19.8374%; height: 30px;\">Op\u00e7\u00f5es de estilo:<\/td>\n<td style=\"width: 80.1626%; height: 30px;\">Plano, de p\u00e9, com refor\u00e7o lateral, com fecho de correr, com\/sem janela, com orif\u00edcio para o euro, etc.<\/td>\n<\/tr>\n<tr style=\"height: 57px;\">\n<td style=\"width: 19.8374%; height: 57px;\">Controle de qualidade:<\/td>\n<td style=\"width: 80.1626%; height: 57px;\">Equipamentos avan\u00e7ados e equipe de controle de qualidade experiente verificar\u00e3o o material, os produtos semiacabados e acabados rigorosamente em todas as etapas antes do envio.<\/td>\n<\/tr>\n<\/tbody>\n<\/table>\n<p><img fetchpriority=\"high\" decoding=\"async\" class=\"aligncenter wp-image-1390\" src=\"https:\/\/www.cy-package.com\/wp-content\/uploads\/2024\/12\/cookies-doypack.png\" alt=\"cookies doypack\" width=\"520\" height=\"338\" srcset=\"https:\/\/www.cy-package.com\/wp-content\/uploads\/2024\/12\/cookies-doypack.png 5436w, https:\/\/www.cy-package.com\/wp-content\/uploads\/2024\/12\/cookies-doypack-300x195.png 300w, https:\/\/www.cy-package.com\/wp-content\/uploads\/2024\/12\/cookies-doypack-1024x665.png 1024w, https:\/\/www.cy-package.com\/wp-content\/uploads\/2024\/12\/cookies-doypack-768x499.png 768w, https:\/\/www.cy-package.com\/wp-content\/uploads\/2024\/12\/cookies-doypack-1536x998.png 1536w, https:\/\/www.cy-package.com\/wp-content\/uploads\/2024\/12\/cookies-doypack-2048x1331.png 2048w, https:\/\/www.cy-package.com\/wp-content\/uploads\/2024\/12\/cookies-doypack-18x12.png 18w, https:\/\/www.cy-package.com\/wp-content\/uploads\/2024\/12\/cookies-doypack-800x520.png 800w\" sizes=\"(max-width: 520px) 100vw, 520px\" \/><\/p>\n<p>Os sacos de p\u00e9 para biscoitos s\u00e3o uma excelente op\u00e7\u00e3o de embalagem que combina funcionalidade e apelo visual. S\u00e3o normalmente fabricados em materiais como PE ou PP, que proporcionam uma barreira contra a humidade e o oxig\u00e9nio, ajudando a manter os biscoitos frescos.<\/p>\n<p>Muitos sacos de p\u00e9 para bolachas v\u00eam com um fecho de correr que pode ser fechado novamente, facilitando aos consumidores a abertura e o fecho da embalagem, mantendo a frescura. Os stand up pouches com orif\u00edcio para pendurar ficam em p\u00e9 e destacam-se nas prateleiras. Alguns modelos incluem uma janela transparente que permite aos clientes ver as bolachas no interior, aumentando o atrativo visual. Estes sacos podem ser impressos com desenhos vibrantes, marcas e informa\u00e7\u00e3o nutricional, tornando-os atractivos nas prateleiras.<\/p>","protected":false},"excerpt":{"rendered":"<p class=\"wui-p-v-4\"><span class=\"wui-text-color-accents wui-text-weight-bold\">Marca:<\/span> <span class=\"wui-text-color-primary\">PACOTE CY<\/span><\/p>\n<p class=\"wui-p-v-4\"><span class=\"wui-text-color-accents wui-text-weight-bold\">Origem do produto:<\/span> <span class=\"wui-text-color-primary\">China<\/span><\/p>\n<p class=\"wui-p-v-4\"><span class=\"wui-text-color-accents wui-text-weight-bold\">Prazo de entrega:<\/span> <span class=\"wui-text-color-primary\">20 dias de prazo de entrega<\/span><\/p>\n<p class=\"wui-p-v-4\"><span class=\"wui-text-color-accents wui-text-weight-bold\">Capacidade de fornecimento:<\/span> <span class=\"wui-text-color-primary\">1200 toneladas\/m\u00eas<\/span><\/p>\n<p>Os sacos flex\u00edveis certificados para venda por grosso s\u00e3o adequados para embalagens de produtos alimentares e n\u00e3o alimentares, tamb\u00e9m dispon\u00edveis em materiais recicl\u00e1veis<br \/>\nEmbalagem inteiramente fabricada e impressa na China Ampla \u00e1rea de impress\u00e3o, incluindo a parte inferior da bolsa, para maior atratividade A folha de alum\u00ednio no interior dos sacos de p\u00e9 para bolachas manter\u00e1 o tempo de prateleira mais longo.<\/p>","protected":false},"featured_media":1445,"comment_status":"open","ping_status":"closed","template":"","meta":{"_seopress_robots_primary_cat":"none","_seopress_titles_title":"Stand Up Bags for Biscuit Standing Pouches with Hanging Hole","_seopress_titles_desc":"CY PACK is a flexible packaging manufacture in China. Packaging pouch bags suitable for food, daily chemicals and other industries.","_seopress_robots_index":"","_monsterinsights_skip_tracking":false,"_monsterinsights_sitenote_active":false,"_monsterinsights_sitenote_note":"","_monsterinsights_sitenote_category":0,"_kad_post_transparent":"default","_kad_post_title":"","_kad_post_layout":"default","_kad_post_sidebar_id":"","_kad_post_content_style":"default","_kad_post_vertical_padding":"default","_kad_post_feature":"","_kad_post_feature_position":"","_kad_post_header":false,"_kad_post_footer":false},"product_brand":[],"product_cat":[49],"product_tag":[],"class_list":{"0":"post-1443","1":"product","2":"type-product","3":"status-publish","4":"has-post-thumbnail","6":"product_cat-cookies-bakery-product-packaging","8":"first","9":"instock","10":"shipping-taxable","11":"product-type-simple","12":"entry","13":"content-bg","14":"loop-entry"},"_links":{"self":[{"href":"https:\/\/www.cy-package.com\/pt\/wp-json\/wp\/v2\/product\/1443","targetHints":{"allow":["GET"]}}],"collection":[{"href":"https:\/\/www.cy-package.com\/pt\/wp-json\/wp\/v2\/product"}],"about":[{"href":"https:\/\/www.cy-package.com\/pt\/wp-json\/wp\/v2\/types\/product"}],"replies":[{"embeddable":true,"href":"https:\/\/www.cy-package.com\/pt\/wp-json\/wp\/v2\/comments?post=1443"}],"version-history":[{"count":1,"href":"https:\/\/www.cy-package.com\/pt\/wp-json\/wp\/v2\/product\/1443\/revisions"}],"predecessor-version":[{"id":1446,"href":"https:\/\/www.cy-package.com\/pt\/wp-json\/wp\/v2\/product\/1443\/revisions\/1446"}],"wp:featuredmedia":[{"embeddable":true,"href":"https:\/\/www.cy-package.com\/pt\/wp-json\/wp\/v2\/media\/1445"}],"wp:attachment":[{"href":"https:\/\/www.cy-package.com\/pt\/wp-json\/wp\/v2\/media?parent=1443"}],"wp:term":[{"taxonomy":"product_brand","embeddable":true,"href":"https:\/\/www.cy-package.com\/pt\/wp-json\/wp\/v2\/product_brand?post=1443"},{"taxonomy":"product_cat","embeddable":true,"href":"https:\/\/www.cy-package.com\/pt\/wp-json\/wp\/v2\/product_cat?post=1443"},{"taxonomy":"product_tag","embeddable":true,"href":"https:\/\/www.cy-package.com\/pt\/wp-json\/wp\/v2\/product_tag?post=1443"}],"curies":[{"name":"wp","href":"https:\/\/api.w.org\/{rel}","templated":true}]}}