{"id":1563,"date":"2025-03-31T11:29:16","date_gmt":"2025-03-31T03:29:16","guid":{"rendered":"https:\/\/www.cy-package.com\/?post_type=product&#038;p=1563"},"modified":"2025-12-30T16:31:36","modified_gmt":"2025-12-30T08:31:36","slug":"sacos-plasticos-para-embalagem-de-alimentos-com-fundo-plano-14","status":"publish","type":"product","link":"https:\/\/www.cy-package.com\/pt\/produto\/sacos-plasticos-para-embalagem-de-alimentos-com-fundo-plano-14\/","title":{"rendered":"Embalagens de chocolate personalizadas Fornecedores de embalagens de confeitaria"},"content":{"rendered":"<p><strong style=\"font-family: var(--global-body-font-family);\">Par\u00e2metros do produto<\/strong><\/p>\n<table style=\"border-collapse: collapse; width: 100%; height: 177px;\">\n<tbody>\n<tr style=\"height: 30px;\">\n<td style=\"width: 19.8374%; height: 30px;\">Material:<\/td>\n<td style=\"width: 80.1626%; height: 30px;\">PET+VMPET+PE, BOPP+papel kraft+VMPET+PE, etc<\/td>\n<\/tr>\n<tr style=\"height: 30px;\">\n<td style=\"width: 19.8374%; height: 30px;\">Tipo de tinta:<\/td>\n<td style=\"width: 80.1626%; height: 30px;\">Tinta de soja de qualidade alimentar ecol\u00f3gica<\/td>\n<\/tr>\n<tr style=\"height: 30px;\">\n<td style=\"width: 19.8374%; height: 30px;\">Aplicativo:<\/td>\n<td style=\"width: 80.1626%; height: 30px;\">Confeitaria \/Alimentos \/ Caf\u00e9 \/ Alimentos para animais de estima\u00e7\u00e3o \/ Ch\u00e1 \/ Snack \/ Nozes \/ Prote\u00edna de soro de leite \/ Sementes, etc.<\/td>\n<\/tr>\n<tr style=\"height: 30px;\">\n<td style=\"width: 19.8374%; height: 30px;\">Op\u00e7\u00f5es de estilo:<\/td>\n<td style=\"width: 80.1626%; height: 30px;\">Fundo plano, vertical, refor\u00e7o lateral, z\u00edper na parte superior, com\/sem janela, furo europeu, etc.<\/td>\n<\/tr>\n<tr style=\"height: 57px;\">\n<td style=\"width: 19.8374%; height: 57px;\">Controle de qualidade:<\/td>\n<td style=\"width: 80.1626%; height: 57px;\">Equipamentos avan\u00e7ados e equipe de controle de qualidade experiente verificar\u00e3o o material, os produtos semiacabados e acabados rigorosamente em todas as etapas antes do envio.<\/td>\n<\/tr>\n<\/tbody>\n<\/table>\n<p><img fetchpriority=\"high\" decoding=\"async\" class=\"aligncenter\" src=\"https:\/\/www.cy-package.com\/wp-content\/uploads\/2024\/12\/16-1.jpg\" alt=\"fornecedores de embalagens para confeitaria\" width=\"508\" height=\"368\" \/><br \/>\nfornecedores de embalagens para confeitaria<\/p>\n<p>&nbsp;<\/p>\n<p>&nbsp;<\/p>\n<p>O saco de embalagem para produtos de confeitaria pode proteger os produtos. Pode prevenir eficazmente os doces de chocolate de contamina\u00e7\u00e3o externa, mantendo-os frescos e higi\u00e9nicos. Quando o logotipo de impress\u00e3o colorido personalizado no saco de embalagem de chococate, pode melhorar a est\u00e9tica. O design requintado da embalagem pode atrair a aten\u00e7\u00e3o dos consumidores e aumentar a atratividade dos produtos.<\/p>\n<p style=\"text-align: center;\">","protected":false},"excerpt":{"rendered":"<p class=\"wui-p-v-4\"><span class=\"wui-text-color-accents wui-text-weight-bold\">Marca:<\/span> <span class=\"wui-text-color-primary\">PACOTE CY<\/span><\/p>\n<p class=\"wui-p-v-4\"><span class=\"wui-text-color-accents wui-text-weight-bold\">Origem do produto:<\/span> <span class=\"wui-text-color-primary\">China<\/span><\/p>\n<p class=\"wui-p-v-4\"><span class=\"wui-text-color-accents wui-text-weight-bold\">Prazo de entrega:<\/span> <span class=\"wui-text-color-primary\">20 dias de prazo de entrega<\/span><\/p>\n<p class=\"wui-p-v-4\"><span class=\"wui-text-color-accents wui-text-weight-bold\">Capacidade de fornecimento:<\/span> <span class=\"wui-text-color-primary\">1200 toneladas\/m\u00eas<\/span><\/p>\n<p>1. fornecedores de embalagens de confeitaria fornecem o saco que pode fazer doces de chocolate f\u00e1cil de transportar e desfrutar a qualquer hora, em qualquer lugar.<br \/>\n2. materiais de embalagem adequados e design pode ajudar a prolongar a vida \u00fatil do chocolate e manter o seu melhor sabor. Assim, pode atrair o atacado de embalagens de confeitaria para fazer essas embalagens de chocolate personalizadas.<\/p>","protected":false},"featured_media":1566,"comment_status":"open","ping_status":"closed","template":"","meta":{"_seopress_robots_primary_cat":"none","_seopress_titles_title":"custom chocolate packaging confectionery packaging suppliers","_seopress_titles_desc":"CY PACK is a manufacture in China, accept custom confectionery flexible packaging such as printed  stand up pouches, flat bottom pouches, coffee bags,roll stock ect.-Foshan CY Packaging Co.,Ltd","_seopress_robots_index":"","_monsterinsights_skip_tracking":false,"_monsterinsights_sitenote_active":false,"_monsterinsights_sitenote_note":"","_monsterinsights_sitenote_category":0,"_kad_post_transparent":"default","_kad_post_title":"","_kad_post_layout":"default","_kad_post_sidebar_id":"","_kad_post_content_style":"default","_kad_post_vertical_padding":"default","_kad_post_feature":"","_kad_post_feature_position":"","_kad_post_header":false,"_kad_post_footer":false},"product_brand":[],"product_cat":[46,39],"product_tag":[54],"class_list":{"0":"post-1563","1":"product","2":"type-product","3":"status-publish","4":"has-post-thumbnail","6":"product_cat-confectionery-packaging-bags","7":"product_cat-stand-up-pouches","8":"product_tag-confectionery-packaging-suppliers","10":"first","11":"instock","12":"shipping-taxable","13":"product-type-simple","14":"entry","15":"content-bg","16":"loop-entry"},"_links":{"self":[{"href":"https:\/\/www.cy-package.com\/pt\/wp-json\/wp\/v2\/product\/1563","targetHints":{"allow":["GET"]}}],"collection":[{"href":"https:\/\/www.cy-package.com\/pt\/wp-json\/wp\/v2\/product"}],"about":[{"href":"https:\/\/www.cy-package.com\/pt\/wp-json\/wp\/v2\/types\/product"}],"replies":[{"embeddable":true,"href":"https:\/\/www.cy-package.com\/pt\/wp-json\/wp\/v2\/comments?post=1563"}],"version-history":[{"count":12,"href":"https:\/\/www.cy-package.com\/pt\/wp-json\/wp\/v2\/product\/1563\/revisions"}],"predecessor-version":[{"id":1579,"href":"https:\/\/www.cy-package.com\/pt\/wp-json\/wp\/v2\/product\/1563\/revisions\/1579"}],"wp:featuredmedia":[{"embeddable":true,"href":"https:\/\/www.cy-package.com\/pt\/wp-json\/wp\/v2\/media\/1566"}],"wp:attachment":[{"href":"https:\/\/www.cy-package.com\/pt\/wp-json\/wp\/v2\/media?parent=1563"}],"wp:term":[{"taxonomy":"product_brand","embeddable":true,"href":"https:\/\/www.cy-package.com\/pt\/wp-json\/wp\/v2\/product_brand?post=1563"},{"taxonomy":"product_cat","embeddable":true,"href":"https:\/\/www.cy-package.com\/pt\/wp-json\/wp\/v2\/product_cat?post=1563"},{"taxonomy":"product_tag","embeddable":true,"href":"https:\/\/www.cy-package.com\/pt\/wp-json\/wp\/v2\/product_tag?post=1563"}],"curies":[{"name":"wp","href":"https:\/\/api.w.org\/{rel}","templated":true}]}}