{"id":1584,"date":"2025-01-15T16:14:48","date_gmt":"2025-01-15T08:14:48","guid":{"rendered":"https:\/\/www.cy-package.com\/?post_type=product&#038;p=1584"},"modified":"2025-01-16T09:47:35","modified_gmt":"2025-01-16T01:47:35","slug":"sacos-de-bebidas-moldados-com-bico-2","status":"publish","type":"product","link":"https:\/\/www.cy-package.com\/pt\/produto\/sacos-de-bebidas-moldados-com-bico-2\/","title":{"rendered":"Bolsas com bico para molhos de salada"},"content":{"rendered":"<p style=\"text-align: center;\"><strong><span style=\"font-size: 18px;\">Bolsas com bico<\/span><\/strong><\/p>\n<p><span style=\"font-size: 14px;\">Bolsas com bico <\/span><span style=\"font-size: 14px; font-family: var(--global-body-font-family);\">ganharam uma enorme popularidade em todo o mundo e proporcionam uma grande comodidade, controlo de derrames e seguran\u00e7a alimentar para muitas aplica\u00e7\u00f5es (ou seja, produtos l\u00edquidos, semi-l\u00edquidos, granulados e em p\u00f3). Substituindo eficazmente a lata ou o frasco de vidro, as bolsas flex\u00edveis (sejam elas stand-up, quad ou com um simples selo de 3 lados) revolucionaram a venda a retalho de muitos produtos. A adi\u00e7\u00e3o de um bico a qualquer um destes formatos de embalagem resolve quaisquer problemas de dispensabilidade ou de possibilidade de voltar a fechar.<\/span><\/p>\n<p><span style=\"font-size: 14px;\">O custo de produ\u00e7\u00e3o das bolsas com bico \u00e9 obviamente menor do que latas, garrafas pl\u00e1sticas ou garrafas de vidro, e o custo de transporte e armazenamento \u00e9 obviamente reduzido. O desempenho de isolamento do produto \u00e9 melhor do que o da garrafa, e o produto embalado pode resfriar rapidamente e manter a temperatura baixa. Al\u00e9m disso, uma s\u00e9rie de atributos adicionais dos elementos de design, como al\u00e7as, contornos de curvas, entalhes de rasgo e furos para pendurar, etc.<\/span><\/p>\n<p>&nbsp;<\/p>\n<p><strong style=\"font-size: 18px;\">Par\u00e2metros do produto<\/strong><\/p>\n<div>\n<div class=\"nei-table\">\n<table width=\"1000\">\n<tbody>\n<tr class=\"firstRow\">\n<td colspan=\"1\" rowspan=\"1\" width=\"162\" height=\"20\">\n<div style=\"text-align: left;\">Grau do material:<\/div>\n<\/td>\n<td colspan=\"1\" rowspan=\"1\" width=\"837\" height=\"20\">\n<div>Material de qualidade alimentar<\/div>\n<\/td>\n<\/tr>\n<tr>\n<td colspan=\"1\" rowspan=\"1\" width=\"162\" height=\"20\">\n<div>Material:<\/div>\n<\/td>\n<td colspan=\"1\" rowspan=\"1\" width=\"837\" height=\"20\">\n<div>PET+VMPET+PE, BOPP+Papel Kraft+VMPET+PE, etc.<\/div>\n<\/td>\n<\/tr>\n<tr>\n<td colspan=\"1\" rowspan=\"1\" width=\"162\" height=\"20\">\n<div>Recurso :<\/div>\n<\/td>\n<td colspan=\"1\" rowspan=\"1\" width=\"837\" height=\"20\">\n<div>\n<p>1).Material de qualidade alimentar de seguran\u00e7a e impress\u00e3o perfeita<\/p>\n<div data-spm-anchor-id=\"a2700.pc-decorate.0.i62.50563333vYoKlh\">2). \u00d3timo para evitar vazamentos, excelente \u00e0 prova de umidade<\/div>\n<div data-spm-anchor-id=\"a2700.pc-decorate.0.i62.50563333vYoKlh\">3). Fundo de veda\u00e7\u00e3o forte e Ziplock dur\u00e1vel<\/div>\n<\/div>\n<\/td>\n<\/tr>\n<tr>\n<td colspan=\"1\" rowspan=\"1\" width=\"162\" height=\"20\">\n<div>Tamanho e espessura:<\/div>\n<\/td>\n<td colspan=\"1\" rowspan=\"1\" width=\"837\" height=\"20\">\n<div>Personalizado com base em sua necessidade<\/div>\n<\/td>\n<\/tr>\n<tr>\n<td colspan=\"1\" rowspan=\"1\" width=\"162\" height=\"20\">\n<div>Tipo de tinta:<\/div>\n<\/td>\n<td colspan=\"1\" rowspan=\"1\" width=\"837\" height=\"20\">\n<div>Tinta de soja de qualidade alimentar ecol\u00f3gica<\/div>\n<\/td>\n<\/tr>\n<tr>\n<td colspan=\"1\" rowspan=\"1\" width=\"162\" height=\"20\">\n<div>Capacidade:<\/div>\n<\/td>\n<td colspan=\"1\" rowspan=\"1\" width=\"837\" height=\"20\">\n<div>100g, 200g, 250g, 500g, 1000g\/1kg, 2kg, 5kg, 8oz-100oz, Personalizado<\/div>\n<\/td>\n<\/tr>\n<tr>\n<td colspan=\"1\" rowspan=\"1\" width=\"162\" height=\"20\">\n<div>Aplicativo:<\/div>\n<\/td>\n<td colspan=\"1\" rowspan=\"1\" width=\"837\" height=\"20\">\n<div>Alimentos \/ Caf\u00e9 \/ Ra\u00e7\u00e3o para animais de estima\u00e7\u00e3o \/ Ch\u00e1 \/ Lanche \/ Nozes \/ Prote\u00edna de soro de leite \/ Sementes, etc.<\/div>\n<\/td>\n<\/tr>\n<tr>\n<td colspan=\"1\" rowspan=\"1\" width=\"162\" height=\"20\">\n<div>Op\u00e7\u00f5es de estilo:<\/div>\n<\/td>\n<td colspan=\"1\" rowspan=\"1\" width=\"837\" height=\"20\">\n<div>Fundo plano, vertical, refor\u00e7o lateral, z\u00edper na parte superior, com\/sem janela, furo europeu, etc.<\/div>\n<\/td>\n<\/tr>\n<tr>\n<td colspan=\"1\" rowspan=\"1\" width=\"162\" height=\"20\">\n<div>Controle de qualidade:<\/div>\n<\/td>\n<td colspan=\"1\" rowspan=\"1\" width=\"837\" height=\"20\">\n<div data-spm-anchor-id=\"a2700.details.0.i14.1410417dX9YP5T\">Equipamentos avan\u00e7ados e equipe de controle de qualidade experiente verificar\u00e3o o material, os produtos semiacabados e acabados rigorosamente em todas as etapas antes do envio.<\/div>\n<\/td>\n<\/tr>\n<\/tbody>\n<\/table>\n<\/div>\n<p><img decoding=\"async\" title=\"Sacos de Bebidas Moldados com Bico\" src=\"https:\/\/www.cy-package.com\/2833\/2833-202205101615390419.jpg\" alt=\"Sacos de Bebidas Moldados com Bico\" \/><\/p>\n<p>&nbsp;<\/p>\n<h2><strong>Fluxos de trabalho para pr\u00e9-produ\u00e7\u00e3o:<\/strong><\/h2>\n<p>1. Forne\u00e7a-nos informa\u00e7\u00f5es detalhadas sobre a bolsa que voc\u00ea gostaria de fazer, como finalidade de uso, tamanho, arte, estrutura e espessura, etc. Se necess\u00e1rio, podemos fornecer nossas sugest\u00f5es boas e profissionais para sua escolha tamb\u00e9m.<\/p>\n<p>2. Faremos um or\u00e7amento adequado depois de obtermos todas as informa\u00e7\u00f5es sobre a bolsa.<\/p>\n<p>3. Assim que o pre\u00e7o for confirmado por ambas as partes, come\u00e7aremos a trabalhar no processamento da arte (para sua informa\u00e7\u00e3o: precisamos processar a arte em uma vers\u00e3o vi\u00e1vel para impress\u00e3o em rotogravura).<\/p>\n<p>4. Configurando o padr\u00e3o de cores.<\/p>\n<p>5. Confirme a arte e assine o contrato.<\/p>\n<p>6. Os compradores precisam pagar antecipadamente o cilindro (custo de impress\u00e3o) e o pagamento antecipado 40% do pedido.<\/p>\n<p>7. Come\u00e7aremos a produzir produtos de qualidade para voc\u00ea depois disso.<\/p>\n<p>&nbsp;<\/p>\n<p style=\"text-align: center;\"><img decoding=\"async\" title=\"Sacos de Bebidas Moldados com Bico\" src=\"https:\/\/www.cy-package.com\/2833\/2833-202205052254023652.jpg\" alt=\"Sacos de Bebidas Moldados com Bico\" \/><\/p>\n<p>&nbsp;<\/p>\n<p><span style=\"font-size: 18px;\"><strong>Perguntas frequentes<\/strong><\/span><\/p>\n<p><strong><span data-spm-anchor-id=\"a2700.details.0.i17.649a7657Tu7jaw\">P: Voc\u00eas s\u00e3o uma f\u00e1brica ou uma empresa comercial?<\/span><\/strong><br \/>\nR: Somos uma f\u00e1brica com equipamentos avan\u00e7ados e equipes de design profissionais, podendo oferecer a voc\u00ea a melhor escolha em design e capacidade.<\/p>\n<p><strong>P: Qual \u00e9 a quantidade m\u00ednima de pedido do seu produto?<\/strong><br \/>\nR: Geralmente, o MOQ para bolsas \u00e9 de 10.000 pe\u00e7as. Tamb\u00e9m aceitamos pedidos de teste de amostra para MOQ pequeno. Entre em contato conosco para discutir mais.<\/p>\n<p><strong>P: Qual \u00e9 o prazo de entrega ap\u00f3s o pedido ser feito?<\/strong><br \/>\nR: Geralmente, o prazo de entrega \u00e9 de 15 a 20 dias para novos pedidos e de 10 a 12 dias para pedidos repetidos a partir da data de confirma\u00e7\u00e3o.<\/p>\n<p><strong>P: Qual \u00e9 a sua linha de produtos?<\/strong><br \/>\nR: Nossa f\u00e1brica pode produzir a maioria dos tipos de embalagens flex\u00edveis, incluindo sacos de caf\u00e9, sacos de comida para animais de estima\u00e7\u00e3o, sacos de comida, sacos para l\u00edquidos, stand up<br \/>\nsaco, saco com z\u00edper, sacos com bico, saco com parte traseira, filme laminado para chocolate ou doces e assim por diante.<\/p>\n<p><strong>P: Quais informa\u00e7\u00f5es s\u00e3o necess\u00e1rias para obter um or\u00e7amento de um produto?<\/strong><br \/>\nR: Entre em contato conosco para nos oferecer o tamanho e os requisitos especiais que voc\u00ea deseja. Tudo pode ser personalizado e temos muitos exemplos para sua refer\u00eancia.<\/p>\n<p><strong>P: \u00c9 poss\u00edvel fornecer uma amostra?<\/strong><br \/>\nR: Sim. Para a amostra personalizada, ser\u00e1 cobrado o custo real da amostra + taxa do cilindro de impress\u00e3o, e a taxa do cilindro n\u00e3o ser\u00e1 necess\u00e1ria novamente para pedidos em grandes quantidades.<\/p>\n<\/div>","protected":false},"excerpt":{"rendered":"<p class=\"wui-p-v-4\"><span class=\"wui-text-color-accents wui-text-weight-bold\">Marca:<\/span> <span class=\"wui-text-color-primary\">PACOTE CY<\/span><\/p>\n<p class=\"wui-p-v-4\"><span class=\"wui-text-color-accents wui-text-weight-bold\">Origem do produto:<\/span> <span class=\"wui-text-color-primary\">China<\/span><\/p>\n<p class=\"wui-p-v-4\"><span class=\"wui-text-color-accents wui-text-weight-bold\">Prazo de entrega:<\/span> <span class=\"wui-text-color-primary\">25 dias de prazo de entrega<\/span><\/p>\n<p class=\"wui-p-v-4\">A bolsa com bico \u00e9 feita de pl\u00e1stico de qualidade alimentar, limpo e ins\u00edpido. O peso total \u00e9 muito leve e a tampa de rosca \u00e9 conveniente para verter ou beber diretamente. As nossas bolsas com tampa de rosca s\u00e3o f\u00e1ceis de transportar e suportam rotulagem e marca\u00e7\u00e3o, para que possam ser encontradas de imediato. A boa veda\u00e7\u00e3o permite-lhe coloc\u00e1-las na sua mala quando sai.<br \/>\nA bolsa de bico de p\u00e9 suporta o carregamento de v\u00e1rias bebidas, como \u00e1gua, sumo de fruta, sumo de vegetais, ch\u00e1 de ervas, compota, leite de soja, etc. Tamb\u00e9m \u00e9 poss\u00edvel utilizar \u00f3leo ou molho para cozinhar.<\/p>","protected":false},"featured_media":1585,"comment_status":"open","ping_status":"closed","template":"","meta":{"_seopress_robots_primary_cat":"none","_seopress_titles_title":"Stand up Spouted Pouches for Salad Dressing","_seopress_titles_desc":"Spout pouch for salad dressing or pre-prepared dishes- Manufacturers and Factory. We accept OEMcustom products all made in China.","_seopress_robots_index":"","_monsterinsights_skip_tracking":false,"_monsterinsights_sitenote_active":false,"_monsterinsights_sitenote_note":"","_monsterinsights_sitenote_category":0,"_kad_post_transparent":"default","_kad_post_title":"","_kad_post_layout":"default","_kad_post_sidebar_id":"","_kad_post_content_style":"default","_kad_post_vertical_padding":"default","_kad_post_feature":"","_kad_post_feature_position":"","_kad_post_header":false,"_kad_post_footer":false},"product_brand":[],"product_cat":[26],"product_tag":[],"class_list":{"0":"post-1584","1":"product","2":"type-product","3":"status-publish","4":"has-post-thumbnail","6":"product_cat-spout-pouches","8":"first","9":"instock","10":"shipping-taxable","11":"product-type-simple","12":"entry","13":"content-bg","14":"loop-entry"},"_links":{"self":[{"href":"https:\/\/www.cy-package.com\/pt\/wp-json\/wp\/v2\/product\/1584","targetHints":{"allow":["GET"]}}],"collection":[{"href":"https:\/\/www.cy-package.com\/pt\/wp-json\/wp\/v2\/product"}],"about":[{"href":"https:\/\/www.cy-package.com\/pt\/wp-json\/wp\/v2\/types\/product"}],"replies":[{"embeddable":true,"href":"https:\/\/www.cy-package.com\/pt\/wp-json\/wp\/v2\/comments?post=1584"}],"version-history":[{"count":2,"href":"https:\/\/www.cy-package.com\/pt\/wp-json\/wp\/v2\/product\/1584\/revisions"}],"predecessor-version":[{"id":1589,"href":"https:\/\/www.cy-package.com\/pt\/wp-json\/wp\/v2\/product\/1584\/revisions\/1589"}],"wp:featuredmedia":[{"embeddable":true,"href":"https:\/\/www.cy-package.com\/pt\/wp-json\/wp\/v2\/media\/1585"}],"wp:attachment":[{"href":"https:\/\/www.cy-package.com\/pt\/wp-json\/wp\/v2\/media?parent=1584"}],"wp:term":[{"taxonomy":"product_brand","embeddable":true,"href":"https:\/\/www.cy-package.com\/pt\/wp-json\/wp\/v2\/product_brand?post=1584"},{"taxonomy":"product_cat","embeddable":true,"href":"https:\/\/www.cy-package.com\/pt\/wp-json\/wp\/v2\/product_cat?post=1584"},{"taxonomy":"product_tag","embeddable":true,"href":"https:\/\/www.cy-package.com\/pt\/wp-json\/wp\/v2\/product_tag?post=1584"}],"curies":[{"name":"wp","href":"https:\/\/api.w.org\/{rel}","templated":true}]}}