{"id":1590,"date":"2025-07-04T14:58:59","date_gmt":"2025-07-04T06:58:59","guid":{"rendered":"https:\/\/www.cy-package.com\/?post_type=product&#038;p=1590"},"modified":"2026-01-15T17:19:48","modified_gmt":"2026-01-15T09:19:48","slug":"spouted-pouches-for-plant-nutrient-solution","status":"publish","type":"product","link":"https:\/\/www.cy-package.com\/pt\/produto\/spouted-pouches-for-plant-nutrient-solution\/","title":{"rendered":"Flexible Plastic Spouted Pouches for Plant Nutrient Solution"},"content":{"rendered":"<h2><span style=\"font-size: 24px;\">Flexible Plastic Spouted Pouches for Plant Nutrient Solution<\/span><\/h2>\n<p>This soft plastic spout bag with a handle is an ideal environmentally friendly packaging choice for plant nutrient solution. It uses the &#8220;thin wall&#8221; characteristics of soft plastic to provide the required packaging functions with the least amount of plastic, achieving the dual goals of significant resource conservation (environmental protection) and cost reduction. At the same time, its handle design greatly improves the portability and convenience of consumer use, and is a typical representative of modern packaging pursuing lightweight, sustainable and improved user experience. For brands that focus on environmental protection and cost-effectiveness, it is a very attractive packaging solution.<\/p>\n<p><strong><span style=\"font-size: 20px;\">Spouted Pouches Type as bellow<\/span><\/strong><\/p>\n<div>\n<p><img decoding=\"async\" class=\"aligncenter\" title=\"Sacos de Bebidas Moldados com Bico\" src=\"https:\/\/www.cy-package.com\/2833\/2833-202205101615390419.jpg\" alt=\"Sacos de Bebidas Moldados com Bico\" \/><\/p>\n<p>&nbsp;<\/p>\n<h3><span style=\"font-size: 20px;\"><strong>Fluxos de trabalho para pr\u00e9-produ\u00e7\u00e3o:<\/strong><\/span><\/h3>\n<p>1. Forne\u00e7a-nos informa\u00e7\u00f5es detalhadas sobre a bolsa que voc\u00ea gostaria de fazer, como finalidade de uso, tamanho, arte, estrutura e espessura, etc. Se necess\u00e1rio, podemos fornecer nossas sugest\u00f5es boas e profissionais para sua escolha tamb\u00e9m.<\/p>\n<p>2. Faremos um or\u00e7amento adequado depois de obtermos todas as informa\u00e7\u00f5es sobre a bolsa.<\/p>\n<p>3. Assim que o pre\u00e7o for confirmado por ambas as partes, come\u00e7aremos a trabalhar no processamento da arte (para sua informa\u00e7\u00e3o: precisamos processar a arte em uma vers\u00e3o vi\u00e1vel para impress\u00e3o em rotogravura).<\/p>\n<p>4. Configurando o padr\u00e3o de cores.<\/p>\n<p>5. Confirme a arte e assine o contrato.<\/p>\n<p>6. Os compradores precisam pagar antecipadamente o cilindro (custo de impress\u00e3o) e o pagamento antecipado 40% do pedido.<\/p>\n<p>7. Come\u00e7aremos a produzir produtos de qualidade para voc\u00ea depois disso.<\/p>\n<p>&nbsp;<\/p>\n<p style=\"text-align: center;\"><img decoding=\"async\" title=\"Sacos de Bebidas Moldados com Bico\" src=\"https:\/\/www.cy-package.com\/2833\/2833-202205052254023652.jpg\" alt=\"Sacos de Bebidas Moldados com Bico\" \/><\/p>\n<p>&nbsp;<\/p>\n<h4><span style=\"font-size: 18px;\"><strong>Perguntas frequentes<\/strong><\/span><\/h4>\n<p><strong><span data-spm-anchor-id=\"a2700.details.0.i17.649a7657Tu7jaw\">P: Voc\u00eas s\u00e3o uma f\u00e1brica ou uma empresa comercial?<\/span><\/strong><br \/>\nR: Somos uma f\u00e1brica com equipamentos avan\u00e7ados e equipes de design profissionais, podendo oferecer a voc\u00ea a melhor escolha em design e capacidade.<\/p>\n<p><strong>P: Qual \u00e9 a quantidade m\u00ednima de pedido do seu produto?<\/strong><br \/>\nR: Geralmente, o MOQ para bolsas \u00e9 de 10.000 pe\u00e7as. Tamb\u00e9m aceitamos pedidos de teste de amostra para MOQ pequeno. Entre em contato conosco para discutir mais.<\/p>\n<p><strong>P: Qual \u00e9 o prazo de entrega ap\u00f3s o pedido ser feito?<\/strong><br \/>\nR: Geralmente, o prazo de entrega \u00e9 de 15 a 20 dias para novos pedidos e de 10 a 12 dias para pedidos repetidos a partir da data de confirma\u00e7\u00e3o.<\/p>\n<p><strong>P: Qual \u00e9 a sua linha de produtos?<\/strong><br \/>\nR: Nossa f\u00e1brica pode produzir a maioria dos tipos de embalagens flex\u00edveis, incluindo sacos de caf\u00e9, sacos de comida para animais de estima\u00e7\u00e3o, sacos de comida, sacos para l\u00edquidos, stand up<br \/>\nsaco, saco com z\u00edper, sacos com bico, saco com parte traseira, filme laminado para chocolate ou doces e assim por diante.<\/p>\n<p><strong>P: Quais informa\u00e7\u00f5es s\u00e3o necess\u00e1rias para obter um or\u00e7amento de um produto?<\/strong><br \/>\nR: Entre em contato conosco para nos oferecer o tamanho e os requisitos especiais que voc\u00ea deseja. Tudo pode ser personalizado e temos muitos exemplos para sua refer\u00eancia.<\/p>\n<p><strong>P: \u00c9 poss\u00edvel fornecer uma amostra?<\/strong><br \/>\nR: Sim. Para a amostra personalizada, ser\u00e1 cobrado o custo real da amostra + taxa do cilindro de impress\u00e3o, e a taxa do cilindro n\u00e3o ser\u00e1 necess\u00e1ria novamente para pedidos em grandes quantidades.<\/p>\n<\/div>","protected":false},"excerpt":{"rendered":"<p class=\"wui-p-v-4\"><span class=\"wui-text-color-accents wui-text-weight-bold\">Marca:<\/span> <span class=\"wui-text-color-primary\">PACOTE CY<\/span><\/p>\n<p class=\"wui-p-v-4\"><span class=\"wui-text-color-accents wui-text-weight-bold\">Origem do produto:<\/span> <span class=\"wui-text-color-primary\">China<\/span><\/p>\n<p class=\"wui-p-v-4\"><span class=\"wui-text-color-accents wui-text-weight-bold\">Prazo de entrega:<\/span> <span class=\"wui-text-color-primary\">25 dias de prazo de entrega<\/span><\/p>\n<p class=\"wui-p-v-4\">The spouted pouch is made of food grade plastic, clean and tasteless. The overall weight is very light, and the screw cap is convenient for pouring or drinking directly.<\/p>","protected":false},"featured_media":2034,"comment_status":"open","ping_status":"closed","template":"","meta":{"_seopress_robots_primary_cat":"none","_seopress_titles_title":"Flexible Plastic Spouted Pouches for Plant Nutrient Solution","_seopress_titles_desc":"Good quality and competitive price spouted pouches for plant nutrient solution- manufacturers and factory in China.","_seopress_robots_index":"","_monsterinsights_skip_tracking":false,"_monsterinsights_sitenote_active":false,"_monsterinsights_sitenote_note":"","_monsterinsights_sitenote_category":0,"_kad_post_transparent":"default","_kad_post_title":"","_kad_post_layout":"default","_kad_post_sidebar_id":"","_kad_post_content_style":"default","_kad_post_vertical_padding":"default","_kad_post_feature":"","_kad_post_feature_position":"","_kad_post_header":false,"_kad_post_footer":false},"product_brand":[],"product_cat":[26],"product_tag":[],"class_list":{"0":"post-1590","1":"product","2":"type-product","3":"status-publish","4":"has-post-thumbnail","6":"product_cat-spout-pouches","8":"first","9":"instock","10":"shipping-taxable","11":"product-type-simple","12":"entry","13":"content-bg","14":"loop-entry"},"_links":{"self":[{"href":"https:\/\/www.cy-package.com\/pt\/wp-json\/wp\/v2\/product\/1590","targetHints":{"allow":["GET"]}}],"collection":[{"href":"https:\/\/www.cy-package.com\/pt\/wp-json\/wp\/v2\/product"}],"about":[{"href":"https:\/\/www.cy-package.com\/pt\/wp-json\/wp\/v2\/types\/product"}],"replies":[{"embeddable":true,"href":"https:\/\/www.cy-package.com\/pt\/wp-json\/wp\/v2\/comments?post=1590"}],"version-history":[{"count":3,"href":"https:\/\/www.cy-package.com\/pt\/wp-json\/wp\/v2\/product\/1590\/revisions"}],"predecessor-version":[{"id":2346,"href":"https:\/\/www.cy-package.com\/pt\/wp-json\/wp\/v2\/product\/1590\/revisions\/2346"}],"wp:featuredmedia":[{"embeddable":true,"href":"https:\/\/www.cy-package.com\/pt\/wp-json\/wp\/v2\/media\/2034"}],"wp:attachment":[{"href":"https:\/\/www.cy-package.com\/pt\/wp-json\/wp\/v2\/media?parent=1590"}],"wp:term":[{"taxonomy":"product_brand","embeddable":true,"href":"https:\/\/www.cy-package.com\/pt\/wp-json\/wp\/v2\/product_brand?post=1590"},{"taxonomy":"product_cat","embeddable":true,"href":"https:\/\/www.cy-package.com\/pt\/wp-json\/wp\/v2\/product_cat?post=1590"},{"taxonomy":"product_tag","embeddable":true,"href":"https:\/\/www.cy-package.com\/pt\/wp-json\/wp\/v2\/product_tag?post=1590"}],"curies":[{"name":"wp","href":"https:\/\/api.w.org\/{rel}","templated":true}]}}