{"id":1592,"date":"2025-01-21T16:35:57","date_gmt":"2025-01-21T08:35:57","guid":{"rendered":"https:\/\/www.cy-package.com\/?post_type=product&#038;p=1592"},"modified":"2025-03-06T17:49:32","modified_gmt":"2025-03-06T09:49:32","slug":"sacos-plasticos-para-embalagem-de-alimentos-com-fundo-plano-15","status":"publish","type":"product","link":"https:\/\/www.cy-package.com\/pt\/produto\/sacos-plasticos-para-embalagem-de-alimentos-com-fundo-plano-15\/","title":{"rendered":"Sacos de embalagem de folha de alum\u00ednio com material de qualidade alimentar"},"content":{"rendered":"<hr \/>\n<p><strong style=\"font-family: var(--global-body-font-family);\">Par\u00e2metros do produto<\/strong><\/p>\n<table style=\"border-collapse: collapse; width: 100%;\">\n<tbody>\n<tr>\n<td style=\"width: 19.8374%;\">Material:<\/td>\n<td style=\"width: 80.1626%;\">PET+VMPET+PE, BOPP+papel kraft+VMPET+PE, etc<\/td>\n<\/tr>\n<tr>\n<td style=\"width: 19.8374%;\">Tipo de tinta:<\/td>\n<td style=\"width: 80.1626%;\">Tinta de soja de qualidade alimentar ecol\u00f3gica<\/td>\n<\/tr>\n<tr>\n<td style=\"width: 19.8374%;\">Aplicativo:<\/td>\n<td style=\"width: 80.1626%;\">Alimentos \/ Caf\u00e9 \/ Ra\u00e7\u00e3o para animais de estima\u00e7\u00e3o \/ Ch\u00e1 \/ Lanche \/ Nozes \/ Prote\u00edna de soro de leite \/ Sementes, etc.<\/td>\n<\/tr>\n<tr>\n<td style=\"width: 19.8374%;\">Op\u00e7\u00f5es de estilo:<\/td>\n<td style=\"width: 80.1626%;\">Fundo plano, vertical, refor\u00e7o lateral, z\u00edper na parte superior, com\/sem janela, furo europeu, etc.<\/td>\n<\/tr>\n<tr>\n<td style=\"width: 19.8374%;\">Controle de qualidade:<\/td>\n<td style=\"width: 80.1626%;\">Equipamentos avan\u00e7ados e equipe de controle de qualidade experiente verificar\u00e3o o material, os produtos semiacabados e acabados rigorosamente em todas as etapas antes do envio.<\/td>\n<\/tr>\n<\/tbody>\n<\/table>\n<p><img fetchpriority=\"high\" decoding=\"async\" class=\"aligncenter\" src=\"https:\/\/www.cy-package.com\/wp-content\/uploads\/2025\/01\/15.jpg\" alt=\"sacos de folha de alum\u00ednio\" width=\"370\" height=\"370\" \/><\/p>\n<p>Se procura sacos de embalagem de alimentos para caf\u00e9, ch\u00e1 ou alguns produtos herm\u00e9ticos e de elevada resist\u00eancia \u00e0 perfura\u00e7\u00e3o, os sacos de folha de alum\u00ednio devem ser a melhor escolha.Nossos sacos de folha de alum\u00ednio geralmente s\u00e3o feitos com 3 ou 4 camadas de material de alta resist\u00eancia, normalmente ter\u00e1 uma camada de folha de alum\u00ednio ou filme metalizado no meio para manter os produtos fora do alcance do sol ou da luz direta, isso manter\u00e1 os produtos com prateleira mais longa e ter\u00e1 propriedades de barreira mais altas.AL \u00e9 a barreira de ultra-alta qualidade e material de resist\u00eancia em produtos de bolsa, dados como abaixo: Taxa de tr\u00e2nsito de oxig\u00eanio &lt;0,5 cc \/ \u33a1.24h.0.1mpa;Taxa de tr\u00e2nsito de vapor de umidade &lt;0,1 g\/\u33a1.24h;Enquanto todas as barreiras de outros filmes s\u00e3o pelo menos 5-50 vezes mais fracas do que o pr\u00f3prio AL. Mesmo sem usar alum\u00ednio puro, tamb\u00e9m temos materiais de revestimento de alum\u00ednio, como PETAL, CPPAL, BOPPAL, ou algum outro filme como ALOx-PET, ALOx-BOPP, etc. Estes materiais n\u00e3o s\u00e3o de alum\u00ednio puro, mas o revestimento com alum\u00ednio aumenta significativamente a barreira e prolonga o prazo de validade e a propriedade de barreira. Al\u00e9m disso, a AL provou ser a \u00fanica pel\u00edcula 100% \u00e0 prova de luz do que todas as outras pel\u00edculas, tais como papel kraft, pel\u00edcula opaca, pel\u00edcula de revestimento, etc. Para saber mais sobre Sacos de folha de alum\u00ednio, entre em contacto connosco.<\/p>\n<p>sacos de folha de alum\u00ednio<\/p>\n<h2><strong>\u00a0<\/strong><\/h2>\n<h2><strong>\u00a0<\/strong><\/h2>\n<h2><strong>\u00a0<\/strong><\/h2>\n<h2><strong>Porqu\u00ea CY PACK<\/strong><\/h2>\n<hr \/>\n<p>CY PACK \u00e9 um fabricante de confian\u00e7a que pode ajud\u00e1-lo a personalizar embalagens flex\u00edveis impressas zipper stand up pouches.CY PACK tem estas vantagens:<\/p>\n<p>\u2606 Materiais de alta qualidade: A CY PACK utiliza materiais ecol\u00f3gicos de alta qualidade para garantir que os produtos s\u00e3o seguros e duradouros.<\/p>\n<p>\u2606 Personaliza\u00e7\u00e3o profissional: Fornecer servi\u00e7os de design personalizados para atender \u00e0s suas necessidades exclusivas.<\/p>\n<p>\u2606 Tecnologia avan\u00e7ada: CY PACK Utiliza tecnologia de impress\u00e3o moderna para garantir cores brilhantes e padr\u00f5es claros.<\/p>\n<p>\u2606 Excelente servi\u00e7o: A equipa profissional CY PACK fornece suporte completo para garantir a sua experi\u00eancia satisfat\u00f3ria.<\/p>\n<p>\u2606 Fabricante de origem:Reduzir os seus custos de funcionamento a partir da origem<\/p>\n<p>\u2606 Controlo de qualidade: Problemas de qualidade, indemniza\u00e7\u00e3o ou refazer.<\/p>\n<p style=\"text-align: center;\">","protected":false},"excerpt":{"rendered":"<p class=\"wui-p-v-4\"><span class=\"wui-text-color-accents wui-text-weight-bold\">Marca:<\/span> <span class=\"wui-text-color-primary\">PACOTE CY<\/span><\/p>\n<p class=\"wui-p-v-4\"><span class=\"wui-text-color-accents wui-text-weight-bold\">Origem do produto:<\/span> <span class=\"wui-text-color-primary\">China<\/span><\/p>\n<p class=\"wui-p-v-4\"><span class=\"wui-text-color-accents wui-text-weight-bold\">Prazo de entrega:<\/span> 3<span class=\"wui-text-color-primary\">0 dias de prazo de entrega<\/span><\/p>\n<p>Os sacos de embalagem em folha de alum\u00ednio tornam-se uma op\u00e7\u00e3o cada vez mais atractiva para uma vasta gama de produtos, porque s\u00e3o pr\u00e1ticos para a vida quotidiana.<br \/>\nBarreira de prote\u00e7\u00e3o:  A folha de alum\u00ednio proporciona uma excelente barreira contra a luz, a humidade, o ar e os odores, ajudando a preservar a frescura e a qualidade do conte\u00fado.<br \/>\nDurabilidade e facilidade de utiliza\u00e7\u00e3o:  A natureza felx\u00edvel destes sacos de alum\u00ednio de p\u00e9 facilita a abertura e o fecho por parte dos consumidores. Fortes e resistentes a perfura\u00e7\u00f5es e rasg\u00f5es, protegem o conte\u00fado durante o transporte e o manuseamento.<br \/>\nVersatilidade:  Adequados para a embalagem de produtos alimentares, farmac\u00eauticos, qu\u00edmicos e electr\u00f3nicos, os sacos de folha de alum\u00ednio podem adaptar-se a diferentes formas e tamanhos<\/p>","protected":false},"featured_media":1624,"comment_status":"open","ping_status":"closed","template":"","meta":{"_seopress_robots_primary_cat":"none","_seopress_titles_title":"Aluminum Foil Packaging Bags With Food Grade Material","_seopress_titles_desc":"CY PACK is a flexible packaging manufacture in China, Our Aliminum foil packaging bags applicable to food, daily chemicals, grease, granular materials, metal powder, liquid materials.","_seopress_robots_index":"","_monsterinsights_skip_tracking":false,"_monsterinsights_sitenote_active":false,"_monsterinsights_sitenote_note":"","_monsterinsights_sitenote_category":0,"_kad_post_transparent":"default","_kad_post_title":"","_kad_post_layout":"default","_kad_post_sidebar_id":"","_kad_post_content_style":"default","_kad_post_vertical_padding":"default","_kad_post_feature":"","_kad_post_feature_position":"","_kad_post_header":false,"_kad_post_footer":false},"product_brand":[],"product_cat":[41],"product_tag":[55],"class_list":{"0":"post-1592","1":"product","2":"type-product","3":"status-publish","4":"has-post-thumbnail","6":"product_cat-flat-bottom-pouches","7":"product_tag-aluminum-foil-packaging-bags","9":"first","10":"instock","11":"shipping-taxable","12":"product-type-simple","13":"entry","14":"content-bg","15":"loop-entry"},"_links":{"self":[{"href":"https:\/\/www.cy-package.com\/pt\/wp-json\/wp\/v2\/product\/1592","targetHints":{"allow":["GET"]}}],"collection":[{"href":"https:\/\/www.cy-package.com\/pt\/wp-json\/wp\/v2\/product"}],"about":[{"href":"https:\/\/www.cy-package.com\/pt\/wp-json\/wp\/v2\/types\/product"}],"replies":[{"embeddable":true,"href":"https:\/\/www.cy-package.com\/pt\/wp-json\/wp\/v2\/comments?post=1592"}],"version-history":[{"count":14,"href":"https:\/\/www.cy-package.com\/pt\/wp-json\/wp\/v2\/product\/1592\/revisions"}],"predecessor-version":[{"id":1655,"href":"https:\/\/www.cy-package.com\/pt\/wp-json\/wp\/v2\/product\/1592\/revisions\/1655"}],"wp:featuredmedia":[{"embeddable":true,"href":"https:\/\/www.cy-package.com\/pt\/wp-json\/wp\/v2\/media\/1624"}],"wp:attachment":[{"href":"https:\/\/www.cy-package.com\/pt\/wp-json\/wp\/v2\/media?parent=1592"}],"wp:term":[{"taxonomy":"product_brand","embeddable":true,"href":"https:\/\/www.cy-package.com\/pt\/wp-json\/wp\/v2\/product_brand?post=1592"},{"taxonomy":"product_cat","embeddable":true,"href":"https:\/\/www.cy-package.com\/pt\/wp-json\/wp\/v2\/product_cat?post=1592"},{"taxonomy":"product_tag","embeddable":true,"href":"https:\/\/www.cy-package.com\/pt\/wp-json\/wp\/v2\/product_tag?post=1592"}],"curies":[{"name":"wp","href":"https:\/\/api.w.org\/{rel}","templated":true}]}}