{"id":2392,"date":"2026-02-28T16:56:15","date_gmt":"2026-02-28T08:56:15","guid":{"rendered":"https:\/\/www.cy-package.com\/?post_type=product&#038;p=2392"},"modified":"2026-02-28T17:05:22","modified_gmt":"2026-02-28T09:05:22","slug":"plastic-packaging-for-cat-food","status":"publish","type":"product","link":"https:\/\/www.cy-package.com\/pt\/produto\/plastic-packaging-for-cat-food\/","title":{"rendered":"1.5KG Plastic Packaging for Cat Food"},"content":{"rendered":"<p><strong style=\"color: #2b6cb0; font-size: 18px; font-family: var(--global-body-font-family);\">Par\u00e2metros do produto<\/strong><\/p>\n<div>\n<div class=\"nei-table\" style=\"text-align: left;\">\n<div class=\"nei-table\">\n<table style=\"width: 100%; height: 392px;\">\n<tbody>\n<tr class=\"firstRow\" style=\"height: 31px;\">\n<td style=\"border-color: #dddddd; height: 31px; width: 14.8256%;\" colspan=\"1\" rowspan=\"1\" width=\"162\" height=\"20\">\n<div style=\"text-align: left;\">Grau do material:<\/div>\n<\/td>\n<td style=\"border-color: #dddddd; height: 31px; width: 84.6899%;\" colspan=\"1\" rowspan=\"1\" width=\"1062\" height=\"20\">\n<div style=\"text-align: left;\">Material de qualidade alimentar<\/div>\n<\/td>\n<\/tr>\n<tr style=\"height: 31px;\">\n<td style=\"border-color: #dddddd; height: 31px; width: 14.8256%;\" colspan=\"1\" rowspan=\"1\" width=\"162\" height=\"20\">\n<div style=\"text-align: left;\">Material:<\/div>\n<\/td>\n<td style=\"border-color: #dddddd; height: 31px; width: 84.6899%;\" colspan=\"1\" rowspan=\"1\" width=\"1062\" height=\"20\">\n<div style=\"text-align: left;\">PET\/VMPET\/PE\/BOPP\/Papel kraft\/AL\/BOPP\/CPP\/PLA\/PBAT, etc<\/div>\n<\/td>\n<\/tr>\n<tr style=\"height: 117px;\">\n<td style=\"border-color: #dddddd; height: 117px; width: 14.8256%;\" colspan=\"1\" rowspan=\"1\" width=\"162\" height=\"20\">\n<div style=\"text-align: left;\">Recurso :<\/div>\n<\/td>\n<td style=\"border-color: #dddddd; height: 117px; width: 84.6899%;\" colspan=\"1\" rowspan=\"1\" width=\"1062\" height=\"20\">\n<div style=\"text-align: left;\">\n<p>1).Material de qualidade alimentar de seguran\u00e7a e impress\u00e3o perfeita<\/p>\n<p>2). \u00d3timo para evitar vazamentos, excelente \u00e0 prova de umidade<\/p>\n<div data-spm-anchor-id=\"a2700.pc-decorate.0.i62.50563333vYoKlh\">3). Fundo de veda\u00e7\u00e3o forte e Ziplock dur\u00e1vel<\/div>\n<\/div>\n<\/td>\n<\/tr>\n<tr style=\"height: 31px;\">\n<td style=\"border-color: #dddddd; height: 31px; width: 14.8256%;\" colspan=\"1\" rowspan=\"1\" width=\"162\" height=\"20\">\n<div style=\"text-align: left;\">Tamanho e espessura:<\/div>\n<\/td>\n<td style=\"border-color: #dddddd; height: 31px; width: 84.6899%;\" colspan=\"1\" rowspan=\"1\" width=\"1062\" height=\"20\">\n<div style=\"text-align: left;\">Embalagem de caf\u00e9 personalizada com base nas suas necessidades<\/div>\n<\/td>\n<\/tr>\n<tr style=\"height: 31px;\">\n<td style=\"border-color: #dddddd; height: 31px; width: 14.8256%;\" colspan=\"1\" rowspan=\"1\" width=\"162\" height=\"20\">\n<div style=\"text-align: left;\">Tipo de tinta:<\/div>\n<\/td>\n<td style=\"border-color: #dddddd; height: 31px; width: 84.6899%;\" colspan=\"1\" rowspan=\"1\" width=\"1062\" height=\"20\">\n<div style=\"text-align: left;\">Tinta de soja de qualidade alimentar ecol\u00f3gica<\/div>\n<\/td>\n<\/tr>\n<tr style=\"height: 31px;\">\n<td style=\"border-color: #dddddd; height: 31px; width: 14.8256%;\" colspan=\"1\" rowspan=\"1\" width=\"162\" height=\"20\">\n<div style=\"text-align: left;\">Capacidade:<\/div>\n<\/td>\n<td style=\"border-color: #dddddd; height: 31px; width: 84.6899%;\" colspan=\"1\" rowspan=\"1\" width=\"1062\" height=\"20\">\n<div style=\"text-align: left;\">100g, 200g, 250g, 500g, 1000g\/1kg, 2kg, 5kg, 8oz-100oz, Personalizado<\/div>\n<\/td>\n<\/tr>\n<tr style=\"height: 31px;\">\n<td style=\"border-color: #dddddd; height: 31px; width: 14.8256%;\" colspan=\"1\" rowspan=\"1\" width=\"162\" height=\"20\">\n<div style=\"text-align: left;\">Aplicativo:<\/div>\n<\/td>\n<td style=\"border-color: #dddddd; height: 31px; width: 84.6899%;\" colspan=\"1\" rowspan=\"1\" width=\"1062\" height=\"20\">\n<div style=\"text-align: left;\">\u00a0Cat Food\/Pet Dry Food<\/div>\n<\/td>\n<\/tr>\n<tr style=\"height: 31px;\">\n<td style=\"border-color: #dddddd; height: 31px; width: 14.8256%;\" colspan=\"1\" rowspan=\"1\" width=\"162\" height=\"20\">\n<div style=\"text-align: left;\">Op\u00e7\u00f5es de estilo:<\/div>\n<\/td>\n<td style=\"border-color: #dddddd; height: 31px; width: 84.6899%;\" colspan=\"1\" rowspan=\"1\" width=\"1062\" height=\"20\">\n<div style=\"text-align: left;\">Bolsas de fundo plano, bolsas verticais, bolsas com fole lateral, parte superior com z\u00edper, com\/sem janela, furo europeu, etc.<\/div>\n<\/td>\n<\/tr>\n<tr style=\"height: 58px;\">\n<td style=\"border-color: #dddddd; height: 58px; width: 14.8256%;\" colspan=\"1\" rowspan=\"1\" width=\"162\" height=\"20\">\n<div style=\"text-align: left;\">Controle de qualidade:<\/div>\n<\/td>\n<td style=\"border-color: #dddddd; height: 58px; width: 84.6899%;\" colspan=\"1\" rowspan=\"1\" width=\"1041.6666666666667\" height=\"20\">\n<div style=\"text-align: left;\" data-spm-anchor-id=\"a2700.details.0.i14.1410417dX9YP5T\">Equipamentos avan\u00e7ados e equipe de controle de qualidade experiente verificar\u00e3o o material, os produtos semiacabados e acabados rigorosamente em todas as etapas antes do envio.<\/div>\n<\/td>\n<\/tr>\n<\/tbody>\n<\/table>\n<\/div>\n<\/div>\n<\/div>\n<p>&nbsp;<\/p>\n<h2><span style=\"color: #2b6cb0;\">\u00a0<span style=\"font-size: 20px;\">The Material of Plastic Packaging for Cat Food<\/span><\/span><\/h2>\n<p><img fetchpriority=\"high\" decoding=\"async\" class=\"wp-image-2397 alignleft\" src=\"https:\/\/www.cy-package.com\/wp-content\/uploads\/2026\/02\/25.jpg\" alt=\"\" width=\"557\" height=\"371\" srcset=\"https:\/\/www.cy-package.com\/wp-content\/uploads\/2026\/02\/25.jpg 1800w, https:\/\/www.cy-package.com\/wp-content\/uploads\/2026\/02\/25-300x200.jpg 300w, https:\/\/www.cy-package.com\/wp-content\/uploads\/2026\/02\/25-1024x683.jpg 1024w, https:\/\/www.cy-package.com\/wp-content\/uploads\/2026\/02\/25-768x512.jpg 768w, https:\/\/www.cy-package.com\/wp-content\/uploads\/2026\/02\/25-1536x1024.jpg 1536w, https:\/\/www.cy-package.com\/wp-content\/uploads\/2026\/02\/25-18x12.jpg 18w, https:\/\/www.cy-package.com\/wp-content\/uploads\/2026\/02\/25-800x533.jpg 800w\" sizes=\"(max-width: 557px) 100vw, 557px\" \/><\/p>\n<p>Keeping food fresh should be the primary consideration packaging for cat food. Using high-quality films with barrier protection and resealable zippers can help prevent air from entering and maintain freshness, thereby extending the shelf life of the product inside.<\/p>\n<p>Commonly used plastic packaging bags are mostly made of polyethylene film, which is safe and non-toxic and can be used to hold food. Plastic packaging is strong, durable, lightweight, and has low production costs. It is the most energy-efficient material in packaging.<\/p>","protected":false},"excerpt":{"rendered":"<p class=\"wui-p-v-4\"><span class=\"wui-text-color-accents wui-text-weight-bold\">Marca:<\/span> <span class=\"wui-text-color-primary\">PACOTE CY<\/span><\/p>\n<p class=\"wui-p-v-4\"><span class=\"wui-text-color-accents wui-text-weight-bold\">Origem do produto:<\/span> <span class=\"wui-text-color-primary\">China<\/span><\/p>\n<p class=\"wui-p-v-4\"><span class=\"wui-text-color-accents wui-text-weight-bold\">Prazo de entrega:<\/span> <span class=\"wui-text-color-primary\">20 dias de prazo de entrega<\/span><\/p>\n<p class=\"wui-p-v-4\"><span class=\"wui-text-color-accents wui-text-weight-bold\">Capacidade de fornecimento:<\/span> <span class=\"wui-text-color-primary\">1200 toneladas\/m\u00eas<\/span><\/p>\n<p class=\"wui-p-v-4\">Manuseio de superf\u00edcie: Impress\u00e3o em rotogravura\/Impress\u00e3o digital<\/p>\n<p>&nbsp;<\/p>","protected":false},"featured_media":2394,"comment_status":"open","ping_status":"closed","template":"","meta":{"_seopress_robots_primary_cat":"none","_seopress_titles_title":"Customize Packaging for Dog Food","_seopress_titles_desc":"flexible packaging bags manufacture and factory in China.  CY PACK custom high-end packaging for dog food.","_seopress_robots_index":"","_monsterinsights_skip_tracking":false,"_monsterinsights_sitenote_active":false,"_monsterinsights_sitenote_note":"","_monsterinsights_sitenote_category":0,"_kad_post_transparent":"default","_kad_post_title":"","_kad_post_layout":"default","_kad_post_sidebar_id":"","_kad_post_content_style":"default","_kad_post_vertical_padding":"default","_kad_post_feature":"","_kad_post_feature_position":"","_kad_post_header":false,"_kad_post_footer":false},"product_brand":[],"product_cat":[38],"product_tag":[],"class_list":{"0":"post-2392","1":"product","2":"type-product","3":"status-publish","4":"has-post-thumbnail","6":"product_cat-pouches-for-pet-treats","8":"first","9":"instock","10":"shipping-taxable","11":"product-type-simple","12":"entry","13":"content-bg","14":"loop-entry"},"_links":{"self":[{"href":"https:\/\/www.cy-package.com\/pt\/wp-json\/wp\/v2\/product\/2392","targetHints":{"allow":["GET"]}}],"collection":[{"href":"https:\/\/www.cy-package.com\/pt\/wp-json\/wp\/v2\/product"}],"about":[{"href":"https:\/\/www.cy-package.com\/pt\/wp-json\/wp\/v2\/types\/product"}],"replies":[{"embeddable":true,"href":"https:\/\/www.cy-package.com\/pt\/wp-json\/wp\/v2\/comments?post=2392"}],"version-history":[{"count":3,"href":"https:\/\/www.cy-package.com\/pt\/wp-json\/wp\/v2\/product\/2392\/revisions"}],"predecessor-version":[{"id":2399,"href":"https:\/\/www.cy-package.com\/pt\/wp-json\/wp\/v2\/product\/2392\/revisions\/2399"}],"wp:featuredmedia":[{"embeddable":true,"href":"https:\/\/www.cy-package.com\/pt\/wp-json\/wp\/v2\/media\/2394"}],"wp:attachment":[{"href":"https:\/\/www.cy-package.com\/pt\/wp-json\/wp\/v2\/media?parent=2392"}],"wp:term":[{"taxonomy":"product_brand","embeddable":true,"href":"https:\/\/www.cy-package.com\/pt\/wp-json\/wp\/v2\/product_brand?post=2392"},{"taxonomy":"product_cat","embeddable":true,"href":"https:\/\/www.cy-package.com\/pt\/wp-json\/wp\/v2\/product_cat?post=2392"},{"taxonomy":"product_tag","embeddable":true,"href":"https:\/\/www.cy-package.com\/pt\/wp-json\/wp\/v2\/product_tag?post=2392"}],"curies":[{"name":"wp","href":"https:\/\/api.w.org\/{rel}","templated":true}]}}