{"id":293,"date":"2024-09-05T10:28:14","date_gmt":"2024-09-05T02:28:14","guid":{"rendered":"https:\/\/www.cy-package.com\/?post_type=product&#038;p=293"},"modified":"2024-09-14T20:26:27","modified_gmt":"2024-09-14T12:26:27","slug":"saco-de-embalagem-mylar-com-impressao-digital","status":"publish","type":"product","link":"https:\/\/www.cy-package.com\/pt\/produto\/saco-de-embalagem-mylar-com-impressao-digital\/","title":{"rendered":"Saco de embalagem Mylar com impress\u00e3o digital"},"content":{"rendered":"<p><\/p>\n<p><strong style=\"font-size: 18px\"><br \/><\/strong><\/p>\n<p><strong style=\"font-size: 18px\"><\/strong><\/p>\n<p>Os sacos de Mylar s\u00e3o uma \u00f3tima solu\u00e7\u00e3o de armazenamento e uma op\u00e7\u00e3o de embalagem perfeita para produtos como alimentos, folhas de ch\u00e1, gr\u00e3os de caf\u00e9, sais de banho e assim por diante. Voc\u00ea pode encontrar os melhores sacos e bolsas de Mylar \u00e0 venda aqui na ClearBags.<\/p>\n<p>Como especialistas em todas as formas de embalagem de alimentos, mantemos os mais altos padr\u00f5es de qualidade e confiabilidade em nossa linha de sacos de mylar. Voc\u00ea pode contar com esses sacos de mylar seguros para alimentos para armazenar com seguran\u00e7a todos os tipos de itens, protegendo-os contra umidade e preservando o frescor no interior.<\/p>\n<p><\/p>\n<p>Os sacos de Mylar tamb\u00e9m s\u00e3o chamados de stand up pouches e s\u00e3o populares na Europa e na Am\u00e9rica.<\/p>\n<p><\/p>\n<p><strong style=\"font-size: 18px\">Par\u00e2metros do produto<\/strong><\/p>\n<div>\n<div class=\"nei-table\">\n<table width=\"1000\" style=\"width: 803px\">\n<tbody>\n<tr class=\"firstRow\">\n<td colspan=\"1\" rowspan=\"1\" height=\"20\" width=\"162\">\n<div style=\"text-align: left\"><span>Grau do material:<\/span><\/div>\n<\/td>\n<td colspan=\"1\" rowspan=\"1\" height=\"20\" width=\"837\">\n<div>Material de qualidade alimentar<\/div>\n<\/td>\n<\/tr>\n<tr>\n<td colspan=\"1\" rowspan=\"1\" height=\"20\" width=\"162\">\n<div><span>Material:<\/span><\/div>\n<\/td>\n<td colspan=\"1\" rowspan=\"1\" height=\"20\" width=\"837\">\n<div>PET+VMPET+PE, BOPP+Papel Kraft+VMPET+PE, etc.<\/div>\n<\/td>\n<\/tr>\n<tr>\n<td colspan=\"1\" rowspan=\"1\" height=\"20\" width=\"162\">\n<div><span>Recurso :<\/span><\/div>\n<\/td>\n<td colspan=\"1\" rowspan=\"1\" height=\"20\" width=\"837\">\n<div>1).Material de qualidade alimentar de seguran\u00e7a e impress\u00e3o perfeita<\/p>\n<div data-spm-anchor-id=\"a2700.pc-decorate.0.i62.50563333vYoKlh\">2). \u00d3timo para evitar vazamentos, excelente \u00e0 prova de umidade<\/div>\n<div data-spm-anchor-id=\"a2700.pc-decorate.0.i62.50563333vYoKlh\">3). Fundo de veda\u00e7\u00e3o forte e Ziplock dur\u00e1vel<\/div>\n<\/div>\n<\/td>\n<\/tr>\n<tr>\n<td colspan=\"1\" rowspan=\"1\" height=\"20\" width=\"162\">\n<div><span>Tamanho e espessura:<\/span><\/div>\n<\/td>\n<td colspan=\"1\" rowspan=\"1\" height=\"20\" width=\"837\">\n<div>Personalizado com base em sua necessidade<\/div>\n<\/td>\n<\/tr>\n<tr>\n<td colspan=\"1\" rowspan=\"1\" height=\"20\" width=\"162\">\n<div><span>Tipo de tinta:<\/span><\/div>\n<\/td>\n<td colspan=\"1\" rowspan=\"1\" height=\"20\" width=\"837\">\n<div>Tinta de soja de qualidade alimentar ecol\u00f3gica<\/div>\n<\/td>\n<\/tr>\n<tr>\n<td colspan=\"1\" rowspan=\"1\" height=\"20\" width=\"162\">\n<div><span>Capacidade:<\/span><\/div>\n<\/td>\n<td colspan=\"1\" rowspan=\"1\" height=\"20\" width=\"837\">\n<div>100g, 200g, 250g, 500g, 1000g\/1kg, 2kg, 5kg, 8oz-100oz, Personalizado<\/div>\n<\/td>\n<\/tr>\n<tr>\n<td colspan=\"1\" rowspan=\"1\" height=\"20\" width=\"162\">\n<div><span>Aplicativo:<\/span><\/div>\n<\/td>\n<td colspan=\"1\" rowspan=\"1\" height=\"20\" width=\"837\">\n<div>Alimentos \/ Caf\u00e9 \/ Ra\u00e7\u00e3o para animais de estima\u00e7\u00e3o \/ Ch\u00e1 \/ Lanche \/ Nozes \/ Prote\u00edna de soro de leite \/ Sementes, etc.<\/div>\n<\/td>\n<\/tr>\n<tr>\n<td colspan=\"1\" rowspan=\"1\" height=\"20\" width=\"162\">\n<div><span>Op\u00e7\u00f5es de estilo:<\/span><\/div>\n<\/td>\n<td colspan=\"1\" rowspan=\"1\" height=\"20\" width=\"837\">\n<div>Fundo plano, vertical, refor\u00e7o lateral, z\u00edper na parte superior, com\/sem janela, furo europeu, etc.<\/div>\n<\/td>\n<\/tr>\n<tr>\n<td colspan=\"1\" rowspan=\"1\" height=\"20\" width=\"162\">\n<div><span>Controle de qualidade:<\/span><\/div>\n<\/td>\n<td colspan=\"1\" rowspan=\"1\" height=\"20\" width=\"837\">\n<div data-spm-anchor-id=\"a2700.details.0.i14.1410417dX9YP5T\">Equipamentos avan\u00e7ados e equipe de controle de qualidade experiente verificar\u00e3o o material, os produtos semiacabados e acabados rigorosamente em todas as etapas antes do envio.<\/div>\n<\/td>\n<\/tr>\n<\/tbody>\n<\/table>\n<\/div>\n<h2><strong>Fluxos de trabalho para pr\u00e9-produ\u00e7\u00e3o:<\/strong><br \/><\/h2>\n<p>1. Forne\u00e7a-nos informa\u00e7\u00f5es detalhadas sobre a bolsa que voc\u00ea gostaria de fazer, como finalidade de uso, tamanho, arte, estrutura e espessura, etc. Se necess\u00e1rio, podemos fornecer nossas sugest\u00f5es boas e profissionais para sua escolha tamb\u00e9m.<\/p>\n<p>2. Faremos um or\u00e7amento adequado depois de obtermos todas as informa\u00e7\u00f5es sobre a bolsa.<\/p>\n<p>3. Assim que o pre\u00e7o for confirmado por ambas as partes, come\u00e7aremos a trabalhar no processamento da arte (para sua informa\u00e7\u00e3o: precisamos processar a arte em uma vers\u00e3o vi\u00e1vel para impress\u00e3o em rotogravura).<\/p>\n<p>4. Configurando o padr\u00e3o de cores.<\/p>\n<p>5. Confirme a arte e assine o contrato.<\/p>\n<p>6. Os compradores precisam pagar antecipadamente o cilindro (custo de impress\u00e3o) e o pagamento antecipado 40% do pedido.<\/p>\n<p>7. Come\u00e7aremos a produzir produtos de qualidade para voc\u00ea depois disso.<\/p>\n<p><\/p>\n<p style=\"text-align: center\"><img alt=\"Saco de embalagem Mylar com impress\u00e3o digital\" title=\"Saco de embalagem Mylar com impress\u00e3o digital\" \/><\/p>\n<p style=\"text-align: center\"><img alt=\"Saco de embalagem Mylar com impress\u00e3o digital\" title=\"Saco de embalagem Mylar com impress\u00e3o digital\" \/><\/p>\n<p><\/p>\n<p style=\"text-align: center\"><span style=\"font-size: 20px\"><strong>perfil de companhia<\/strong><\/span><\/p>\n<p><strong><span style=\"font-size: 18px\"><\/span><\/strong><\/p>\n<p style=\"text-align: center\"><img alt=\"Saco de embalagem Mylar com impress\u00e3o digital\" title=\"Saco de embalagem Mylar com impress\u00e3o digital\" \/><\/p>\n<p style=\"text-align: center\"><span style=\"font-size: 24px\"><strong><span>VANTAGEM DA PRODU\u00c7\u00c3O DE F\u00c1BRICA&nbsp;<\/span><\/strong><\/span><\/p>\n<p style=\"text-align: center\"><span style=\"font-size: 20px\"><strong>Existem 5 linhas de produ\u00e7\u00e3o autom\u00e1ticas de alta velocidade<\/strong><\/span><\/p>\n<p><span style=\"font-size: 18px\"><\/span><\/p>\n<p style=\"text-align: center\"><span style=\"font-size: 18px\"><strong>&#8212;&#8212;&#8212;&#8212;&#8212;&#8212;&#8212;&#8212;&#8212;&#8212;&#8212;&#8212;&#8212;&#8212;&#8212;&#8212;&#8212;&#8212;&#8212;&#8212;&#8212;&#8212;&#8212;&#8212;&#8212;&#8212;&#8212;&#8212;&#8212;&#8212;&#8212;-<\/strong><\/span><\/p>\n<p style=\"text-align: center\"><span style=\"font-size: 14px\">A base de produ\u00e7\u00e3o cobre uma \u00e1rea de mais de 15.000 metros quadrados atualmente e h\u00e1 5 m\u00e1quinas autom\u00e1ticas<\/span><\/p>\n<p style=\"text-align: center;margin-bottom: 20px\"><span style=\"font-size: 14px\">linhas de produ\u00e7\u00e3o de alta velocidade e a capacidade de produ\u00e7\u00e3o anual pode chegar a 20.000 toneladas.&nbsp;<\/span><\/p>\n<p style=\"text-align: center\"><img alt=\"Saco de embalagem Mylar com impress\u00e3o digital\" title=\"Saco de embalagem Mylar com impress\u00e3o digital\" \/><\/p>\n<p style=\"text-align: center;margin-top: 15px\"><span style=\"font-size: 14px\">Nossa empresa tem dezenas de trabalhadores de produ\u00e7\u00e3o profissionais, podem trabalhar 24 horas por dia sem parar<\/span><\/p>\n<p style=\"text-align: center;margin-bottom: 20px\"><span style=\"font-size: 14px\">produ\u00e7\u00e3o, siga rigorosamente o gerenciamento do processo IQC-IPQC-OQC e tenha alta capacidade de produ\u00e7\u00e3o.&nbsp;<\/span><\/p>\n<p style=\"text-align: center\"><img alt=\"Saco de embalagem Mylar com impress\u00e3o digital\" title=\"Saco de embalagem Mylar com impress\u00e3o digital\" \/><\/p>\n<p style=\"text-align: center;margin-bottom: 5px;margin-top: 15px\"><span style=\"font-size: 14px\">As oficinas s\u00e3o projetadas e constru\u00eddas de acordo com a GMP da classe 300.000 para atender a altos padr\u00f5es de higiene<\/span><\/p>\n<p style=\"text-align: center;margin-bottom: 20px\"><span style=\"font-size: 14px\">padr\u00e3o de alimentos para beb\u00eas, latic\u00ednios e produtos de carne, tanto nacionais quanto estrangeiros.<\/span><\/p>\n<p style=\"text-align: center\"><img alt=\"Saco de embalagem Mylar com impress\u00e3o digital\" title=\"Saco de embalagem Mylar com impress\u00e3o digital\" \/><\/p>\n<p style=\"text-align: center\"><img decoding=\"async\" src=\"https:\/\/www.cy-package.com\/2833\/2833-202205062159502291.jpg\" title=\"Saco de embalagem Mylar com impress\u00e3o digital\" alt=\"Saco de embalagem Mylar com impress\u00e3o digital\" \/><\/p>\n<p style=\"text-align: center\"><img decoding=\"async\" src=\"https:\/\/www.cy-package.com\/2833\/2833-202205062158232361.jpg\" title=\"Saco de embalagem Mylar com impress\u00e3o digital\" alt=\"Saco de embalagem Mylar com impress\u00e3o digital\" \/><\/p>\n<p><\/p>\n<p><span style=\"font-size: 18px\"><strong>Perguntas frequentes<\/strong><\/span><\/p>\n<p><strong><span data-spm-anchor-id=\"a2700.details.0.i17.649a7657Tu7jaw\">P: Voc\u00eas s\u00e3o uma f\u00e1brica ou uma empresa comercial?<\/span><\/strong><br \/><span>R: Somos uma f\u00e1brica com equipamentos avan\u00e7ados e equipes de design profissionais, podendo oferecer a voc\u00ea a melhor escolha em design e capacidade.<\/span><br \/><span> <\/span><br \/><strong><span>P: Qual \u00e9 a quantidade m\u00ednima de pedido do seu produto?<\/span><\/strong><br \/><span>R: Geralmente, o MOQ para bolsas \u00e9 de 10.000 pe\u00e7as. Tamb\u00e9m aceitamos pedidos de teste de amostra para MOQ pequeno. Entre em contato conosco para discutir mais.<\/span><br \/><span> <\/span><br \/><strong><span>P: Qual \u00e9 o prazo de entrega ap\u00f3s o pedido ser feito?<\/span><\/strong><br \/><span>R: Geralmente, o prazo de entrega \u00e9 de 15 a 20 dias para novos pedidos e de 10 a 12 dias para pedidos repetidos a partir da data de confirma\u00e7\u00e3o.<\/span><br \/><span> <\/span><br \/><strong><span>P: Qual \u00e9 a sua linha de produtos?<\/span><\/strong><br \/><span>R: Nossa f\u00e1brica pode produzir a maioria dos tipos de embalagens flex\u00edveis, incluindo sacos de caf\u00e9, sacos de comida para animais de estima\u00e7\u00e3o, sacos de comida, sacos para l\u00edquidos, stand up<\/span><br \/><span>saco, saco com z\u00edper, sacos com bico, saco com parte traseira, filme laminado para chocolate ou doces e assim por diante.<\/span><br \/><span> <\/span><br \/><strong><span>P: Quais informa\u00e7\u00f5es s\u00e3o necess\u00e1rias para obter um or\u00e7amento de um produto?<\/span><\/strong><br \/><span>R: Entre em contato conosco para nos oferecer o tamanho e os requisitos especiais que voc\u00ea deseja. Tudo pode ser personalizado e temos muitos exemplos para sua refer\u00eancia.<\/span><br \/><span> <\/span><br \/><strong><span>P: \u00c9 poss\u00edvel fornecer uma amostra?<\/span><\/strong><br \/><span>R: Sim. Para a amostra personalizada, ser\u00e1 cobrado o custo real da amostra + taxa do cilindro de impress\u00e3o, e a taxa do cilindro n\u00e3o ser\u00e1 necess\u00e1ria novamente para pedidos em grandes quantidades.<\/span><\/p>\n<\/div><\/div>\n<\/p><\/div>","protected":false},"excerpt":{"rendered":"<p class=\"wui-p-v-4\">    <span class=\"wui-text-color-accents wui-text-weight-bold\">Marca:<\/span>    <span class=\"wui-text-color-primary\">PACOTE CY<\/span><\/p>\n<p class=\"wui-p-v-4\">    <span class=\"wui-text-color-accents wui-text-weight-bold\">Origem do produto:<\/span>    <span class=\"wui-text-color-primary\">China<\/span><\/p>\n<p class=\"wui-p-v-4\">    <span class=\"wui-text-color-accents wui-text-weight-bold\">Prazo de entrega:<\/span>    <span class=\"wui-text-color-primary\">25 dias de prazo de entrega<\/span><\/p>\n<p class=\"wui-p-v-4\">?? Stand Up Pouches \u2013 Essas bolsas de mylar com z\u00edper podem ficar em p\u00e9 sozinhas e apresentam fechos de z\u00edper simples.<br \/>?? Sacos com z\u00edper para pendurar \u2013 Perfeitos para exibir ou pendurar em ganchos, esses sacos de mylar v\u00eam com um furo para pendurar pr\u00e9-fabricado na parte superior.<br \/>?? Sacos Mylar Resistente a Crian\u00e7as \u2013 Esses sacos s\u00e3o certificados como resistentes a crian\u00e7as, ideais para manter coisas como rem\u00e9dios e petiscos para animais de estima\u00e7\u00e3o fora do alcance de uma crian\u00e7a.<\/p>","protected":false},"featured_media":326,"comment_status":"open","ping_status":"closed","template":"","meta":{"_seopress_robots_primary_cat":"","_seopress_titles_title":"","_seopress_titles_desc":"","_seopress_robots_index":"","_monsterinsights_skip_tracking":false,"_monsterinsights_sitenote_active":false,"_monsterinsights_sitenote_note":"","_monsterinsights_sitenote_category":0,"_kad_post_transparent":"","_kad_post_title":"","_kad_post_layout":"","_kad_post_sidebar_id":"","_kad_post_content_style":"","_kad_post_vertical_padding":"","_kad_post_feature":"","_kad_post_feature_position":"","_kad_post_header":false,"_kad_post_footer":false},"product_brand":[],"product_cat":[24],"product_tag":[],"class_list":{"0":"post-293","1":"product","2":"type-product","3":"status-publish","4":"has-post-thumbnail","6":"product_cat-digital-printing-packaging-bags","8":"first","9":"instock","10":"shipping-taxable","11":"product-type-simple","12":"entry","13":"content-bg","14":"loop-entry"},"_links":{"self":[{"href":"https:\/\/www.cy-package.com\/pt\/wp-json\/wp\/v2\/product\/293","targetHints":{"allow":["GET"]}}],"collection":[{"href":"https:\/\/www.cy-package.com\/pt\/wp-json\/wp\/v2\/product"}],"about":[{"href":"https:\/\/www.cy-package.com\/pt\/wp-json\/wp\/v2\/types\/product"}],"replies":[{"embeddable":true,"href":"https:\/\/www.cy-package.com\/pt\/wp-json\/wp\/v2\/comments?post=293"}],"version-history":[{"count":0,"href":"https:\/\/www.cy-package.com\/pt\/wp-json\/wp\/v2\/product\/293\/revisions"}],"wp:featuredmedia":[{"embeddable":true,"href":"https:\/\/www.cy-package.com\/pt\/wp-json\/wp\/v2\/media\/326"}],"wp:attachment":[{"href":"https:\/\/www.cy-package.com\/pt\/wp-json\/wp\/v2\/media?parent=293"}],"wp:term":[{"taxonomy":"product_brand","embeddable":true,"href":"https:\/\/www.cy-package.com\/pt\/wp-json\/wp\/v2\/product_brand?post=293"},{"taxonomy":"product_cat","embeddable":true,"href":"https:\/\/www.cy-package.com\/pt\/wp-json\/wp\/v2\/product_cat?post=293"},{"taxonomy":"product_tag","embeddable":true,"href":"https:\/\/www.cy-package.com\/pt\/wp-json\/wp\/v2\/product_tag?post=293"}],"curies":[{"name":"wp","href":"https:\/\/api.w.org\/{rel}","templated":true}]}}