{"id":296,"date":"2024-09-05T10:28:14","date_gmt":"2024-09-05T02:28:14","guid":{"rendered":"https:\/\/www.cy-package.com\/?post_type=product&#038;p=296"},"modified":"2024-09-14T20:27:53","modified_gmt":"2024-09-14T12:27:53","slug":"saco-de-embalagem-de-alimentos-com-impressao-digital","status":"publish","type":"product","link":"https:\/\/www.cy-package.com\/pt\/produto\/saco-de-embalagem-de-alimentos-com-impressao-digital\/","title":{"rendered":"Saco de embalagem de alimentos com impress\u00e3o digital"},"content":{"rendered":"<div style=\"text-align: center\"><span style=\"font-size: 24px\"><strong><span><em>Entre em contato conosco!! Receba uma amostra gr\u00e1tis!!<\/em><\/span><\/strong><\/span><\/div>\n<p><span style=\"font-size: 20px\"><strong><em>PONTAS:<\/em><\/strong><\/span><br \/><span>1.Suporta personaliza\u00e7\u00e3o OEM\/ODM????<strong><span>Bem-vindo para entrar em contato conosco??<\/span><\/strong><br \/>2. Agora h\u00e1 ofertas especiais. Voc\u00ea pode obt\u00ea-las por <strong><span>enviando uma consulta??<\/span><\/strong><br \/>3. Amostra de suporte, precisa de amostra para <strong><span>envie uma consulta para entrar em contato conosco??<\/span><\/strong><\/span><\/p>\n<p><\/p>\n<p>Como um produto de embalagem flex\u00edvel conveniente, simples e pr\u00e1tico, o stand up pouch \u00e9 amplamente usado em todas as esferas da vida. Ele n\u00e3o s\u00f3 pode segurar uma variedade de coisas, mas tamb\u00e9m ficar em p\u00e9, exibir bem e pode ser reutilizado.<\/p>\n<p><\/p>\n<div>\n<p><span style=\"font-size: 18px\"><strong>Par\u00e2metros do produto<\/strong><\/span><\/p>\n<\/div>\n<div>\n<div class=\"nei-table\">\n<table width=\"1000\">\n<tbody>\n<tr class=\"firstRow\">\n<td colspan=\"1\" rowspan=\"1\" height=\"20\" width=\"162\">\n<div style=\"text-align: left\"><span>Grau do material:<\/span><\/div>\n<\/td>\n<td colspan=\"1\" rowspan=\"1\" height=\"20\" width=\"837\">\n<div>Material de qualidade alimentar<\/div>\n<\/td>\n<\/tr>\n<tr>\n<td colspan=\"1\" rowspan=\"1\" height=\"20\" width=\"162\">\n<div><span>Material:<\/span><\/div>\n<\/td>\n<td colspan=\"1\" rowspan=\"1\" height=\"20\" width=\"837\">\n<div>PET+VMPET+PE, BOPP+Papel Kraft+VMPET+PE, etc.<\/div>\n<\/td>\n<\/tr>\n<tr>\n<td colspan=\"1\" rowspan=\"1\" height=\"20\" width=\"162\">\n<div><span>Recurso :<\/span><\/div>\n<\/td>\n<td colspan=\"1\" rowspan=\"1\" height=\"20\" width=\"837\">\n<div>1).Material de qualidade alimentar de seguran\u00e7a e impress\u00e3o perfeita<\/p>\n<div data-spm-anchor-id=\"a2700.pc-decorate.0.i62.50563333vYoKlh\">2). \u00d3timo para evitar vazamentos, excelente \u00e0 prova de umidade<\/div>\n<div data-spm-anchor-id=\"a2700.pc-decorate.0.i62.50563333vYoKlh\">3). Fundo de veda\u00e7\u00e3o forte e Ziplock dur\u00e1vel<\/div>\n<\/div>\n<\/td>\n<\/tr>\n<tr>\n<td colspan=\"1\" rowspan=\"1\" height=\"20\" width=\"162\">\n<div><span>Tamanho e espessura:<\/span><\/div>\n<\/td>\n<td colspan=\"1\" rowspan=\"1\" height=\"20\" width=\"837\">\n<div>Personalizado com base em sua necessidade<\/div>\n<\/td>\n<\/tr>\n<tr>\n<td colspan=\"1\" rowspan=\"1\" height=\"20\" width=\"162\">\n<div><span>Tipo de tinta:<\/span><\/div>\n<\/td>\n<td colspan=\"1\" rowspan=\"1\" height=\"20\" width=\"837\">\n<div>Tinta de soja de qualidade alimentar ecol\u00f3gica<\/div>\n<\/td>\n<\/tr>\n<tr>\n<td colspan=\"1\" rowspan=\"1\" height=\"20\" width=\"162\">\n<div><span>Capacidade:<\/span><\/div>\n<\/td>\n<td colspan=\"1\" rowspan=\"1\" height=\"20\" width=\"837\">\n<div>100g, 200g, 250g, 500g, 1000g\/1kg, 2kg, 5kg, 8oz-100oz, Personalizado<\/div>\n<\/td>\n<\/tr>\n<tr>\n<td colspan=\"1\" rowspan=\"1\" height=\"20\" width=\"162\">\n<div><span>Aplicativo:<\/span><\/div>\n<\/td>\n<td colspan=\"1\" rowspan=\"1\" height=\"20\" width=\"837\">\n<div>Alimentos \/ Caf\u00e9 \/ Ra\u00e7\u00e3o para animais de estima\u00e7\u00e3o \/ Ch\u00e1 \/ Lanche \/ Nozes \/ Prote\u00edna de soro de leite \/ Sementes, etc.<\/div>\n<\/td>\n<\/tr>\n<tr>\n<td colspan=\"1\" rowspan=\"1\" height=\"20\" width=\"162\">\n<div><span>Op\u00e7\u00f5es de estilo:<\/span><\/div>\n<\/td>\n<td colspan=\"1\" rowspan=\"1\" height=\"20\" width=\"837\">\n<div>Fundo plano, vertical, refor\u00e7o lateral, z\u00edper na parte superior, com\/sem janela, furo europeu, etc.<\/div>\n<\/td>\n<\/tr>\n<tr>\n<td colspan=\"1\" rowspan=\"1\" height=\"20\" width=\"162\">\n<div><span>Controle de qualidade:<\/span><\/div>\n<\/td>\n<td colspan=\"1\" rowspan=\"1\" height=\"20\" width=\"837\">\n<div data-spm-anchor-id=\"a2700.details.0.i14.1410417dX9YP5T\">Equipamentos avan\u00e7ados e equipe de controle de qualidade experiente verificar\u00e3o o material, os produtos semiacabados e acabados rigorosamente em todas as etapas antes do envio.<\/div>\n<\/td>\n<\/tr>\n<\/tbody>\n<\/table>\n<\/div>\n<p><\/p>\n<h2><strong>Fluxos de trabalho para pr\u00e9-produ\u00e7\u00e3o:<\/strong><br \/><\/h2>\n<p>1. Forne\u00e7a-nos informa\u00e7\u00f5es detalhadas sobre a bolsa que voc\u00ea gostaria de fazer, como finalidade de uso, tamanho, arte, estrutura e espessura, etc. Se necess\u00e1rio, podemos fornecer nossas sugest\u00f5es boas e profissionais para sua escolha tamb\u00e9m.<\/p>\n<p>2. Faremos um or\u00e7amento adequado depois de obtermos todas as informa\u00e7\u00f5es sobre a bolsa.<\/p>\n<p>3. Assim que o pre\u00e7o for confirmado por ambas as partes, come\u00e7aremos a trabalhar no processamento da arte (para sua informa\u00e7\u00e3o: precisamos processar a arte em uma vers\u00e3o vi\u00e1vel para impress\u00e3o em rotogravura).<\/p>\n<p>4. Configurando o padr\u00e3o de cores.<\/p>\n<p>5. Confirme a arte e assine o contrato.<\/p>\n<p>6. Os compradores precisam pagar antecipadamente o cilindro (custo de impress\u00e3o) e o pagamento antecipado 40% do pedido.<\/p>\n<p>7. Come\u00e7aremos a produzir produtos de qualidade para voc\u00ea depois disso.<\/p>\n<p><\/p>\n<p style=\"text-align: center\"><img decoding=\"async\" alt=\"Saco de embalagem de alimentos com impress\u00e3o digital\" src=\"https:\/\/www.cy-package.com\/2833\/2833-202205052254029344.jpg\" title=\"Saco de embalagem de alimentos com impress\u00e3o digital\" \/><\/p>\n<p style=\"text-align: center\"><img decoding=\"async\" alt=\"Saco de embalagem de alimentos com impress\u00e3o digital\" src=\"https:\/\/www.cy-package.com\/2833\/2833-202205052254023652.jpg\" title=\"Saco de embalagem de alimentos com impress\u00e3o digital\" \/><\/p>\n<p><\/p>\n<\/div><\/div>\n<\/p><\/div>","protected":false},"excerpt":{"rendered":"<p class=\"wui-p-v-4\">    <span class=\"wui-text-color-accents wui-text-weight-bold\">Marca:<\/span>    <span class=\"wui-text-color-primary\">PACOTE CY<\/span><\/p>\n<p class=\"wui-p-v-4\">    <span class=\"wui-text-color-accents wui-text-weight-bold\">Origem do produto:<\/span>    <span class=\"wui-text-color-primary\">China<\/span><\/p>\n<p class=\"wui-p-v-4\">    <span class=\"wui-text-color-accents wui-text-weight-bold\">Prazo de entrega:<\/span>    <span class=\"wui-text-color-primary\">25 dias de prazo de entrega<\/span><\/p>\n<p class=\"wui-p-v-4\">Material: PA\/PE, BOPP\/CPP, PET\/PE, PET\/AL\/PE, PET\/VMPET\/PE??<br \/>Tipo de bolsa: Stand Up Pouch<br \/>Uso industrial: Alimentos<br \/>Uso: Lanche<br \/>Recurso: Seguran\u00e7a<br \/>Manuseio de superf\u00edcie: impress\u00e3o de rotogravura<br \/>Veda\u00e7\u00e3o e al\u00e7a: z\u00edper superior ou n\u00e3o<br \/>Pedido personalizado: Aceitar<br \/>Local de origem: Jiangsu, China (continente)<br \/>Tipo: Stand Up Pouch<\/p>","protected":false},"featured_media":340,"comment_status":"open","ping_status":"closed","template":"","meta":{"_seopress_robots_primary_cat":"","_seopress_titles_title":"","_seopress_titles_desc":"","_seopress_robots_index":"","_monsterinsights_skip_tracking":false,"_monsterinsights_sitenote_active":false,"_monsterinsights_sitenote_note":"","_monsterinsights_sitenote_category":0,"_kad_post_transparent":"","_kad_post_title":"","_kad_post_layout":"","_kad_post_sidebar_id":"","_kad_post_content_style":"","_kad_post_vertical_padding":"","_kad_post_feature":"","_kad_post_feature_position":"","_kad_post_header":false,"_kad_post_footer":false},"product_brand":[],"product_cat":[24],"product_tag":[],"class_list":{"0":"post-296","1":"product","2":"type-product","3":"status-publish","4":"has-post-thumbnail","6":"product_cat-digital-printing-packaging-bags","8":"first","9":"instock","10":"shipping-taxable","11":"product-type-simple","12":"entry","13":"content-bg","14":"loop-entry"},"_links":{"self":[{"href":"https:\/\/www.cy-package.com\/pt\/wp-json\/wp\/v2\/product\/296","targetHints":{"allow":["GET"]}}],"collection":[{"href":"https:\/\/www.cy-package.com\/pt\/wp-json\/wp\/v2\/product"}],"about":[{"href":"https:\/\/www.cy-package.com\/pt\/wp-json\/wp\/v2\/types\/product"}],"replies":[{"embeddable":true,"href":"https:\/\/www.cy-package.com\/pt\/wp-json\/wp\/v2\/comments?post=296"}],"version-history":[{"count":0,"href":"https:\/\/www.cy-package.com\/pt\/wp-json\/wp\/v2\/product\/296\/revisions"}],"wp:featuredmedia":[{"embeddable":true,"href":"https:\/\/www.cy-package.com\/pt\/wp-json\/wp\/v2\/media\/340"}],"wp:attachment":[{"href":"https:\/\/www.cy-package.com\/pt\/wp-json\/wp\/v2\/media?parent=296"}],"wp:term":[{"taxonomy":"product_brand","embeddable":true,"href":"https:\/\/www.cy-package.com\/pt\/wp-json\/wp\/v2\/product_brand?post=296"},{"taxonomy":"product_cat","embeddable":true,"href":"https:\/\/www.cy-package.com\/pt\/wp-json\/wp\/v2\/product_cat?post=296"},{"taxonomy":"product_tag","embeddable":true,"href":"https:\/\/www.cy-package.com\/pt\/wp-json\/wp\/v2\/product_tag?post=296"}],"curies":[{"name":"wp","href":"https:\/\/api.w.org\/{rel}","templated":true}]}}