{"id":297,"date":"2024-09-05T10:28:15","date_gmt":"2024-09-05T02:28:15","guid":{"rendered":"https:\/\/www.cy-package.com\/?post_type=product&#038;p=297"},"modified":"2024-11-26T09:20:26","modified_gmt":"2024-11-26T01:20:26","slug":"impressao-personalizada-laminacao-embalagem-rolo-de-filme","status":"publish","type":"product","link":"https:\/\/www.cy-package.com\/pt\/produto\/impressao-personalizada-laminacao-embalagem-rolo-de-filme\/","title":{"rendered":"Filme de rolo de embalagem de estoque de rolo de lamina\u00e7\u00e3o impresso flex\u00edvel personalizado"},"content":{"rendered":"<p>&nbsp;<\/p>\n<p>Preciso de amostra, por favor\u00a0<strong><span style=\"color: #ff0000;\">envie-nos uma consulta??<\/span><\/strong><\/p>\n<p>&nbsp;<\/p>\n<p>O estoque de rolo tamb\u00e9m \u00e9 chamado de filme de rolo de embalagem, que \u00e9 um dos nossos produtos mais populares. O estoque de rolo \u00e9 especialmente popular na ind\u00fastria aliment\u00edcia, mas clientes de outras ind\u00fastrias tamb\u00e9m o usam com frequ\u00eancia para uma ampla gama de aplica\u00e7\u00f5es. No final das contas, o estoque de rolo oferece toneladas de flexibilidade e funciona bem em uma variedade de aplica\u00e7\u00f5es.<\/p>\n<p>A CY Packaging produz rolos de selagem a frio que s\u00e3o a op\u00e7\u00e3o de embalagem perfeita para produtos sens\u00edveis ao calor. A embalagem de selagem a frio pode ser usada no lugar da selagem a quente para que o produto n\u00e3o perca o tipo e a forma quando precisar ser selado. Oferecemos estilos criativos e distintos para nossos rolos de selagem a frio que garantem que o produto tenha uma apar\u00eancia atraente e interessante para os compradores.<\/p>\n<p>&nbsp;<\/p>\n<div>\n<p><span style=\"font-size: 18px;\"><strong>Par\u00e2metros do produto<\/strong><\/span><\/p>\n<\/div>\n<div>\n<div><\/div>\n<div class=\"nei-table\">\n<table style=\"width: 100%; height: 392px;\" width=\"1000\">\n<tbody>\n<tr class=\"firstRow\" style=\"height: 31px;\">\n<td style=\"border-color: #dddddd; height: 31px;\" colspan=\"1\" rowspan=\"1\" width=\"162\" height=\"20\">\n<div style=\"text-align: left;\">Grau do material:<\/div>\n<\/td>\n<td style=\"border-color: #dddddd; height: 31px;\" colspan=\"1\" rowspan=\"1\" width=\"837\" height=\"20\">\n<div>Material de qualidade alimentar<\/div>\n<\/td>\n<\/tr>\n<tr style=\"height: 31px;\">\n<td style=\"border-color: #dddddd; height: 31px;\" colspan=\"1\" rowspan=\"1\" width=\"162\" height=\"20\">\n<div>Material:<\/div>\n<\/td>\n<td style=\"border-color: #dddddd; height: 31px;\" colspan=\"1\" rowspan=\"1\" width=\"837\" height=\"20\">\n<div>PET+VMPET+PE, BOPP+Papel Kraft+VMPET+PE, etc.<\/div>\n<\/td>\n<\/tr>\n<tr style=\"height: 117px;\">\n<td style=\"border-color: #dddddd; height: 117px;\" colspan=\"1\" rowspan=\"1\" width=\"162\" height=\"20\">\n<div>Recurso :<\/div>\n<\/td>\n<td style=\"border-color: #dddddd; height: 117px;\" colspan=\"1\" rowspan=\"1\" width=\"837\" height=\"20\">\n<div>\n<p>1).Material de qualidade alimentar de seguran\u00e7a e impress\u00e3o perfeita<\/p>\n<div data-spm-anchor-id=\"a2700.pc-decorate.0.i62.50563333vYoKlh\">2). \u00d3timo para evitar vazamentos, excelente \u00e0 prova de umidade<\/div>\n<div data-spm-anchor-id=\"a2700.pc-decorate.0.i62.50563333vYoKlh\">3). Fundo de veda\u00e7\u00e3o forte e Ziplock dur\u00e1vel<\/div>\n<\/div>\n<\/td>\n<\/tr>\n<tr style=\"height: 31px;\">\n<td style=\"border-color: #dddddd; height: 31px;\" colspan=\"1\" rowspan=\"1\" width=\"162\" height=\"20\">\n<div>Tamanho e espessura:<\/div>\n<\/td>\n<td style=\"border-color: #dddddd; height: 31px;\" colspan=\"1\" rowspan=\"1\" width=\"837\" height=\"20\">\n<div>Personalizado com base em sua necessidade<\/div>\n<\/td>\n<\/tr>\n<tr style=\"height: 31px;\">\n<td style=\"border-color: #dddddd; height: 31px;\" colspan=\"1\" rowspan=\"1\" width=\"162\" height=\"20\">\n<div>Tipo de tinta:<\/div>\n<\/td>\n<td style=\"border-color: #dddddd; height: 31px;\" colspan=\"1\" rowspan=\"1\" width=\"837\" height=\"20\">\n<div>Tinta de soja de qualidade alimentar ecol\u00f3gica<\/div>\n<\/td>\n<\/tr>\n<tr style=\"height: 31px;\">\n<td style=\"border-color: #dddddd; height: 31px;\" colspan=\"1\" rowspan=\"1\" width=\"162\" height=\"20\">\n<div>Capacidade:<\/div>\n<\/td>\n<td style=\"border-color: #dddddd; height: 31px;\" colspan=\"1\" rowspan=\"1\" width=\"837\" height=\"20\">\n<div>100g, 200g, 250g, 500g, 1000g\/1kg, 2kg, 5kg,10kg,20kg,30kg 8oz-100oz, Personalizado<\/div>\n<\/td>\n<\/tr>\n<tr style=\"height: 31px;\">\n<td style=\"border-color: #dddddd; height: 31px;\" colspan=\"1\" rowspan=\"1\" width=\"162\" height=\"20\">\n<div>Aplicativo:<\/div>\n<\/td>\n<td style=\"border-color: #dddddd; height: 31px;\" colspan=\"1\" rowspan=\"1\" width=\"837\" height=\"20\">\n<div>Alimentos \/ Caf\u00e9 \/ Ra\u00e7\u00e3o para animais de estima\u00e7\u00e3o \/ Ch\u00e1 \/ Lanche \/ Nozes \/ Prote\u00edna de soro de leite \/ Sementes, etc.<\/div>\n<\/td>\n<\/tr>\n<tr style=\"height: 31px;\">\n<td style=\"border-color: #dddddd; height: 31px;\" colspan=\"1\" rowspan=\"1\" width=\"162\" height=\"20\">\n<div>Op\u00e7\u00f5es de estilo:<\/div>\n<\/td>\n<td style=\"border-color: #dddddd; height: 31px;\" colspan=\"1\" rowspan=\"1\" width=\"837\" height=\"20\">\n<div>Fundo plano, vertical, refor\u00e7o lateral, z\u00edper na parte superior, com\/sem janela, furo europeu, etc.<\/div>\n<\/td>\n<\/tr>\n<tr style=\"height: 58px;\">\n<td style=\"border-color: #dddddd; height: 58px;\" colspan=\"1\" rowspan=\"1\" width=\"162\" height=\"20\">\n<div>Controle de qualidade:<\/div>\n<\/td>\n<td style=\"border-color: #dddddd; height: 58px;\" colspan=\"1\" rowspan=\"1\" width=\"837\" height=\"20\">\n<div data-spm-anchor-id=\"a2700.details.0.i14.1410417dX9YP5T\">Equipamentos avan\u00e7ados e equipe de controle de qualidade experiente verificar\u00e3o o material, os produtos semiacabados e acabados rigorosamente em todas as etapas antes do envio.<\/div>\n<\/td>\n<\/tr>\n<\/tbody>\n<\/table>\n<\/div>\n<\/div>\n<div><\/div>\n<div><\/div>\n<div>\n<div class=\"nei-table\"><span style=\"font-size: 20px;\"><strong>perfil de companhia<\/strong><\/span><\/div>\n<div><\/div>\n<p style=\"text-align: center;\"><img decoding=\"async\" class=\"aligncenter\" style=\"width: 758px; height: 291px;\" title=\"Rolo de lamina\u00e7\u00e3o de impress\u00e3o flex\u00edvel personalizado para embalagem em rolo de filme\" src=\"https:\/\/www.cy-package.com\/2833\/2833-202205062151199013.jpg\" alt=\"Rolo de lamina\u00e7\u00e3o de impress\u00e3o flex\u00edvel personalizado para embalagem em rolo de filme\" width=\"758\" \/><\/p>\n<p style=\"text-align: center;\"><img decoding=\"async\" class=\"aligncenter\" style=\"width: 758px; height: 385px;\" title=\"Rolo de lamina\u00e7\u00e3o de impress\u00e3o flex\u00edvel personalizado para embalagem em rolo de filme\" src=\"https:\/\/www.cy-package.com\/2833\/2833-202402231027051071.jpg\" alt=\"Rolo de lamina\u00e7\u00e3o de impress\u00e3o flex\u00edvel personalizado para embalagem em rolo de filme\" width=\"758\" \/><\/p>\n<\/div>","protected":false},"excerpt":{"rendered":"<p class=\"wui-p-v-4\"><span class=\"wui-text-color-accents wui-text-weight-bold\">Marca:<\/span> <span class=\"wui-text-color-primary\">PACOTE CY<\/span><\/p>\n<p class=\"wui-p-v-4\"><span class=\"wui-text-color-accents wui-text-weight-bold\">Origem do produto:<\/span> <span class=\"wui-text-color-primary\">China<\/span><\/p>\n<p class=\"wui-p-v-4\"><span class=\"wui-text-color-accents wui-text-weight-bold\">Prazo de entrega:<\/span> <span class=\"wui-text-color-primary\">25 dias de prazo de entrega<\/span><\/p>\n<p class=\"wui-p-v-4\">O estoque de rolos oferece muitos benef\u00edcios, incluindo:<br \/>\nBaixo custo: at\u00e9 mesmo rolos de alta qualidade s\u00e3o muito acess\u00edveis.<br \/>\nVelocidade r\u00e1pida: Podemos produzir em massa rolos de filme de embalagem rapidamente, para que voc\u00ea possa come\u00e7ar a embalar seus produtos imediatamente.<br \/>\nFlexibilidade de marca: Impress\u00e3o multicolorida de alta qualidade dos designs e cores mais intrincados. Tamb\u00e9m inclu\u00edmos acabamentos especiais como Matte, Spot ou soft touch para adicionar uma apar\u00eancia e sensa\u00e7\u00e3o \u00fanicas ao seu filme em rolo.<br \/>\nA CY PACK \u00e9 uma fabricante no setor de solu\u00e7\u00f5es de embalagens flex\u00edveis com 19 anos de experi\u00eancia.<\/p>","protected":false},"featured_media":351,"comment_status":"open","ping_status":"closed","template":"","meta":{"_seopress_robots_primary_cat":"none","_seopress_titles_title":"Custom Flexible Printed Laminating Roll Stock Packaging Roll Film","_seopress_titles_desc":"Custom Flexible Printed Laminating Roll Stock Packaging Roll Film Manufacturers and Factory. We accept OEM custom products all made in China.","_seopress_robots_index":"","_monsterinsights_skip_tracking":false,"_monsterinsights_sitenote_active":false,"_monsterinsights_sitenote_note":"","_monsterinsights_sitenote_category":0,"_kad_post_transparent":"default","_kad_post_title":"","_kad_post_layout":"default","_kad_post_sidebar_id":"","_kad_post_content_style":"default","_kad_post_vertical_padding":"default","_kad_post_feature":"","_kad_post_feature_position":"","_kad_post_header":false,"_kad_post_footer":false},"product_brand":[],"product_cat":[25],"product_tag":[],"class_list":{"0":"post-297","1":"product","2":"type-product","3":"status-publish","4":"has-post-thumbnail","6":"product_cat-laminating-packaging-film","8":"first","9":"instock","10":"shipping-taxable","11":"product-type-simple","12":"entry","13":"content-bg","14":"loop-entry"},"_links":{"self":[{"href":"https:\/\/www.cy-package.com\/pt\/wp-json\/wp\/v2\/product\/297","targetHints":{"allow":["GET"]}}],"collection":[{"href":"https:\/\/www.cy-package.com\/pt\/wp-json\/wp\/v2\/product"}],"about":[{"href":"https:\/\/www.cy-package.com\/pt\/wp-json\/wp\/v2\/types\/product"}],"replies":[{"embeddable":true,"href":"https:\/\/www.cy-package.com\/pt\/wp-json\/wp\/v2\/comments?post=297"}],"version-history":[{"count":3,"href":"https:\/\/www.cy-package.com\/pt\/wp-json\/wp\/v2\/product\/297\/revisions"}],"predecessor-version":[{"id":1204,"href":"https:\/\/www.cy-package.com\/pt\/wp-json\/wp\/v2\/product\/297\/revisions\/1204"}],"wp:featuredmedia":[{"embeddable":true,"href":"https:\/\/www.cy-package.com\/pt\/wp-json\/wp\/v2\/media\/351"}],"wp:attachment":[{"href":"https:\/\/www.cy-package.com\/pt\/wp-json\/wp\/v2\/media?parent=297"}],"wp:term":[{"taxonomy":"product_brand","embeddable":true,"href":"https:\/\/www.cy-package.com\/pt\/wp-json\/wp\/v2\/product_brand?post=297"},{"taxonomy":"product_cat","embeddable":true,"href":"https:\/\/www.cy-package.com\/pt\/wp-json\/wp\/v2\/product_cat?post=297"},{"taxonomy":"product_tag","embeddable":true,"href":"https:\/\/www.cy-package.com\/pt\/wp-json\/wp\/v2\/product_tag?post=297"}],"curies":[{"name":"wp","href":"https:\/\/api.w.org\/{rel}","templated":true}]}}