{"id":298,"date":"2024-09-05T10:28:15","date_gmt":"2024-09-05T02:28:15","guid":{"rendered":"https:\/\/www.cy-package.com\/?post_type=product&#038;p=298"},"modified":"2024-09-14T20:27:55","modified_gmt":"2024-09-14T12:27:55","slug":"re-pelicula-de-cobertura-autovedante-descascavel-para-bandejas","status":"publish","type":"product","link":"https:\/\/www.cy-package.com\/pt\/produto\/re-pelicula-de-cobertura-autovedante-descascavel-para-bandejas\/","title":{"rendered":"ComforLid Roll Stock Film Filme de cobertura autovedante remov\u00edvel para bandejas"},"content":{"rendered":"<p style=\"text-align: left\"><span style=\"font-size: 18px\"><strong>Sobre o filme Roll Stock<\/strong><\/span><\/p>\n<p style=\"text-align: left\">\n<p style=\"text-align: left\">O filme de estoque em rolo \u00e9 um dos nossos produtos mais populares. O estoque em rolo \u00e9 especialmente popular na ind\u00fastria aliment\u00edcia e clientes de outras ind\u00fastrias tamb\u00e9m o usam com frequ\u00eancia para uma ampla gama de aplica\u00e7\u00f5es. Por fim, o filme de estoque em rolo oferece toneladas de flexibilidade e funciona bem em uma variedade de aplica\u00e7\u00f5es. A CYPACK tamb\u00e9m produz rolos de selagem a frio e ComforLid, que s\u00e3o a op\u00e7\u00e3o de embalagem perfeita para produtos sens\u00edveis ao calor. E recomendamos fortemente o filme de tampa autovedante re-descasc\u00e1vel para bandejas. O material do filme de tampa \u00e9 composto de PE especial com PET. A m\u00e1gica \u00e9 que a cola pegajosa reutiliz\u00e1vel entra em a\u00e7\u00e3o enquanto \u00e9 selada a quente.<\/p>\n<p style=\"text-align: left\">\n<p style=\"text-align: left\">\n<div>\n<p><span style=\"font-size: 18px\"><strong>Par\u00e2metros do produto<\/strong><\/span><\/p>\n<\/div>\n<div>\n<p>&nbsp;<\/p>\n<div class=\"nei-table\">\n<table style=\"width: 799px\" width=\"1000\">\n<tbody>\n<tr class=\"firstRow\">\n<td style=\"border-color: #dddddd\" colspan=\"1\" rowspan=\"1\" width=\"162\" height=\"20\">\n<div style=\"text-align: left\">Grau do material:<\/div>\n<\/td>\n<td style=\"border-color: #dddddd\" colspan=\"1\" rowspan=\"1\" width=\"837\" height=\"20\">\n<div>Material de qualidade alimentar<\/div>\n<\/td>\n<\/tr>\n<tr>\n<td style=\"border-color: #dddddd\" colspan=\"1\" rowspan=\"1\" width=\"162\" height=\"20\">\n<div>Material:<\/div>\n<\/td>\n<td style=\"border-color: #dddddd\" colspan=\"1\" rowspan=\"1\" width=\"837\" height=\"20\">\n<div>PET\/VMPET\/PE\/BOPP\/Papel Kraft\/AL, etc.<\/div>\n<\/td>\n<\/tr>\n<tr>\n<td style=\"border-color: #dddddd\" colspan=\"1\" rowspan=\"1\" width=\"162\" height=\"20\">\n<div>Recurso :<\/div>\n<\/td>\n<td style=\"border-color: #dddddd\" colspan=\"1\" rowspan=\"1\" width=\"837\" height=\"20\">\n<div>\n<p>1).Material de qualidade alimentar de seguran\u00e7a e impress\u00e3o perfeita<\/p>\n<div data-spm-anchor-id=\"a2700.pc-decorate.0.i62.50563333vYoKlh\">2). Produtos f\u00e1ceis de embalar, excelente resist\u00eancia \u00e0 umidade<\/div>\n<div data-spm-anchor-id=\"a2700.pc-decorate.0.i62.50563333vYoKlh\">3). Re-descasc\u00e1vel e autovedante ap\u00f3s a abertura do filme de tampa da bandeja<\/div>\n<\/div>\n<\/td>\n<\/tr>\n<tr>\n<td style=\"border-color: #dddddd\" colspan=\"1\" rowspan=\"1\" width=\"162\" height=\"20\">\n<div>Tamanho e espessura:<\/div>\n<\/td>\n<td style=\"border-color: #dddddd\" colspan=\"1\" rowspan=\"1\" width=\"837\" height=\"20\">\n<div>Personalizado com base em sua necessidade<\/div>\n<\/td>\n<\/tr>\n<tr>\n<td style=\"border-color: #dddddd\" colspan=\"1\" rowspan=\"1\" width=\"162\" height=\"20\">\n<div>Tipo de tinta:<\/div>\n<\/td>\n<td style=\"border-color: #dddddd\" colspan=\"1\" rowspan=\"1\" width=\"837\" height=\"20\">\n<div>Tinta de soja de qualidade alimentar ecol\u00f3gica<\/div>\n<\/td>\n<\/tr>\n<tr>\n<td style=\"border-color: #dddddd\" colspan=\"1\" rowspan=\"1\" width=\"162\" height=\"20\">\n<div>Envio:<\/div>\n<\/td>\n<td style=\"border-color: #dddddd\" colspan=\"1\" rowspan=\"1\" width=\"837\" height=\"20\">Por mar\/por ar\/por ferrovia\/Fedex\/DHL\/UPS\/TNT, etc.<\/td>\n<\/tr>\n<tr>\n<td style=\"border-color: #dddddd\" colspan=\"1\" rowspan=\"1\" width=\"162\" height=\"20\">\n<div>Aplicativo:<\/div>\n<\/td>\n<td style=\"border-color: #dddddd\" colspan=\"1\" rowspan=\"1\" width=\"837\" height=\"20\">\n<div>Alimentos \/ Caf\u00e9 \/ Ra\u00e7\u00e3o para animais de estima\u00e7\u00e3o \/ Ch\u00e1 \/ Lanche \/ Nozes \/ Prote\u00edna de soro de leite \/ Sementes\/Alimentos preparados, etc.<\/div>\n<\/td>\n<\/tr>\n<tr>\n<td style=\"border-color: #dddddd\" colspan=\"1\" rowspan=\"1\" width=\"162\" height=\"20\">\n<div>Op\u00e7\u00f5es de cores:<\/div>\n<\/td>\n<td style=\"border-color: #dddddd\" colspan=\"1\" rowspan=\"1\" width=\"837\" height=\"20\">\u00c9 poss\u00edvel escolher at\u00e9 11 cores.<\/td>\n<\/tr>\n<tr>\n<td style=\"border-color: #dddddd\" colspan=\"1\" rowspan=\"1\" width=\"162\" height=\"20\">\n<div>Controle de qualidade:<\/div>\n<\/td>\n<td style=\"border-color: #dddddd\" colspan=\"1\" rowspan=\"1\" width=\"837\" height=\"20\">\n<div data-spm-anchor-id=\"a2700.details.0.i14.1410417dX9YP5T\">Equipamentos avan\u00e7ados e equipe de controle de qualidade experiente verificar\u00e3o o material, os produtos semiacabados e acabados rigorosamente em todas as etapas antes do envio.<\/div>\n<\/td>\n<\/tr>\n<\/tbody>\n<\/table>\n<\/div>\n<p>&nbsp;<\/p>\n<p>&nbsp;<\/p>\n<p style=\"text-align: left\"><span style=\"font-size: 20px\"><strong>perfil de companhia<\/strong><\/span><\/p>\n<p style=\"text-align: left\"><span style=\"font-size: 20px\"><strong>\u00a0<\/strong><\/span><\/p>\n<p><img decoding=\"async\" style=\"float: left;width: 1517px;height: 445px\" title=\"ComforLid Roll Stock Film Filme de cobertura autovedante remov\u00edvel para bandejas\" src=\"https:\/\/www.cy-package.com\/2833\/2833-202205062151199013.jpg\" alt=\"ComforLid Roll Stock Film Filme de cobertura autovedante remov\u00edvel para bandejas\" width=\"1517\" \/><\/p>\n<p>&nbsp;<\/p>\n<p>&nbsp;<\/p>\n<p>&nbsp;<\/p>\n<p>&nbsp;<\/p>\n<p>&nbsp;<\/p>\n<p>&nbsp;<\/p>\n<p>&nbsp;<\/p>\n<p>&nbsp;<\/p>\n<p>&nbsp;<\/p>\n<p>&nbsp;<\/p>\n<p>&nbsp;<\/p>\n<p>&nbsp;<\/p>\n<p>&nbsp;<\/p>\n<p>&nbsp;<\/p>\n<p>&nbsp;<\/p>\n<p>&nbsp;<\/p>\n<p>&nbsp;<\/p>\n<p>&nbsp;<\/p>\n<p><span style=\"font-size: 20px\"><strong>Vantagens do filme de rolo de embalagem impressa CYPACK\u00a0<\/strong><\/span><\/p>\n<p>&nbsp;<\/p>\n<p>1. Nosso filme laminado impresso em rolo fornece uma op\u00e7\u00e3o de embalagem econ\u00f4mica e f\u00e1cil para v\u00e1rios produtos. Compat\u00edvel com a maioria das m\u00e1quinas de formar, encher e selar, essas op\u00e7\u00f5es de filme em rolo s\u00e3o \u00f3timas para embalagem autom\u00e1tica.<\/p>\n<p>&nbsp;<\/p>\n<p>2. O filme de rolo de impress\u00e3o personalizado pode ser usado para formar rolos e fazer sacos selados. O rolo de embalagem laminado impresso \u00e9 ideal para aumentar a efici\u00eancia do produto, manter o frescor e estender a vida \u00fatil do produto, mantendo a est\u00e9tica da embalagem. \u00c9 simples e acess\u00edvel. Al\u00e9m disso, o rolo de embalagem laminado impresso \u00e9 ideal para embalagens autovedantes resel\u00e1veis.<\/p>\n<p>&nbsp;<\/p>\n<p>3. Dependendo das suas necessidades de embalagem em rolo, podemos oferecer uma variedade de op\u00e7\u00f5es de personaliza\u00e7\u00e3o, incluindo o peso, a largura e o di\u00e2metro do rolo de embalagem laminada impressa, bem como a constru\u00e7\u00e3o de filme desejada. Oferecemos rolos de embalagem laminada impressa em v\u00e1rias combina\u00e7\u00f5es.<\/p>\n<p style=\"text-align: center\">\n<p style=\"text-align: center\">\n<p>&nbsp;<\/p>\n<p>&nbsp;<\/p>\n<\/div>","protected":false},"excerpt":{"rendered":"<p class=\"wui-p-v-4\"><span class=\"wui-text-color-accents wui-text-weight-bold\">Marca:<\/span> <span class=\"wui-text-color-primary\">PACOTE CY<\/span><\/p>\n<p class=\"wui-p-v-4\"><span class=\"wui-text-color-accents wui-text-weight-bold\">Origem do produto:<\/span> <span class=\"wui-text-color-primary\">China<\/span><\/p>\n<p class=\"wui-p-v-4\"><span class=\"wui-text-color-accents wui-text-weight-bold\">Prazo de entrega:<\/span> <span class=\"wui-text-color-primary\">15 dias de prazo de entrega<\/span><\/p>\n<p class=\"wui-p-v-4\">O estoque de rolos oferece muitos benef\u00edcios, incluindo:<br \/>\nBaixo custo: at\u00e9 mesmo o filme de embalagem em rolo de alta qualidade \u00e9 acess\u00edvel.<br \/>\nVelocidade r\u00e1pida: Podemos produzir em massa filme em rolo rapidamente, n\u00e3o se preocupe com o prazo de entrega. Uma variedade de filme pl\u00e1stico est\u00e1 dispon\u00edvel: oferecemos filme de tampa autovedante, filme de impress\u00e3o, filme de embalagem, filme hot melt, filme selado a frio,<\/p>","protected":false},"featured_media":355,"comment_status":"open","ping_status":"closed","template":"","meta":{"_seopress_robots_primary_cat":"none","_seopress_titles_title":"","_seopress_titles_desc":"","_seopress_robots_index":"","_monsterinsights_skip_tracking":false,"_monsterinsights_sitenote_active":false,"_monsterinsights_sitenote_note":"","_monsterinsights_sitenote_category":0,"_kad_post_transparent":"default","_kad_post_title":"","_kad_post_layout":"default","_kad_post_sidebar_id":"","_kad_post_content_style":"default","_kad_post_vertical_padding":"default","_kad_post_feature":"","_kad_post_feature_position":"","_kad_post_header":false,"_kad_post_footer":false},"product_brand":[],"product_cat":[25],"product_tag":[],"class_list":{"0":"post-298","1":"product","2":"type-product","3":"status-publish","4":"has-post-thumbnail","6":"product_cat-laminating-packaging-film","8":"first","9":"instock","10":"shipping-taxable","11":"product-type-simple","12":"entry","13":"content-bg","14":"loop-entry"},"_links":{"self":[{"href":"https:\/\/www.cy-package.com\/pt\/wp-json\/wp\/v2\/product\/298","targetHints":{"allow":["GET"]}}],"collection":[{"href":"https:\/\/www.cy-package.com\/pt\/wp-json\/wp\/v2\/product"}],"about":[{"href":"https:\/\/www.cy-package.com\/pt\/wp-json\/wp\/v2\/types\/product"}],"replies":[{"embeddable":true,"href":"https:\/\/www.cy-package.com\/pt\/wp-json\/wp\/v2\/comments?post=298"}],"version-history":[{"count":1,"href":"https:\/\/www.cy-package.com\/pt\/wp-json\/wp\/v2\/product\/298\/revisions"}],"predecessor-version":[{"id":770,"href":"https:\/\/www.cy-package.com\/pt\/wp-json\/wp\/v2\/product\/298\/revisions\/770"}],"wp:featuredmedia":[{"embeddable":true,"href":"https:\/\/www.cy-package.com\/pt\/wp-json\/wp\/v2\/media\/355"}],"wp:attachment":[{"href":"https:\/\/www.cy-package.com\/pt\/wp-json\/wp\/v2\/media?parent=298"}],"wp:term":[{"taxonomy":"product_brand","embeddable":true,"href":"https:\/\/www.cy-package.com\/pt\/wp-json\/wp\/v2\/product_brand?post=298"},{"taxonomy":"product_cat","embeddable":true,"href":"https:\/\/www.cy-package.com\/pt\/wp-json\/wp\/v2\/product_cat?post=298"},{"taxonomy":"product_tag","embeddable":true,"href":"https:\/\/www.cy-package.com\/pt\/wp-json\/wp\/v2\/product_tag?post=298"}],"curies":[{"name":"wp","href":"https:\/\/api.w.org\/{rel}","templated":true}]}}