{"id":299,"date":"2024-09-05T10:28:15","date_gmt":"2024-09-05T02:28:15","guid":{"rendered":"https:\/\/www.cy-package.com\/?post_type=product&#038;p=299"},"modified":"2024-09-14T20:27:56","modified_gmt":"2024-09-14T12:27:56","slug":"rolo-de-filme-de-embalagem-de-selagem-a-frio-com-impressao-personalizada","status":"publish","type":"product","link":"https:\/\/www.cy-package.com\/pt\/produto\/rolo-de-filme-de-embalagem-de-selagem-a-frio-com-impressao-personalizada\/","title":{"rendered":"Rolo de filme de embalagem de selagem a frio com impress\u00e3o personalizada"},"content":{"rendered":"<p><\/p>\n<p><span><span>A embalagem selada a frio \u00e9 empregada para diversos produtos como:&nbsp;<\/span><\/span><\/p>\n<p><span><span>Barras de chocolate<\/span><br \/><span>Confeitaria<\/span><br \/><span>Biscoitos<\/span><br \/><span>Sorvete<\/span><br \/><span>Pastelaria<\/span><br \/><span>Barras de cereais, entre outros.&nbsp;<\/span><\/span><\/p>\n<p><span><span><br \/><\/span><\/span><\/p>\n<p><\/p>\n<p><span><span><strong>Darrel Lea<\/strong><\/span>&nbsp;\u00e9 uma empresa australiana que fabrica e distribui chocolate, alca\u00e7uz e outros produtos de confeitaria.<\/span><\/p>\n<p><span>Eles escolheram os fabricantes de embalagens com selagem a frio CYPACK para personalizar a embalagem perfeita para seus doces.<\/span><\/p>\n<p><strong><span><span>Processo de produ\u00e7\u00e3o<\/span><\/span><\/strong><\/p>\n<p><span style=\"text-align: center\">Utilizamos a mais recente m\u00e1quina de revestimento de ponto fixo de alta velocidade para&nbsp;<\/span><span style=\"text-align: center\">realizar composi\u00e7\u00e3o de revestimento adesivo a frio em pe\u00e7as de ponto fixo.<\/span><\/p>\n<p><span><img decoding=\"async\" src=\"https:\/\/www.cy-package.com\/2833\/2833-202206131906373072.jpg\" title=\"Rolo de filme de embalagem de selagem a frio com impress\u00e3o personalizada\" alt=\"Rolo de filme de embalagem de selagem a frio com impress\u00e3o personalizada\" \/><\/span><\/p>\n<p><\/p>\n<p><span><span><strong>Escolha os melhores materiais para sua embalagem<\/strong><\/span><\/span><\/p>\n<p>Chocolates e balas s\u00e3o extremamente vulner\u00e1veis \u00e0 luz solar e tamb\u00e9m precisam de prote\u00e7\u00e3o contra oxig\u00eanio, especialmente se houver nozes dentro, ent\u00e3o os materiais compostos devem preservar a composi\u00e7\u00e3o inicial do g\u00e1s e o n\u00edvel de luz na embalagem.<\/p>\n<p><strong>ESQUEMA 1&nbsp;<\/strong>: O ideal para embalagens de doces de chocolate em grupo. \u00c9 um laminado de tr\u00eas camadas que proteger\u00e1 o produto da luz solar e do oxig\u00eanio.<\/p>\n<ul class=\"list-paddingleft-2\">\n<li>\n<p>PET\/BOPP transparente ou fosco (boas propriedades de barreira contra condensa\u00e7\u00e3o de \u00e1gua, alta transpar\u00eancia)<\/p>\n<\/li>\n<li>\n<p>PP metalizado (boa barreira contra condensa\u00e7\u00e3o de \u00e1gua e luz solar)<\/p>\n<\/li>\n<li>\n<p>PE transparente (camada de veda\u00e7\u00e3o e estrutural, boa barreira contra vapores de \u00e1gua)<\/p>\n<\/li>\n<p><img decoding=\"async\" src=\"https:\/\/www.cy-package.com\/2833\/2833-202206131908128378.jpg\" title=\"Rolo de filme de embalagem de selagem a frio com impress\u00e3o personalizada\" alt=\"Rolo de filme de embalagem de selagem a frio com impress\u00e3o personalizada\" \/><\/p>\n<p><strong><br \/><\/strong><\/p>\n<p><strong>ESQUEMA 2&nbsp;<\/strong>: \u00e9 um laminado de duas camadas. A escolha entre composto transparente ou n\u00e3o transparente depende se o cliente quer uma parte transparente para exibi\u00e7\u00e3o do produto.<\/p>\n<ul class=\"list-paddingleft-2\" style=\"list-style-type: square\">\n<li>\n<p>PET\/BOPP transparente ou fosco (boas propriedades de barreira contra condensa\u00e7\u00e3o de \u00e1gua, alta transpar\u00eancia)<\/p>\n<\/li>\n<li>\n<p>PE transparente ou branco (camada de veda\u00e7\u00e3o e estrutural, boa barreira contra vapores de \u00e1gua, alta transpar\u00eancia)<\/p>\n<\/li>\n<\/ul>\n<p><img decoding=\"async\" src=\"https:\/\/www.cy-package.com\/2833\/2833-202206141901568504.jpg\" title=\"Rolo de filme de embalagem de selagem a frio com impress\u00e3o personalizada\" alt=\"Rolo de filme de embalagem de selagem a frio com impress\u00e3o personalizada\" \/><\/p>\n<\/ul>\n<p><\/p>\n<div>\n<p><span style=\"font-size: 18px\"><strong>Par\u00e2metros do produto<\/strong><\/span><\/p>\n<\/div>\n<div>\n<div class=\"nei-table\">\n<table width=\"1000\">\n<tbody>\n<tr class=\"firstRow\">\n<td colspan=\"1\" rowspan=\"1\" height=\"20\" width=\"162\">\n<div style=\"text-align: left\"><span>Grau do material:<\/span><\/div>\n<\/td>\n<td colspan=\"1\" rowspan=\"1\" height=\"20\" width=\"837\">\n<div>Material de qualidade alimentar<\/div>\n<\/td>\n<\/tr>\n<tr>\n<td colspan=\"1\" rowspan=\"1\" height=\"20\" width=\"162\">\n<div><span>Material:<\/span><\/div>\n<\/td>\n<td colspan=\"1\" rowspan=\"1\" height=\"20\" width=\"837\">\n<div>PET+VMPET+PE, BOPP+Papel Kraft+VMPET+PE, etc.<\/div>\n<\/td>\n<\/tr>\n<tr>\n<td colspan=\"1\" rowspan=\"1\" height=\"20\" width=\"162\">\n<div><span>Recurso :<\/span><\/div>\n<\/td>\n<td colspan=\"1\" rowspan=\"1\" height=\"20\" width=\"837\">\n<div>1).Material de qualidade alimentar de seguran\u00e7a e impress\u00e3o perfeita<\/p>\n<div data-spm-anchor-id=\"a2700.pc-decorate.0.i62.50563333vYoKlh\">2). \u00d3timo para evitar vazamentos, excelente \u00e0 prova de umidade<\/div>\n<div data-spm-anchor-id=\"a2700.pc-decorate.0.i62.50563333vYoKlh\">3). Fundo de veda\u00e7\u00e3o forte e Ziplock dur\u00e1vel<\/div>\n<\/div>\n<\/td>\n<\/tr>\n<tr>\n<td colspan=\"1\" rowspan=\"1\" height=\"20\" width=\"162\">\n<div><span>Tamanho e espessura:<\/span><\/div>\n<\/td>\n<td colspan=\"1\" rowspan=\"1\" height=\"20\" width=\"837\">\n<div>Personalizado com base em sua necessidade<\/div>\n<\/td>\n<\/tr>\n<tr>\n<td colspan=\"1\" rowspan=\"1\" height=\"20\" width=\"162\">\n<div><span>Tipo de tinta:<\/span><\/div>\n<\/td>\n<td colspan=\"1\" rowspan=\"1\" height=\"20\" width=\"837\">\n<div>Tinta de soja de qualidade alimentar ecol\u00f3gica<\/div>\n<\/td>\n<\/tr>\n<tr>\n<td colspan=\"1\" rowspan=\"1\" height=\"20\" width=\"162\">\n<div><span>Capacidade:<\/span><\/div>\n<\/td>\n<td colspan=\"1\" rowspan=\"1\" height=\"20\" width=\"837\">\n<div>100g, 200g, 250g, 500g, 1000g\/1kg, 2kg, 5kg, 8oz-100oz, Personalizado<\/div>\n<\/td>\n<\/tr>\n<tr>\n<td colspan=\"1\" rowspan=\"1\" height=\"20\" width=\"162\">\n<div><span>Aplicativo:<\/span><\/div>\n<\/td>\n<td colspan=\"1\" rowspan=\"1\" height=\"20\" width=\"837\">\n<div>Alimentos \/ Caf\u00e9 \/ Ra\u00e7\u00e3o para animais de estima\u00e7\u00e3o \/ Ch\u00e1 \/ Lanche \/ Nozes \/ Prote\u00edna de soro de leite \/ Sementes, etc.<\/div>\n<\/td>\n<\/tr>\n<tr>\n<td colspan=\"1\" rowspan=\"1\" height=\"20\" width=\"162\">\n<div><span>Op\u00e7\u00f5es de estilo:<\/span><\/div>\n<\/td>\n<td colspan=\"1\" rowspan=\"1\" height=\"20\" width=\"837\">\n<div>Fundo plano, vertical, refor\u00e7o lateral, z\u00edper na parte superior, com\/sem janela, furo europeu, etc.<\/div>\n<\/td>\n<\/tr>\n<tr>\n<td colspan=\"1\" rowspan=\"1\" height=\"20\" width=\"162\">\n<div><span>Controle de qualidade:<\/span><\/div>\n<\/td>\n<td colspan=\"1\" rowspan=\"1\" height=\"20\" width=\"837\">\n<div data-spm-anchor-id=\"a2700.details.0.i14.1410417dX9YP5T\">Equipamentos avan\u00e7ados e equipe de controle de qualidade experiente verificar\u00e3o o material, os produtos semiacabados e acabados rigorosamente em todas as etapas antes do envio.<\/div>\n<\/td>\n<\/tr>\n<\/tbody>\n<\/table>\n<\/div>\n<p><\/p>\n<p><span>O filme em rolo para embalagem de alimentos \u00e9 comumente feito de materiais pl\u00e1sticos de qualidade alimentar, incluindo polietileno (PE), polipropileno (PP), tereftalato de polietileno (PET) e, \u00e0s vezes, at\u00e9 mesmo laminados com papel alum\u00ednio. Esses materiais s\u00e3o escolhidos por sua capacidade de fornecer prote\u00e7\u00e3o, propriedades de barreira e conformidade com os regulamentos de seguran\u00e7a alimentar.<\/span><\/p>\n<p><span><br \/><\/span><\/p>\n<p><span>O filme em rolo para embalagem de alimentos \u00e9 produzido com estrita ades\u00e3o aos padr\u00f5es e regulamentos de seguran\u00e7a alimentar. Isso garante que os materiais de embalagem n\u00e3o transfiram subst\u00e2ncias nocivas para os alimentos e mantenham a integridade do produto.<\/span><\/p>\n<p><span><br \/><\/span><\/p>\n<p><span>&nbsp;O filme de rolo de alimentos pode ser selado de v\u00e1rias maneiras, dependendo do equipamento de embalagem e dos requisitos espec\u00edficos do produto aliment\u00edcio. Selagem a quente, selagem adesiva e fechos de z\u00edper s\u00e3o comumente usados para criar embalagens seguras e convenientes.<\/span><\/p>\n<p style=\"text-align: center\"><\/p>\n<p><\/p>\n<\/div><\/div>\n<\/p><\/div>","protected":false},"excerpt":{"rendered":"<p class=\"wui-p-v-4\">    <span class=\"wui-text-color-accents wui-text-weight-bold\">Marca:<\/span>    <span class=\"wui-text-color-primary\">PACOTE CY<\/span><\/p>\n<p class=\"wui-p-v-4\">    <span class=\"wui-text-color-accents wui-text-weight-bold\">Origem do produto:<\/span>    <span class=\"wui-text-color-primary\">China<\/span><\/p>\n<p class=\"wui-p-v-4\">    <span class=\"wui-text-color-accents wui-text-weight-bold\">Prazo de entrega:<\/span>    <span class=\"wui-text-color-primary\">25 dias de prazo de entrega<\/span><\/p>\n<p class=\"wui-p-v-4\">1. O filme em rolo para embalagem de alimentos frequentemente fornece excelentes propriedades de barreira, incluindo prote\u00e7\u00e3o contra oxig\u00eanio, umidade e luz. Isso ajuda a estender a vida \u00fatil dos produtos aliment\u00edcios, mantendo-os frescos por mais tempo e reduzindo o desperd\u00edcio de alimentos.<br \/>2. Os rolos de filme de embalagem garantem a seguran\u00e7a e a higiene dos produtos aliment\u00edcios, prevenindo a contamina\u00e7\u00e3o por fatores externos, como poeira, bact\u00e9rias e manuseio. Eles tamb\u00e9m v\u00eam com recursos inviol\u00e1veis para tranquilizar os consumidores sobre a integridade do produto.<br \/>3. Os filmes em rolo s\u00e3o altamente eficientes em termos de uso de material. Eles podem ser adaptados para se ajustarem ao tamanho exato dos produtos aliment\u00edcios, reduzindo o desperd\u00edcio de embalagens.<br \/>4. Esses rolos de filme de embalagem podem ser usados com m\u00e1quinas de embalagem automatizadas, aumentando a efici\u00eancia da produ\u00e7\u00e3o e reduzindo os custos de m\u00e3o de obra.<\/p>","protected":false},"featured_media":359,"comment_status":"open","ping_status":"closed","template":"","meta":{"_seopress_robots_primary_cat":"","_seopress_titles_title":"","_seopress_titles_desc":"","_seopress_robots_index":"","_monsterinsights_skip_tracking":false,"_monsterinsights_sitenote_active":false,"_monsterinsights_sitenote_note":"","_monsterinsights_sitenote_category":0,"_kad_post_transparent":"","_kad_post_title":"","_kad_post_layout":"","_kad_post_sidebar_id":"","_kad_post_content_style":"","_kad_post_vertical_padding":"","_kad_post_feature":"","_kad_post_feature_position":"","_kad_post_header":false,"_kad_post_footer":false},"product_brand":[],"product_cat":[25],"product_tag":[],"class_list":{"0":"post-299","1":"product","2":"type-product","3":"status-publish","4":"has-post-thumbnail","6":"product_cat-laminating-packaging-film","8":"first","9":"instock","10":"shipping-taxable","11":"product-type-simple","12":"entry","13":"content-bg","14":"loop-entry"},"_links":{"self":[{"href":"https:\/\/www.cy-package.com\/pt\/wp-json\/wp\/v2\/product\/299","targetHints":{"allow":["GET"]}}],"collection":[{"href":"https:\/\/www.cy-package.com\/pt\/wp-json\/wp\/v2\/product"}],"about":[{"href":"https:\/\/www.cy-package.com\/pt\/wp-json\/wp\/v2\/types\/product"}],"replies":[{"embeddable":true,"href":"https:\/\/www.cy-package.com\/pt\/wp-json\/wp\/v2\/comments?post=299"}],"version-history":[{"count":0,"href":"https:\/\/www.cy-package.com\/pt\/wp-json\/wp\/v2\/product\/299\/revisions"}],"wp:featuredmedia":[{"embeddable":true,"href":"https:\/\/www.cy-package.com\/pt\/wp-json\/wp\/v2\/media\/359"}],"wp:attachment":[{"href":"https:\/\/www.cy-package.com\/pt\/wp-json\/wp\/v2\/media?parent=299"}],"wp:term":[{"taxonomy":"product_brand","embeddable":true,"href":"https:\/\/www.cy-package.com\/pt\/wp-json\/wp\/v2\/product_brand?post=299"},{"taxonomy":"product_cat","embeddable":true,"href":"https:\/\/www.cy-package.com\/pt\/wp-json\/wp\/v2\/product_cat?post=299"},{"taxonomy":"product_tag","embeddable":true,"href":"https:\/\/www.cy-package.com\/pt\/wp-json\/wp\/v2\/product_tag?post=299"}],"curies":[{"name":"wp","href":"https:\/\/api.w.org\/{rel}","templated":true}]}}