{"id":307,"date":"2024-09-05T10:28:16","date_gmt":"2024-09-05T02:28:16","guid":{"rendered":"https:\/\/www.cy-package.com\/?post_type=product&#038;p=307"},"modified":"2024-09-19T10:20:39","modified_gmt":"2024-09-19T02:20:39","slug":"bolsa-de-embalagem-de-alimentos-com-ziper-reciclavel","status":"publish","type":"product","link":"https:\/\/www.cy-package.com\/pt\/produto\/bolsa-de-embalagem-de-alimentos-com-ziper-reciclavel\/","title":{"rendered":"Bolsa de embalagem de alimentos com z\u00edper recicl\u00e1vel"},"content":{"rendered":"<p>&nbsp;<\/p>\n<p>&nbsp;<\/p>\n<p>Com consumidores, pol\u00edticos e a m\u00eddia dando cada vez mais aten\u00e7\u00e3o \u00e0 quest\u00e3o do desperd\u00edcio de pl\u00e1stico, a ind\u00fastria aliment\u00edcia ou n\u00e3o aliment\u00edcia est\u00e1 mudando a forma como faz neg\u00f3cios. Os participantes de toda a cadeia de valor est\u00e3o pensando em reduzir o desperd\u00edcio de aterro. Materiais laminados recicl\u00e1veis ser\u00e3o a melhor escolha agora. Esta bolsa stand up ecol\u00f3gica n\u00e3o s\u00f3 pode ser reciclada em sistemas de reciclagem existentes, mas tamb\u00e9m estender\u00e1 a vida \u00fatil do seu produto.<\/p>\n<p>&nbsp;<\/p>\n<div>\n<p><span style=\"font-size: 18px;\"><strong>Par\u00e2metros do produto<\/strong><\/span><\/p>\n<\/div>\n<div>\n<div class=\"nei-table\">\n<table width=\"1000\">\n<tbody>\n<tr class=\"firstRow\">\n<td colspan=\"1\" rowspan=\"1\" width=\"162\" height=\"20\">\n<div style=\"text-align: left;\">Grau do material:<\/div>\n<\/td>\n<td colspan=\"1\" rowspan=\"1\" width=\"837\" height=\"20\">\n<div>Material de qualidade alimentar<\/div>\n<\/td>\n<\/tr>\n<tr>\n<td colspan=\"1\" rowspan=\"1\" width=\"162\" height=\"20\">\n<div>Material:<\/div>\n<\/td>\n<td colspan=\"1\" rowspan=\"1\" width=\"837\" height=\"20\">\n<div>PE\/Papel Kraft\/PBAT\/PLA<\/div>\n<\/td>\n<\/tr>\n<tr>\n<td colspan=\"1\" rowspan=\"1\" width=\"162\" height=\"20\">\n<div>Recurso :<\/div>\n<\/td>\n<td colspan=\"1\" rowspan=\"1\" width=\"837\" height=\"20\">\n<div>\n<p>1).Material de qualidade alimentar de seguran\u00e7a e impress\u00e3o perfeita<\/p>\n<div data-spm-anchor-id=\"a2700.pc-decorate.0.i62.50563333vYoKlh\">2). \u00d3timo para evitar vazamentos, excelente \u00e0 prova de umidade<\/div>\n<p>3). Fundo de veda\u00e7\u00e3o forte e Ziplock dur\u00e1vel<\/p>\n<p>4). Acabamentos tradicionais foscos, foscos suaves, brilhantes e metalizados, estampagem a quente<\/p>\n<\/div>\n<\/td>\n<\/tr>\n<tr>\n<td colspan=\"1\" rowspan=\"1\" width=\"162\" height=\"20\">\n<div>Tamanho e espessura:<\/div>\n<\/td>\n<td colspan=\"1\" rowspan=\"1\" width=\"837\" height=\"20\">\n<div>Personalizado com base em sua necessidade<\/div>\n<\/td>\n<\/tr>\n<tr>\n<td colspan=\"1\" rowspan=\"1\" width=\"162\" height=\"20\">\n<div>Tipo de tinta:<\/div>\n<\/td>\n<td colspan=\"1\" rowspan=\"1\" width=\"837\" height=\"20\">\n<div>Tinta de soja de qualidade alimentar ecol\u00f3gica<\/div>\n<\/td>\n<\/tr>\n<tr>\n<td colspan=\"1\" rowspan=\"1\" width=\"162\" height=\"20\">\n<div>Capacidade:<\/div>\n<\/td>\n<td colspan=\"1\" rowspan=\"1\" width=\"837\" height=\"20\">\n<div>100g, 200g, 250g, 500g, 1000g\/1kg, 2kg, 5kg, 8oz-100oz, Personalizado<\/div>\n<\/td>\n<\/tr>\n<tr>\n<td colspan=\"1\" rowspan=\"1\" width=\"162\" height=\"20\">\n<div>Aplicativo:<\/div>\n<\/td>\n<td colspan=\"1\" rowspan=\"1\" width=\"837\" height=\"20\">\n<div>Alimentos \/ Caf\u00e9 \/ Ra\u00e7\u00e3o para animais de estima\u00e7\u00e3o \/ Ch\u00e1 \/ Lanche \/ Nozes \/ Prote\u00edna de soro de leite \/ Sementes, etc.<\/div>\n<\/td>\n<\/tr>\n<tr>\n<td colspan=\"1\" rowspan=\"1\" width=\"162\" height=\"20\">\n<div>Op\u00e7\u00f5es de estilo:<\/div>\n<\/td>\n<td colspan=\"1\" rowspan=\"1\" width=\"837\" height=\"20\">\n<div>Fundo plano, vertical, refor\u00e7o lateral, z\u00edper na parte superior, com\/sem janela, furo europeu, etc.<\/div>\n<\/td>\n<\/tr>\n<tr>\n<td colspan=\"1\" rowspan=\"1\" width=\"162\" height=\"20\">\n<div>Controle de qualidade:<\/div>\n<\/td>\n<td colspan=\"1\" rowspan=\"1\" width=\"837\" height=\"20\">\n<div data-spm-anchor-id=\"a2700.details.0.i14.1410417dX9YP5T\">Equipamentos avan\u00e7ados e equipe de controle de qualidade experiente verificar\u00e3o o material, os produtos semiacabados e acabados rigorosamente em todas as etapas antes do envio.<\/div>\n<\/td>\n<\/tr>\n<\/tbody>\n<\/table>\n<\/div>\n<p>&nbsp;<\/p>\n<p>Tamb\u00e9m CY PACK, um fabricante com 19 anos de experi\u00eancia em impress\u00e3o. Foco em fornecer sacos de embalagem flex\u00edveis para alimentos para a ind\u00fastria aliment\u00edcia. Embalagens stand up pouches personalizadas e impressas para lanches, gr\u00e3os de caf\u00e9, alimentos para animais de estima\u00e7\u00e3o, etc.<\/p>\n<p>&nbsp;<\/p>\n<p>\u00c0 medida que os produtores internacionais se tornam mais conscientes sobre a prote\u00e7\u00e3o ambiental, as vendas de sacolas de embalagem macias sustent\u00e1veis da CY PACK, como sacolas stand-up recicl\u00e1veis e sacolas stand-up degrad\u00e1veis, aumentam ano a ano.<\/p>\n<p><img decoding=\"async\" title=\"Bolsa de embalagem de alimentos com z\u00edper recicl\u00e1vel\" src=\"https:\/\/www.cy-package.com\/2833\/2833-202406031717389144.jpg\" alt=\"Bolsa de embalagem de alimentos com z\u00edper recicl\u00e1vel\" \/><\/p>\n<p>&nbsp;<\/p>\n<p style=\"text-align: center;\">\n<\/div>","protected":false},"excerpt":{"rendered":"<p class=\"wui-p-v-4\"><span class=\"wui-text-color-accents wui-text-weight-bold\">Marca:<\/span> <span class=\"wui-text-color-primary\">PACOTE CY<\/span><\/p>\n<p class=\"wui-p-v-4\"><span class=\"wui-text-color-accents wui-text-weight-bold\">Origem do produto:<\/span> <span class=\"wui-text-color-primary\">China<\/span><\/p>\n<p class=\"wui-p-v-4\"><span class=\"wui-text-color-accents wui-text-weight-bold\">Prazo de entrega:<\/span> <span class=\"wui-text-color-primary\">25 dias de prazo de entrega<\/span><\/p>\n<p class=\"wui-p-v-4\"><span class=\"wui-text-color-accents wui-text-weight-bold\">Capacidade de fornecimento:<\/span> <span class=\"wui-text-color-primary\">1200 toneladas\/m\u00eas<\/span><\/p>\n<p class=\"wui-p-v-4\">Materiais de embalagem ecol\u00f3gicos reduzem em grande medida a polui\u00e7\u00e3o pl\u00e1stica e contribuem para a prote\u00e7\u00e3o ambiental mundial.<br \/>\nPara fornecer embalagens confi\u00e1veis e ecol\u00f3gicas para seus produtos aliment\u00edcios, podemos produzir sach\u00eas para lanches simples e leves, de alta qualidade e est\u00e1veis.<br \/>\nAl\u00e9m disso, o volume do saco pl\u00e1stico para lanches \u00e9 muito menor do que o das latas\/recipientes de alum\u00ednio tradicionais, \u00e9 quase 1\/10 do primeiro, sem mencionar a compara\u00e7\u00e3o de peso entre os dois.<\/p>","protected":false},"featured_media":394,"comment_status":"open","ping_status":"closed","template":"","meta":{"_seopress_robots_primary_cat":"none","_seopress_titles_title":"Supply Recyclable Stand Up Food Packaging Pouch wholesale","_seopress_titles_desc":"Recyclable Stand Up Zipper Food Packaging Pouch Manufacturers and Factory. We accept OEM custom products all made in China.","_seopress_robots_index":"","_monsterinsights_skip_tracking":false,"_monsterinsights_sitenote_active":false,"_monsterinsights_sitenote_note":"","_monsterinsights_sitenote_category":0,"_kad_post_transparent":"default","_kad_post_title":"","_kad_post_layout":"default","_kad_post_sidebar_id":"","_kad_post_content_style":"default","_kad_post_vertical_padding":"default","_kad_post_feature":"","_kad_post_feature_position":"","_kad_post_header":false,"_kad_post_footer":false},"product_brand":[],"product_cat":[27],"product_tag":[],"class_list":{"0":"post-307","1":"product","2":"type-product","3":"status-publish","4":"has-post-thumbnail","6":"product_cat-recyclable-packaging-bags","8":"first","9":"instock","10":"shipping-taxable","11":"product-type-simple","12":"entry","13":"content-bg","14":"loop-entry"},"_links":{"self":[{"href":"https:\/\/www.cy-package.com\/pt\/wp-json\/wp\/v2\/product\/307","targetHints":{"allow":["GET"]}}],"collection":[{"href":"https:\/\/www.cy-package.com\/pt\/wp-json\/wp\/v2\/product"}],"about":[{"href":"https:\/\/www.cy-package.com\/pt\/wp-json\/wp\/v2\/types\/product"}],"replies":[{"embeddable":true,"href":"https:\/\/www.cy-package.com\/pt\/wp-json\/wp\/v2\/comments?post=307"}],"version-history":[{"count":1,"href":"https:\/\/www.cy-package.com\/pt\/wp-json\/wp\/v2\/product\/307\/revisions"}],"predecessor-version":[{"id":982,"href":"https:\/\/www.cy-package.com\/pt\/wp-json\/wp\/v2\/product\/307\/revisions\/982"}],"wp:featuredmedia":[{"embeddable":true,"href":"https:\/\/www.cy-package.com\/pt\/wp-json\/wp\/v2\/media\/394"}],"wp:attachment":[{"href":"https:\/\/www.cy-package.com\/pt\/wp-json\/wp\/v2\/media?parent=307"}],"wp:term":[{"taxonomy":"product_brand","embeddable":true,"href":"https:\/\/www.cy-package.com\/pt\/wp-json\/wp\/v2\/product_brand?post=307"},{"taxonomy":"product_cat","embeddable":true,"href":"https:\/\/www.cy-package.com\/pt\/wp-json\/wp\/v2\/product_cat?post=307"},{"taxonomy":"product_tag","embeddable":true,"href":"https:\/\/www.cy-package.com\/pt\/wp-json\/wp\/v2\/product_tag?post=307"}],"curies":[{"name":"wp","href":"https:\/\/api.w.org\/{rel}","templated":true}]}}