{"id":314,"date":"2024-09-05T10:28:16","date_gmt":"2024-09-05T02:28:16","guid":{"rendered":"https:\/\/www.cy-package.com\/?post_type=product&#038;p=314"},"modified":"2025-11-28T16:02:58","modified_gmt":"2025-11-28T08:02:58","slug":"saco-de-embalagem-de-alimentos-com-fundo-plano-de-papel-aluminio","status":"publish","type":"product","link":"https:\/\/www.cy-package.com\/pt\/produto\/saco-de-embalagem-de-alimentos-com-fundo-plano-de-papel-aluminio\/","title":{"rendered":"Saco de embalagem de alimentos com fundo plano de papel alum\u00ednio"},"content":{"rendered":"<h2><strong>Aluminum Foil Flat Bottom Pouch Bag<\/strong><\/h2>\n<p>A bolsa de fundo plano recebe esse nome porque o painel inferior \u00e9 completamente plano. Tamb\u00e9m pode ser chamada de bolsa de caixa porque se assemelha a uma caixa vista de frente. Esse formato \u00e9 uma varia\u00e7\u00e3o melhorada da bolsa stand up padr\u00e3o. A principal diferen\u00e7a \u00e9 que ela tem cinco pain\u00e9is selados juntos, dando a voc\u00ea mais \u00e1rea de apresenta\u00e7\u00e3o. Como a bolsa \u00e9 flex\u00edvel, ela pode ocupar menos espa\u00e7o em um arm\u00e1rio lotado do que um formato r\u00edgido.<\/p>\n<figure id=\"attachment_2230\" aria-describedby=\"caption-attachment-2230\" style=\"width: 553px\" class=\"wp-caption aligncenter\"><img fetchpriority=\"high\" decoding=\"async\" class=\"wp-image-2230\" src=\"https:\/\/www.cy-package.com\/wp-content\/uploads\/2024\/09\/\u4ea7\u54c1\u7f8e\u5316-1.png\" alt=\"aluminum foil bag\" width=\"553\" height=\"446\" srcset=\"https:\/\/www.cy-package.com\/wp-content\/uploads\/2024\/09\/\u4ea7\u54c1\u7f8e\u5316-1.png 1000w, https:\/\/www.cy-package.com\/wp-content\/uploads\/2024\/09\/\u4ea7\u54c1\u7f8e\u5316-1-300x242.png 300w, https:\/\/www.cy-package.com\/wp-content\/uploads\/2024\/09\/\u4ea7\u54c1\u7f8e\u5316-1-768x619.png 768w, https:\/\/www.cy-package.com\/wp-content\/uploads\/2024\/09\/\u4ea7\u54c1\u7f8e\u5316-1-15x12.png 15w, https:\/\/www.cy-package.com\/wp-content\/uploads\/2024\/09\/\u4ea7\u54c1\u7f8e\u5316-1-800x645.png 800w\" sizes=\"(max-width: 553px) 100vw, 553px\" \/><figcaption id=\"caption-attachment-2230\" class=\"wp-caption-text\">a kind of flexible packaging bag for food<\/figcaption><\/figure>\n<p>Esta bolsa de fundo plano altamente desej\u00e1vel oferece uma estabilidade incr\u00edvel na prateleira devido ao seu fundo resistente e nivelado. Como a base \u00e9 plana e segura, a bolsa de fundo plano \u00e9 a solu\u00e7\u00e3o de embalagem ideal para muitos produtos de consumo, como cereais, arroz, caf\u00e9, ch\u00e1 ou ra\u00e7\u00e3o para animais de estima\u00e7\u00e3o. Marcas premium nos setores de ra\u00e7\u00e3o para animais de estima\u00e7\u00e3o, nutri\u00e7\u00e3o esportiva, gr\u00e3os e caf\u00e9 est\u00e3o rapidamente adotando esse formato de embalagem.<\/p>\n<p>Alumiinum foil bags are usually composed of three or more materials.\u00a0 If we plastic The film and the aluminum foil film are combined together, and they will exert their respective advantages and become very strong. If we compound the high temperature cooking plastic film, the aluminum foil bag will become the same as the iron can, or even more than the iron can. More advantages. For example, it is easy to carry, convenient to transport, not easy to deform, and has low production cost. After strict vacuuming and cooking, it can effectively extend the storage time of the product and can be stored at room temperature.<\/p>\n<p>&nbsp;<\/p>\n<p>&nbsp;<\/p>\n<p>&nbsp;<\/p>\n<p style=\"text-align: center;\">","protected":false},"excerpt":{"rendered":"<p class=\"wui-p-v-4\"><span class=\"wui-text-color-accents wui-text-weight-bold\">Marca:<\/span> <span class=\"wui-text-color-primary\">PACOTE CY<\/span><\/p>\n<p class=\"wui-p-v-4\"><span class=\"wui-text-color-accents wui-text-weight-bold\">Origem do produto:<\/span> <span class=\"wui-text-color-primary\">China<\/span><\/p>\n<p class=\"wui-p-v-4\"><span class=\"wui-text-color-accents wui-text-weight-bold\">Prazo de entrega:<\/span> <span class=\"wui-text-color-primary\">25 dias de prazo de entrega<\/span><\/p>\n<p class=\"wui-p-v-4\"><span class=\"wui-text-color-accents wui-text-weight-bold\">Capacidade de fornecimento:<\/span> <span class=\"wui-text-color-primary\">1200 toneladas\/m\u00eas<\/span><\/p>\n<p class=\"wui-p-v-4\">O saco de embalagem de papel-alum\u00ednio pode ser armazenado em temperatura ambiente e tem uma vida \u00fatil mais longa.<\/p>","protected":false},"featured_media":423,"comment_status":"open","ping_status":"closed","template":"","meta":{"_seopress_robots_primary_cat":"none","_seopress_titles_title":"Aluminum Foil Flat Bottom Food Packaging Bag","_seopress_titles_desc":"Flexible aluminum foil packaging bags that performs\u2014custom designs, barrier protection, and eye-catching printing. Partner with a manufacturer you can rely on!","_seopress_robots_index":"","_monsterinsights_skip_tracking":false,"_monsterinsights_sitenote_active":false,"_monsterinsights_sitenote_note":"","_monsterinsights_sitenote_category":0,"_kad_post_transparent":"default","_kad_post_title":"","_kad_post_layout":"default","_kad_post_sidebar_id":"","_kad_post_content_style":"default","_kad_post_vertical_padding":"default","_kad_post_feature":"","_kad_post_feature_position":"","_kad_post_header":false,"_kad_post_footer":false},"product_brand":[],"product_cat":[28],"product_tag":[],"class_list":{"0":"post-314","1":"product","2":"type-product","3":"status-publish","4":"has-post-thumbnail","6":"product_cat-food-packaging-bag","8":"first","9":"instock","10":"shipping-taxable","11":"product-type-simple","12":"entry","13":"content-bg","14":"loop-entry"},"_links":{"self":[{"href":"https:\/\/www.cy-package.com\/pt\/wp-json\/wp\/v2\/product\/314","targetHints":{"allow":["GET"]}}],"collection":[{"href":"https:\/\/www.cy-package.com\/pt\/wp-json\/wp\/v2\/product"}],"about":[{"href":"https:\/\/www.cy-package.com\/pt\/wp-json\/wp\/v2\/types\/product"}],"replies":[{"embeddable":true,"href":"https:\/\/www.cy-package.com\/pt\/wp-json\/wp\/v2\/comments?post=314"}],"version-history":[{"count":3,"href":"https:\/\/www.cy-package.com\/pt\/wp-json\/wp\/v2\/product\/314\/revisions"}],"predecessor-version":[{"id":2231,"href":"https:\/\/www.cy-package.com\/pt\/wp-json\/wp\/v2\/product\/314\/revisions\/2231"}],"wp:featuredmedia":[{"embeddable":true,"href":"https:\/\/www.cy-package.com\/pt\/wp-json\/wp\/v2\/media\/423"}],"wp:attachment":[{"href":"https:\/\/www.cy-package.com\/pt\/wp-json\/wp\/v2\/media?parent=314"}],"wp:term":[{"taxonomy":"product_brand","embeddable":true,"href":"https:\/\/www.cy-package.com\/pt\/wp-json\/wp\/v2\/product_brand?post=314"},{"taxonomy":"product_cat","embeddable":true,"href":"https:\/\/www.cy-package.com\/pt\/wp-json\/wp\/v2\/product_cat?post=314"},{"taxonomy":"product_tag","embeddable":true,"href":"https:\/\/www.cy-package.com\/pt\/wp-json\/wp\/v2\/product_tag?post=314"}],"curies":[{"name":"wp","href":"https:\/\/api.w.org\/{rel}","templated":true}]}}