{"id":315,"date":"2024-09-05T10:28:16","date_gmt":"2024-09-05T02:28:16","guid":{"rendered":"https:\/\/www.cy-package.com\/?post_type=product&#038;p=315"},"modified":"2024-09-14T20:29:07","modified_gmt":"2024-09-14T12:29:07","slug":"bolsa-de-embalagem-para-lanches-stand-up","status":"publish","type":"product","link":"https:\/\/www.cy-package.com\/pt\/produto\/bolsa-de-embalagem-para-lanches-stand-up\/","title":{"rendered":"Embalagem de lanche stand up"},"content":{"rendered":"<div style=\"text-align: center\"><\/div>\n<p><\/p>\n<p style=\"text-align: center\"><strong><span style=\"font-size: 24px\"><\/span><\/strong><\/p>\n<h2><strong>Saco de embalagem para alimentos Stand Up Snack<\/strong><\/h2>\n<p><\/p>\n<p><span>A bolsa de pl\u00e1stico stand up \u00e9 perfeita para embalar todos os tipos de lanches, como doces, balas, chocolates, biscoitos e assim por diante! Os sacos pl\u00e1sticos resel\u00e1veis s\u00e3o muito amig\u00e1veis para todos, pois h\u00e1 um z\u00edper para travar novamente a bolsa. O fabricante de embalagens de bolsa CY PACK fornece uma variedade de bolsas pl\u00e1sticas com fecho zip com impress\u00e3o personalizada.<\/span><\/p>\n<p><\/p>\n<div>\n<h2><strong>Fluxos de trabalho para pr\u00e9-produ\u00e7\u00e3o:<\/strong><br \/><\/h2>\n<p>1. Forne\u00e7a-nos informa\u00e7\u00f5es detalhadas sobre a bolsa que voc\u00ea gostaria de fazer, como finalidade de uso, tamanho, arte, estrutura e espessura, etc. Se necess\u00e1rio, podemos fornecer nossas sugest\u00f5es boas e profissionais para sua escolha tamb\u00e9m.<\/p>\n<p>2. Faremos um or\u00e7amento adequado depois de obtermos todas as informa\u00e7\u00f5es sobre a bolsa.<\/p>\n<p>3. Assim que o pre\u00e7o for confirmado por ambas as partes, come\u00e7aremos a trabalhar no processamento da arte (para sua informa\u00e7\u00e3o: precisamos processar a arte em uma vers\u00e3o vi\u00e1vel para impress\u00e3o em rotogravura).<\/p>\n<p>4. Configurando o padr\u00e3o de cores.<\/p>\n<p>5. Confirme a arte e assine o contrato.<\/p>\n<p>6. Os compradores precisam pagar antecipadamente o cilindro (custo de impress\u00e3o) e o pagamento antecipado 40% do pedido.<\/p>\n<p>7. Come\u00e7aremos a produzir produtos de qualidade para voc\u00ea depois disso.<\/p>\n<p><\/p>\n<p style=\"text-align: center\"><img decoding=\"async\" alt=\"Embalagem de lanche stand up\" src=\"https:\/\/www.cy-package.com\/2833\/2833-202205052254029344.jpg\" title=\"Embalagem de lanche stand up\" \/><\/p>\n<p style=\"text-align: center\"><img decoding=\"async\" alt=\"Embalagem de lanche stand up\" src=\"https:\/\/www.cy-package.com\/2833\/2833-202205052254023652.jpg\" title=\"Embalagem de lanche stand up\" \/><\/p>\n<p><\/p>\n<p style=\"text-align: center\"><\/p>\n<\/div><\/div>\n<\/p><\/div>","protected":false},"excerpt":{"rendered":"<p class=\"wui-p-v-4\">    <span class=\"wui-text-color-accents wui-text-weight-bold\">Marca:<\/span>    <span class=\"wui-text-color-primary\">PACOTE CY<\/span><\/p>\n<p class=\"wui-p-v-4\">    <span class=\"wui-text-color-accents wui-text-weight-bold\">Origem do produto:<\/span>    <span class=\"wui-text-color-primary\">China<\/span><\/p>\n<p class=\"wui-p-v-4\">    <span class=\"wui-text-color-accents wui-text-weight-bold\">Prazo de entrega:<\/span>    <span class=\"wui-text-color-primary\">20 dias de prazo de entrega<\/span><\/p>\n<p class=\"wui-p-v-4\">    <span class=\"wui-text-color-accents wui-text-weight-bold\">Capacidade de fornecimento:<\/span>    <span class=\"wui-text-color-primary\">3000000 pe\u00e7as\/m\u00eas<\/span><\/p>\n<p class=\"wui-p-v-4\">Dimens\u00e3o: 250g~2kg etc. Ou de acordo com sua solicita\u00e7\u00e3o.<br \/>Cores de impress\u00e3o: At\u00e9 11 cores.<br \/>Al\u00e7a: al\u00e7a lateral ou conforme sua necessidade.<br \/>Lamina\u00e7\u00e3o\/acabamento de superf\u00edcie: Lamina\u00e7\u00e3o brilhante\/lamina\u00e7\u00e3o fosca\/lamina\u00e7\u00e3o de filme a laser\/sem lamina\u00e7\u00e3o, etc.<br \/>Tecnologia de impress\u00e3o: CYPACK fornece impress\u00e3o em rotogravura. Os gr\u00e1ficos impressos da embalagem s\u00e3o tridimensionais e realistas<\/p>","protected":false},"featured_media":428,"comment_status":"open","ping_status":"closed","template":"","meta":{"_seopress_robots_primary_cat":"","_seopress_titles_title":"","_seopress_titles_desc":"","_seopress_robots_index":"","_monsterinsights_skip_tracking":false,"_monsterinsights_sitenote_active":false,"_monsterinsights_sitenote_note":"","_monsterinsights_sitenote_category":0,"_kad_post_transparent":"","_kad_post_title":"","_kad_post_layout":"","_kad_post_sidebar_id":"","_kad_post_content_style":"","_kad_post_vertical_padding":"","_kad_post_feature":"","_kad_post_feature_position":"","_kad_post_header":false,"_kad_post_footer":false},"product_brand":[],"product_cat":[28],"product_tag":[],"class_list":{"0":"post-315","1":"product","2":"type-product","3":"status-publish","4":"has-post-thumbnail","6":"product_cat-food-packaging-bag","8":"first","9":"instock","10":"shipping-taxable","11":"product-type-simple","12":"entry","13":"content-bg","14":"loop-entry"},"_links":{"self":[{"href":"https:\/\/www.cy-package.com\/pt\/wp-json\/wp\/v2\/product\/315","targetHints":{"allow":["GET"]}}],"collection":[{"href":"https:\/\/www.cy-package.com\/pt\/wp-json\/wp\/v2\/product"}],"about":[{"href":"https:\/\/www.cy-package.com\/pt\/wp-json\/wp\/v2\/types\/product"}],"replies":[{"embeddable":true,"href":"https:\/\/www.cy-package.com\/pt\/wp-json\/wp\/v2\/comments?post=315"}],"version-history":[{"count":0,"href":"https:\/\/www.cy-package.com\/pt\/wp-json\/wp\/v2\/product\/315\/revisions"}],"wp:featuredmedia":[{"embeddable":true,"href":"https:\/\/www.cy-package.com\/pt\/wp-json\/wp\/v2\/media\/428"}],"wp:attachment":[{"href":"https:\/\/www.cy-package.com\/pt\/wp-json\/wp\/v2\/media?parent=315"}],"wp:term":[{"taxonomy":"product_brand","embeddable":true,"href":"https:\/\/www.cy-package.com\/pt\/wp-json\/wp\/v2\/product_brand?post=315"},{"taxonomy":"product_cat","embeddable":true,"href":"https:\/\/www.cy-package.com\/pt\/wp-json\/wp\/v2\/product_cat?post=315"},{"taxonomy":"product_tag","embeddable":true,"href":"https:\/\/www.cy-package.com\/pt\/wp-json\/wp\/v2\/product_tag?post=315"}],"curies":[{"name":"wp","href":"https:\/\/api.w.org\/{rel}","templated":true}]}}