{"id":318,"date":"2024-09-05T10:28:17","date_gmt":"2024-09-05T02:28:17","guid":{"rendered":"https:\/\/www.cy-package.com\/?post_type=product&#038;p=318"},"modified":"2024-09-14T20:29:10","modified_gmt":"2024-09-14T12:29:10","slug":"impressao-personalizada-8-selo-lateral-saco-de-embalagem-de-alimentos","status":"publish","type":"product","link":"https:\/\/www.cy-package.com\/pt\/produto\/impressao-personalizada-8-selo-lateral-saco-de-embalagem-de-alimentos\/","title":{"rendered":"Impress\u00e3o personalizada 8 selos laterais saco de embalagem de alimentos"},"content":{"rendered":"<p style=\"text-align: center\"><span style=\"font-size: 18px\"><strong>Saco de embalagem de alimentos selado de 8 lados<\/strong><\/span><\/p>\n<p><\/p>\n<p>&nbsp; &nbsp; &nbsp; &nbsp; Bolsa flex\u00edvel de fundo plano feita para imitar uma caixa r\u00edgida tradicional. Tamb\u00e9m \u00e9 comumente conhecida como bolsa de fundo de caixa. As bolsas de fundo plano desempenham um papel fundamental na redu\u00e7\u00e3o do volume e peso do transporte, reduzindo significativamente a pegada de carbono geral. A principal vantagem atribu\u00edda \u00e0s bolsas de fundo plano \u00e9 sua capacidade aprimorada de comercializa\u00e7\u00e3o para serem bem embaladas e facilmente colocadas na prateleira sem causar danos ao exterior.&nbsp; &nbsp;<\/p>\n<p><\/p>\n<p>&nbsp; &nbsp; &nbsp; &nbsp; 8 lados selados Embalagem de alimentos As bolsas t\u00eam uma base retangular (em vez de base oval), permitindo assim uma estrutura mais s\u00f3lida que ficaria bem em uma prateleira e forneceria um perfil mais fino da bolsa. Al\u00e9m disso, a bolsa tem cinco lados imprim\u00edveis, o que permite mais op\u00e7\u00f5es de impress\u00e3o\/marca. Nossas bolsas de fundo plano s\u00e3o projetadas a partir de um pol\u00edmero ligeiramente mais espesso, o que fornece uma estrutura mais forte, mais adequada para suportar pesos maiores ao procurar embalar pesos acima de 1 kg. Como um fabricante de bolsas de fundo plano, temos orgulho da qualidade de nossos produtos e garantimos que um processo de teste rigoroso e completo seja aplicado a cada execu\u00e7\u00e3o de produ\u00e7\u00e3o. Devido \u00e0 sua capacidade de suportar volumes maiores, as bolsas de fundo plano s\u00e3o a solu\u00e7\u00e3o de embalagem padr\u00e3o da ind\u00fastria para armazenamento e transporte a granel.<\/p>\n<p><\/p>\n<p>&nbsp; &nbsp; &nbsp; &nbsp; H\u00e1 um total de oito p\u00e1ginas impressas, e h\u00e1 amplo espa\u00e7o para descrever seu produto para aumentar suas vendas, e \u00e9 usado em muitas promo\u00e7\u00f5es de produtos de vendas globais. As informa\u00e7\u00f5es do produto s\u00e3o exibidas de forma mais completa. Deixe seus clientes saberem sobre seus produtos.<\/p>\n<p><\/p>\n<p>&nbsp; &nbsp; &nbsp; &nbsp; &nbsp;Ao mesmo tempo, nossa bolsa com z\u00edper selada octogonal \u00e9 equipada com um z\u00edper reutiliz\u00e1vel, que permite que voc\u00ea reabra e feche o z\u00edper. Isso \u00e9 incompar\u00e1vel com outras embalagens, como caixas; como a bolsa tem um formato \u00fanico, \u00e9 intuitivo proteger contra falsifica\u00e7\u00f5es e tornar seus clientes mais f\u00e1ceis de identificar, o que \u00e9 ben\u00e9fico para o estabelecimento de sua marca; e pode ser impresso em v\u00e1rias cores, o produto tem uma apar\u00eancia bonita e tem um forte efeito de promo\u00e7\u00e3o. Atualmente, nossas bolsas com veda\u00e7\u00e3o de oito lados t\u00eam sido amplamente utilizadas em frutas secas, nozes, animais de estima\u00e7\u00e3o fofos, salgadinhos, etc. Muitos campos.<\/p>\n<p><\/p>\n<div>\n<p><span style=\"font-size: 18px\"><strong>Par\u00e2metros do produto<\/strong><\/span><\/p>\n<\/div>\n<div>\n<p><\/p>\n<div class=\"nei-table\">\n<table width=\"1000\">\n<tbody>\n<tr class=\"firstRow\">\n<td colspan=\"1\" rowspan=\"1\" height=\"20\" width=\"162\">\n<div style=\"text-align: left\"><span>Grau do material:<\/span><\/div>\n<\/td>\n<td colspan=\"1\" rowspan=\"1\" height=\"20\" width=\"837\">\n<div>Material de qualidade alimentar<\/div>\n<\/td>\n<\/tr>\n<tr>\n<td colspan=\"1\" rowspan=\"1\" height=\"20\" width=\"162\">\n<div><span>Material:<\/span><\/div>\n<\/td>\n<td colspan=\"1\" rowspan=\"1\" height=\"20\" width=\"837\">\n<div>PET+VMPET+PE, BOPP+Papel Kraft+VMPET+PE, etc.<\/div>\n<\/td>\n<\/tr>\n<tr>\n<td colspan=\"1\" rowspan=\"1\" height=\"20\" width=\"162\">\n<div><span>Recurso :<\/span><\/div>\n<\/td>\n<td colspan=\"1\" rowspan=\"1\" height=\"20\" width=\"837\">\n<div>1).Material de qualidade alimentar de seguran\u00e7a e impress\u00e3o perfeita<\/p>\n<div data-spm-anchor-id=\"a2700.pc-decorate.0.i62.50563333vYoKlh\">2). \u00d3timo para evitar vazamentos, excelente \u00e0 prova de umidade<\/div>\n<div data-spm-anchor-id=\"a2700.pc-decorate.0.i62.50563333vYoKlh\">3). Fundo de veda\u00e7\u00e3o forte e Ziplock dur\u00e1vel<\/div>\n<\/div>\n<\/td>\n<\/tr>\n<tr>\n<td colspan=\"1\" rowspan=\"1\" height=\"20\" width=\"162\">\n<div><span>Tamanho e espessura:<\/span><\/div>\n<\/td>\n<td colspan=\"1\" rowspan=\"1\" height=\"20\" width=\"837\">\n<div>Personalizado com base em sua necessidade<\/div>\n<\/td>\n<\/tr>\n<tr>\n<td colspan=\"1\" rowspan=\"1\" height=\"20\" width=\"162\">\n<div><span>Tipo de tinta:<\/span><\/div>\n<\/td>\n<td colspan=\"1\" rowspan=\"1\" height=\"20\" width=\"837\">\n<div>Tinta de soja de qualidade alimentar ecol\u00f3gica<\/div>\n<\/td>\n<\/tr>\n<tr>\n<td colspan=\"1\" rowspan=\"1\" height=\"20\" width=\"162\">\n<div><span>Capacidade:<\/span><\/div>\n<\/td>\n<td colspan=\"1\" rowspan=\"1\" height=\"20\" width=\"837\">\n<div>100g, 200g, 250g, 500g, 1000g\/1kg, 2kg, 5kg, 8oz-100oz, Personalizado<\/div>\n<\/td>\n<\/tr>\n<tr>\n<td colspan=\"1\" rowspan=\"1\" height=\"20\" width=\"162\">\n<div><span>Aplicativo:<\/span><\/div>\n<\/td>\n<td colspan=\"1\" rowspan=\"1\" height=\"20\" width=\"837\">\n<div>Alimentos \/ Caf\u00e9 \/ Ra\u00e7\u00e3o para animais de estima\u00e7\u00e3o \/ Ch\u00e1 \/ Lanche \/ Nozes \/ Prote\u00edna de soro de leite \/ Sementes, etc.<\/div>\n<\/td>\n<\/tr>\n<tr>\n<td colspan=\"1\" rowspan=\"1\" height=\"20\" width=\"162\">\n<div><span>Op\u00e7\u00f5es de estilo:<\/span><\/div>\n<\/td>\n<td colspan=\"1\" rowspan=\"1\" height=\"20\" width=\"837\">\n<div>Fundo plano, vertical, refor\u00e7o lateral, z\u00edper na parte superior, com\/sem janela, furo europeu, etc.<\/div>\n<\/td>\n<\/tr>\n<tr>\n<td colspan=\"1\" rowspan=\"1\" height=\"20\" width=\"162\">\n<div><span>Controle de qualidade:<\/span><\/div>\n<\/td>\n<td colspan=\"1\" rowspan=\"1\" height=\"20\" width=\"837\">\n<div data-spm-anchor-id=\"a2700.details.0.i14.1410417dX9YP5T\">Equipamentos avan\u00e7ados e equipe de controle de qualidade experiente verificar\u00e3o o material, os produtos semiacabados e acabados rigorosamente em todas as etapas antes do envio.<\/div>\n<\/td>\n<\/tr>\n<\/tbody>\n<\/table>\n<\/div>\n<p><\/p>\n<p style=\"text-align: center\"><img alt=\"Impress\u00e3o personalizada 8 selos laterais saco de embalagem de alimentos\" title=\"Impress\u00e3o personalizada 8 selos laterais saco de embalagem de alimentos\" \/><\/p>\n<p style=\"text-align: center\"><img alt=\"Impress\u00e3o personalizada 8 selos laterais saco de embalagem de alimentos\" title=\"Impress\u00e3o personalizada 8 selos laterais saco de embalagem de alimentos\" \/><\/p>\n<p><\/p>\n<p style=\"text-align: center\"><\/p>\n<\/div><\/div>\n<\/p><\/div>","protected":false},"excerpt":{"rendered":"<p class=\"wui-p-v-4\">    <span class=\"wui-text-color-accents wui-text-weight-bold\">Marca:<\/span>    <span class=\"wui-text-color-primary\">PACOTE CY<\/span><\/p>\n<p class=\"wui-p-v-4\">    <span class=\"wui-text-color-accents wui-text-weight-bold\">Origem do produto:<\/span>    <span class=\"wui-text-color-primary\">China<\/span><\/p>\n<p class=\"wui-p-v-4\">    <span class=\"wui-text-color-accents wui-text-weight-bold\">Prazo de entrega:<\/span>    <span class=\"wui-text-color-primary\">25 dias de prazo de entrega<\/span><\/p>\n<p class=\"wui-p-v-4\">    <span class=\"wui-text-color-accents wui-text-weight-bold\">Capacidade de fornecimento:<\/span>    <span class=\"wui-text-color-primary\">1200 toneladas\/m\u00eas<\/span><\/p>\n<p class=\"wui-p-v-4\">Pode ser impresso em cinco lados, a superf\u00edcie de impress\u00e3o adequada torna a descri\u00e7\u00e3o das informa\u00e7\u00f5es e o design do padr\u00e3o dos produtos mais abundantes<br \/>Com veda\u00e7\u00f5es largas e uma base est\u00e1vel, proporcionando m\u00e1xima flexibilidade de comercializa\u00e7\u00e3o para varejistas<br \/>Os sacos selados de oito lados com fundo plano cont\u00eam grande capacidade, a estrutura de design de veda\u00e7\u00e3o de oito lados torna-o com mais capacidade para embalar mais produtos<br \/>Os alimentos armazenados na embalagem evitar\u00e3o sinais de extrus\u00e3o, impacto, vibra\u00e7\u00e3o e diferen\u00e7a de temperatura, etc.<br \/>Pode ser conectado a uma v\u00e1lvula de escape unidirecional, usada em caf\u00e9 e outras ind\u00fastrias relacionadas<\/p>","protected":false},"featured_media":441,"comment_status":"open","ping_status":"closed","template":"","meta":{"_seopress_robots_primary_cat":"","_seopress_titles_title":"","_seopress_titles_desc":"","_seopress_robots_index":"","_monsterinsights_skip_tracking":false,"_monsterinsights_sitenote_active":false,"_monsterinsights_sitenote_note":"","_monsterinsights_sitenote_category":0,"_kad_post_transparent":"","_kad_post_title":"","_kad_post_layout":"","_kad_post_sidebar_id":"","_kad_post_content_style":"","_kad_post_vertical_padding":"","_kad_post_feature":"","_kad_post_feature_position":"","_kad_post_header":false,"_kad_post_footer":false},"product_brand":[],"product_cat":[28],"product_tag":[],"class_list":{"0":"post-318","1":"product","2":"type-product","3":"status-publish","4":"has-post-thumbnail","6":"product_cat-food-packaging-bag","8":"first","9":"instock","10":"shipping-taxable","11":"product-type-simple","12":"entry","13":"content-bg","14":"loop-entry"},"_links":{"self":[{"href":"https:\/\/www.cy-package.com\/pt\/wp-json\/wp\/v2\/product\/318","targetHints":{"allow":["GET"]}}],"collection":[{"href":"https:\/\/www.cy-package.com\/pt\/wp-json\/wp\/v2\/product"}],"about":[{"href":"https:\/\/www.cy-package.com\/pt\/wp-json\/wp\/v2\/types\/product"}],"replies":[{"embeddable":true,"href":"https:\/\/www.cy-package.com\/pt\/wp-json\/wp\/v2\/comments?post=318"}],"version-history":[{"count":0,"href":"https:\/\/www.cy-package.com\/pt\/wp-json\/wp\/v2\/product\/318\/revisions"}],"wp:featuredmedia":[{"embeddable":true,"href":"https:\/\/www.cy-package.com\/pt\/wp-json\/wp\/v2\/media\/441"}],"wp:attachment":[{"href":"https:\/\/www.cy-package.com\/pt\/wp-json\/wp\/v2\/media?parent=318"}],"wp:term":[{"taxonomy":"product_brand","embeddable":true,"href":"https:\/\/www.cy-package.com\/pt\/wp-json\/wp\/v2\/product_brand?post=318"},{"taxonomy":"product_cat","embeddable":true,"href":"https:\/\/www.cy-package.com\/pt\/wp-json\/wp\/v2\/product_cat?post=318"},{"taxonomy":"product_tag","embeddable":true,"href":"https:\/\/www.cy-package.com\/pt\/wp-json\/wp\/v2\/product_tag?post=318"}],"curies":[{"name":"wp","href":"https:\/\/api.w.org\/{rel}","templated":true}]}}