{"id":321,"date":"2024-09-05T10:28:17","date_gmt":"2024-09-05T02:28:17","guid":{"rendered":"https:\/\/www.cy-package.com\/?post_type=product&#038;p=321"},"modified":"2024-09-14T20:29:12","modified_gmt":"2024-09-14T12:29:12","slug":"saco-de-embalagem-de-alimentos-de-nozes","status":"publish","type":"product","link":"https:\/\/www.cy-package.com\/pt\/produto\/saco-de-embalagem-de-alimentos-de-nozes\/","title":{"rendered":"Saco de embalagem de alimentos de nozes"},"content":{"rendered":"<p><\/p>\n<p><\/p>\n<p style=\"text-align: center\"><strong><span style=\"font-size: 24px\">Saco de embalagem para alimentos de nozes em p\u00e9<\/span><\/strong><\/p>\n<p><span>A bolsa de pl\u00e1stico stand up \u00e9 perfeita para embalar todos os tipos de lanches, como doces, biscoitos e assim por diante! Os sacos pl\u00e1sticos resel\u00e1veis s\u00e3o muito amig\u00e1veis para todos, pois h\u00e1 um z\u00edper para travar novamente a bolsa. O fabricante de embalagens de bolsa CY fornece uma variedade de sacos pl\u00e1sticos com fecho zip-lock com impress\u00e3o personalizada.<\/span><\/p>\n<p><img decoding=\"async\" src=\"https:\/\/www.cy-package.com\/2833\/2833-202205062236299081.jpg\" title=\"Saco de embalagem de alimentos de nozes\" alt=\"Saco de embalagem de alimentos de nozes\" \/><\/p>\n<p><\/p>\n<p><span>\u00c0 medida que as pessoas prestam cada vez mais aten\u00e7\u00e3o \u00e0 sa\u00fade<\/span><\/p>\n<p><span>comer, alimentos com nozes est\u00e3o se tornando cada vez mais&nbsp;<\/span><\/p>\n<p><span>popular no mercado. Portanto, as caracter\u00edsticas dos sacos de embalagem para alimentos com nozes s\u00e3o muito importantes para manter a qualidade das nozes e prolongar sua vida \u00fatil.<\/span><\/p>\n<p><span><br \/><\/span><\/p>\n<p><span>Os sacos de embalagem de nozes precisam ser flex\u00edveis e resistentes a perfura\u00e7\u00f5es para evitar que a casca dura do alimento de nozes perfure o saco de embalagem. Al\u00e9m disso, esse tipo de saco de embalagem \u00e9 mais sofisticado, destacando a alta nutri\u00e7\u00e3o e qualidade do alimento de nozes.<\/span><\/p>\n<p><span><br \/><\/span><\/p>\n<p><span>Ao escolher a embalagem correta, voc\u00ea n\u00e3o apenas garante o frescor e o sabor das nozes, mas tamb\u00e9m faz a sua parte para proteger o meio ambiente.<\/span><\/p>\n<h2><\/h2>\n<\/p><\/div>\n<\/p><\/div>","protected":false},"excerpt":{"rendered":"<p class=\"wui-p-v-4\">    <span class=\"wui-text-color-accents wui-text-weight-bold\">Marca:<\/span>    <span class=\"wui-text-color-primary\">PACOTE CY<\/span><\/p>\n<p class=\"wui-p-v-4\">    <span class=\"wui-text-color-accents wui-text-weight-bold\">Origem do produto:<\/span>    <span class=\"wui-text-color-primary\">China<\/span><\/p>\n<p class=\"wui-p-v-4\">    <span class=\"wui-text-color-accents wui-text-weight-bold\">Prazo de entrega:<\/span>    <span class=\"wui-text-color-primary\">25 dias de prazo de entrega<\/span><\/p>\n<p class=\"wui-p-v-4\">    <span class=\"wui-text-color-accents wui-text-weight-bold\">Capacidade de fornecimento:<\/span>    <span class=\"wui-text-color-primary\">1200 toneladas\/m\u00eas<\/span><\/p>\n<p class=\"wui-p-v-4\">Estrutura material: papel kraft\/VMPET\/PE, papel Kraft\/Al\/PE, papel Kraft\/KPET\/PE,PET\/VMPET\/NY\/PE<\/p>\n<p>Aplica\u00e7\u00e3o: Embalagem de ch\u00e1, embalagem de lanche, embalagem de caf\u00e9 e embalagem de nozes.<\/p>\n<p>Tempo de entrega: 30 dias de prazo de entrega<br \/>1. Sem rachaduras, sem vazamento, sem delamina\u00e7\u00e3o, reten\u00e7\u00e3o de fragr\u00e2ncia, resist\u00eancia \u00e0 perfura\u00e7\u00e3o, resist\u00eancia a \u00e1cidos, etc.<br \/>2. A bolsa de embalagem grande personalizada tem grande capacidade e forte suporte.<br \/>3. A sacola recicl\u00e1vel \u00e9 amiga do meio ambiente.<\/p>","protected":false},"featured_media":453,"comment_status":"open","ping_status":"closed","template":"","meta":{"_seopress_robots_primary_cat":"","_seopress_titles_title":"","_seopress_titles_desc":"","_seopress_robots_index":"","_monsterinsights_skip_tracking":false,"_monsterinsights_sitenote_active":false,"_monsterinsights_sitenote_note":"","_monsterinsights_sitenote_category":0,"_kad_post_transparent":"","_kad_post_title":"","_kad_post_layout":"","_kad_post_sidebar_id":"","_kad_post_content_style":"","_kad_post_vertical_padding":"","_kad_post_feature":"","_kad_post_feature_position":"","_kad_post_header":false,"_kad_post_footer":false},"product_brand":[],"product_cat":[28],"product_tag":[],"class_list":{"0":"post-321","1":"product","2":"type-product","3":"status-publish","4":"has-post-thumbnail","6":"product_cat-food-packaging-bag","8":"first","9":"instock","10":"shipping-taxable","11":"product-type-simple","12":"entry","13":"content-bg","14":"loop-entry"},"_links":{"self":[{"href":"https:\/\/www.cy-package.com\/pt\/wp-json\/wp\/v2\/product\/321","targetHints":{"allow":["GET"]}}],"collection":[{"href":"https:\/\/www.cy-package.com\/pt\/wp-json\/wp\/v2\/product"}],"about":[{"href":"https:\/\/www.cy-package.com\/pt\/wp-json\/wp\/v2\/types\/product"}],"replies":[{"embeddable":true,"href":"https:\/\/www.cy-package.com\/pt\/wp-json\/wp\/v2\/comments?post=321"}],"version-history":[{"count":0,"href":"https:\/\/www.cy-package.com\/pt\/wp-json\/wp\/v2\/product\/321\/revisions"}],"wp:featuredmedia":[{"embeddable":true,"href":"https:\/\/www.cy-package.com\/pt\/wp-json\/wp\/v2\/media\/453"}],"wp:attachment":[{"href":"https:\/\/www.cy-package.com\/pt\/wp-json\/wp\/v2\/media?parent=321"}],"wp:term":[{"taxonomy":"product_brand","embeddable":true,"href":"https:\/\/www.cy-package.com\/pt\/wp-json\/wp\/v2\/product_brand?post=321"},{"taxonomy":"product_cat","embeddable":true,"href":"https:\/\/www.cy-package.com\/pt\/wp-json\/wp\/v2\/product_cat?post=321"},{"taxonomy":"product_tag","embeddable":true,"href":"https:\/\/www.cy-package.com\/pt\/wp-json\/wp\/v2\/product_tag?post=321"}],"curies":[{"name":"wp","href":"https:\/\/api.w.org\/{rel}","templated":true}]}}