{"id":348,"date":"2024-09-05T10:28:41","date_gmt":"2024-09-05T02:28:41","guid":{"rendered":"https:\/\/www.cy-package.com\/?post_type=product&#038;p=348"},"modified":"2025-01-10T15:19:51","modified_gmt":"2025-01-10T07:19:51","slug":"saco-de-embalagem-de-alimentos-para-animais-de-estimacao-de-fundo-plano","status":"publish","type":"product","link":"https:\/\/www.cy-package.com\/pt\/produto\/saco-de-embalagem-de-alimentos-para-animais-de-estimacao-de-fundo-plano\/","title":{"rendered":"Saco de embalagem de alimentos para animais de estima\u00e7\u00e3o com fundo plano"},"content":{"rendered":"<div style=\"text-align: center;\"><span style=\"font-size: 24px;\"><strong><em>Entre em contato conosco!! Receba uma amostra gr\u00e1tis!!<\/em><\/strong><\/span><\/div>\n<p><span style=\"font-size: 20px;\"><strong><em>PONTAS:<\/em><\/strong><\/span><br \/>\n1.Suporta personaliza\u00e7\u00e3o OEM\/ODM????<strong>Bem-vindo para entrar em contato conosco??<\/strong><br \/>\n2. Agora h\u00e1 ofertas especiais. Voc\u00ea pode obt\u00ea-las por <strong>enviando uma consulta??<\/strong><br \/>\n3. Amostra de suporte, precisa de amostra para <strong>envie uma consulta para entrar em contato conosco??<\/strong><\/p>\n<p>&nbsp;<\/p>\n<figure id=\"attachment_472\" aria-describedby=\"caption-attachment-472\" style=\"width: 990px\" class=\"wp-caption aligncenter\"><img fetchpriority=\"high\" decoding=\"async\" class=\"size-full wp-image-472\" src=\"https:\/\/www.cy-package.com\/wp-content\/uploads\/2024\/09\/2833-202205101511426071-e1736492068450.jpg\" alt=\"Saco de embalagem de alimentos para animais de estima\u00e7\u00e3o com fundo plano\" width=\"990\" height=\"892\" srcset=\"https:\/\/www.cy-package.com\/wp-content\/uploads\/2024\/09\/2833-202205101511426071-e1736492068450.jpg 990w, https:\/\/www.cy-package.com\/wp-content\/uploads\/2024\/09\/2833-202205101511426071-e1736492068450-800x721.jpg 800w, https:\/\/www.cy-package.com\/wp-content\/uploads\/2024\/09\/2833-202205101511426071-e1736492068450-300x270.jpg 300w, https:\/\/www.cy-package.com\/wp-content\/uploads\/2024\/09\/2833-202205101511426071-e1736492068450-768x692.jpg 768w, https:\/\/www.cy-package.com\/wp-content\/uploads\/2024\/09\/2833-202205101511426071-e1736492068450-13x12.jpg 13w\" sizes=\"(max-width: 990px) 100vw, 990px\" \/><figcaption id=\"caption-attachment-472\" class=\"wp-caption-text\">Saco de embalagem de alimentos para animais de estima\u00e7\u00e3o com fundo plano<\/figcaption><\/figure>\n<div>\n<p><span style=\"font-size: 18px;\"><strong>Par\u00e2metros do produto<\/strong><\/span><\/p>\n<\/div>\n<div>\n<div class=\"nei-table\">\n<table width=\"1000\">\n<tbody>\n<tr class=\"firstRow\">\n<td colspan=\"1\" rowspan=\"1\" width=\"162\" height=\"20\">\n<div style=\"text-align: left;\">Grau do material:<\/div>\n<\/td>\n<td colspan=\"1\" rowspan=\"1\" width=\"837\" height=\"20\">\n<div>Material de qualidade alimentar<\/div>\n<\/td>\n<\/tr>\n<tr>\n<td colspan=\"1\" rowspan=\"1\" width=\"162\" height=\"20\">\n<div>Material:<\/div>\n<\/td>\n<td colspan=\"1\" rowspan=\"1\" width=\"837\" height=\"20\">\n<div>PET+VMPET+PE, BOPP+Papel Kraft+VMPET+PE, etc.<\/div>\n<\/td>\n<\/tr>\n<tr>\n<td colspan=\"1\" rowspan=\"1\" width=\"162\" height=\"20\">\n<div>Recurso :<\/div>\n<\/td>\n<td colspan=\"1\" rowspan=\"1\" width=\"837\" height=\"20\">\n<div>\n<p>1).Material de qualidade alimentar de seguran\u00e7a e impress\u00e3o perfeita<\/p>\n<div data-spm-anchor-id=\"a2700.pc-decorate.0.i62.50563333vYoKlh\">2). \u00d3timo para evitar vazamentos, excelente \u00e0 prova de umidade<\/div>\n<div data-spm-anchor-id=\"a2700.pc-decorate.0.i62.50563333vYoKlh\">3). Fundo de veda\u00e7\u00e3o forte e Ziplock dur\u00e1vel<\/div>\n<\/div>\n<\/td>\n<\/tr>\n<tr>\n<td colspan=\"1\" rowspan=\"1\" width=\"162\" height=\"20\">\n<div>Tamanho e espessura:<\/div>\n<\/td>\n<td colspan=\"1\" rowspan=\"1\" width=\"837\" height=\"20\">\n<div>Personalizado com base em sua necessidade<\/div>\n<\/td>\n<\/tr>\n<tr>\n<td colspan=\"1\" rowspan=\"1\" width=\"162\" height=\"20\">\n<div>Tipo de tinta:<\/div>\n<\/td>\n<td colspan=\"1\" rowspan=\"1\" width=\"837\" height=\"20\">\n<div>Tinta de soja de qualidade alimentar ecol\u00f3gica<\/div>\n<\/td>\n<\/tr>\n<tr>\n<td colspan=\"1\" rowspan=\"1\" width=\"162\" height=\"20\">\n<div>Capacidade:<\/div>\n<\/td>\n<td colspan=\"1\" rowspan=\"1\" width=\"837\" height=\"20\">\n<div>100g, 200g, 250g, 500g, 1000g\/1kg, 2kg, 5kg, 8oz-100oz, Personalizado<\/div>\n<\/td>\n<\/tr>\n<tr>\n<td colspan=\"1\" rowspan=\"1\" width=\"162\" height=\"20\">\n<div>Aplicativo:<\/div>\n<\/td>\n<td colspan=\"1\" rowspan=\"1\" width=\"837\" height=\"20\">\n<div>Alimentos \/ Caf\u00e9 \/ Ra\u00e7\u00e3o para animais de estima\u00e7\u00e3o \/ Ch\u00e1 \/ Lanche \/ Nozes \/ Prote\u00edna de soro de leite \/ Sementes, etc.<\/div>\n<\/td>\n<\/tr>\n<tr>\n<td colspan=\"1\" rowspan=\"1\" width=\"162\" height=\"20\">\n<div>Op\u00e7\u00f5es de estilo:<\/div>\n<\/td>\n<td colspan=\"1\" rowspan=\"1\" width=\"837\" height=\"20\">\n<div>Fundo plano, vertical, refor\u00e7o lateral, z\u00edper na parte superior, com\/sem janela, furo europeu, etc.<\/div>\n<\/td>\n<\/tr>\n<tr>\n<td colspan=\"1\" rowspan=\"1\" width=\"162\" height=\"20\">\n<div>Controle de qualidade:<\/div>\n<\/td>\n<td colspan=\"1\" rowspan=\"1\" width=\"837\" height=\"20\">\n<div data-spm-anchor-id=\"a2700.details.0.i14.1410417dX9YP5T\">Equipamentos avan\u00e7ados e equipe de controle de qualidade experiente verificar\u00e3o o material, os produtos semiacabados e acabados rigorosamente em todas as etapas antes do envio.<\/div>\n<\/td>\n<\/tr>\n<\/tbody>\n<\/table>\n<\/div>\n<p>&nbsp;<\/p>\n<p style=\"text-align: center;\">\n<\/div>","protected":false},"excerpt":{"rendered":"<p class=\"wui-p-v-4\"><span class=\"wui-text-color-accents wui-text-weight-bold\">Marca:<\/span> <span class=\"wui-text-color-primary\">PACOTE CY<\/span><\/p>\n<p class=\"wui-p-v-4\"><span class=\"wui-text-color-accents wui-text-weight-bold\">Origem do produto:<\/span> <span class=\"wui-text-color-primary\">China<\/span><\/p>\n<p class=\"wui-p-v-4\"><span class=\"wui-text-color-accents wui-text-weight-bold\">Prazo de entrega:<\/span> <span class=\"wui-text-color-primary\">25 dias de prazo de entrega<\/span><\/p>\n<p class=\"wui-p-v-4\"><span class=\"wui-text-color-accents wui-text-weight-bold\">Capacidade de fornecimento:<\/span> <span class=\"wui-text-color-primary\">1200 toneladas\/m\u00eas<\/span><\/p>\n<p class=\"wui-p-v-4\">Material: PA\/PE, BOPP\/CPP, PET\/PE, PET\/AL\/PE, PET\/VMPET\/PE<\/p>\n<p class=\"wui-p-v-4\">Os sacos de embalagem de fundo plano s\u00e3o uma escolha popular em v\u00e1rios sectores, especialmente para produtos alimentares e caf\u00e9.<br \/>\nDesign vertical: O fundo plano permite que estes sacos se mantenham na vertical nas prateleiras, proporcionando uma excelente visibilidade e apresentando o produto de forma eficaz. Esta carater\u00edstica \u00e9 particularmente ben\u00e9fica para ambientes de retalho, uma vez que chama a aten\u00e7\u00e3o do cliente.<br \/>\nArmazenamento est\u00e1vel e eficiente: 8 sacos de embalagem de alimentos com fecho lateral proporcionam uma base est\u00e1vel, tornando-os f\u00e1ceis de empilhar e armazenar, tanto em prateleiras de retalho como em armaz\u00e9ns. Este design maximiza a efici\u00eancia e a organiza\u00e7\u00e3o do espa\u00e7o.<\/p>","protected":false},"featured_media":469,"comment_status":"open","ping_status":"closed","template":"","meta":{"_seopress_robots_primary_cat":"none","_seopress_titles_title":"","_seopress_titles_desc":"","_seopress_robots_index":"","_monsterinsights_skip_tracking":false,"_monsterinsights_sitenote_active":false,"_monsterinsights_sitenote_note":"","_monsterinsights_sitenote_category":0,"_kad_post_transparent":"default","_kad_post_title":"","_kad_post_layout":"default","_kad_post_sidebar_id":"","_kad_post_content_style":"default","_kad_post_vertical_padding":"default","_kad_post_feature":"","_kad_post_feature_position":"","_kad_post_header":false,"_kad_post_footer":false},"product_brand":[],"product_cat":[38],"product_tag":[],"class_list":{"0":"post-348","1":"product","2":"type-product","3":"status-publish","4":"has-post-thumbnail","6":"product_cat-pouches-for-pet-treats","8":"first","9":"instock","10":"shipping-taxable","11":"product-type-simple","12":"entry","13":"content-bg","14":"loop-entry"},"_links":{"self":[{"href":"https:\/\/www.cy-package.com\/pt\/wp-json\/wp\/v2\/product\/348","targetHints":{"allow":["GET"]}}],"collection":[{"href":"https:\/\/www.cy-package.com\/pt\/wp-json\/wp\/v2\/product"}],"about":[{"href":"https:\/\/www.cy-package.com\/pt\/wp-json\/wp\/v2\/types\/product"}],"replies":[{"embeddable":true,"href":"https:\/\/www.cy-package.com\/pt\/wp-json\/wp\/v2\/comments?post=348"}],"version-history":[{"count":3,"href":"https:\/\/www.cy-package.com\/pt\/wp-json\/wp\/v2\/product\/348\/revisions"}],"predecessor-version":[{"id":1583,"href":"https:\/\/www.cy-package.com\/pt\/wp-json\/wp\/v2\/product\/348\/revisions\/1583"}],"wp:featuredmedia":[{"embeddable":true,"href":"https:\/\/www.cy-package.com\/pt\/wp-json\/wp\/v2\/media\/469"}],"wp:attachment":[{"href":"https:\/\/www.cy-package.com\/pt\/wp-json\/wp\/v2\/media?parent=348"}],"wp:term":[{"taxonomy":"product_brand","embeddable":true,"href":"https:\/\/www.cy-package.com\/pt\/wp-json\/wp\/v2\/product_brand?post=348"},{"taxonomy":"product_cat","embeddable":true,"href":"https:\/\/www.cy-package.com\/pt\/wp-json\/wp\/v2\/product_cat?post=348"},{"taxonomy":"product_tag","embeddable":true,"href":"https:\/\/www.cy-package.com\/pt\/wp-json\/wp\/v2\/product_tag?post=348"}],"curies":[{"name":"wp","href":"https:\/\/api.w.org\/{rel}","templated":true}]}}