{"id":349,"date":"2024-09-05T10:28:41","date_gmt":"2024-09-05T02:28:41","guid":{"rendered":"https:\/\/www.cy-package.com\/?post_type=product&#038;p=349"},"modified":"2026-01-20T17:07:24","modified_gmt":"2026-01-20T09:07:24","slug":"impressao-personalizada-3-selo-lateral-saco-de-embalagem-de-alimentos","status":"publish","type":"product","link":"https:\/\/www.cy-package.com\/pt\/produto\/impressao-personalizada-3-selo-lateral-saco-de-embalagem-de-alimentos\/","title":{"rendered":"Impress\u00e3o personalizada 3 selos laterais saco de embalagem de alimentos"},"content":{"rendered":"<div style=\"text-align: center;\"><span style=\"font-size: 24px;\"><strong><em>Entre em contato conosco!! Receba uma amostra gr\u00e1tis!!<\/em><\/strong><\/span><\/div>\n<p><span style=\"font-size: 20px;\"><strong><em>PONTAS:<\/em><\/strong><\/span><br \/>\n1.Suporta personaliza\u00e7\u00e3o OEM\/ODM????<strong>Bem-vindo para entrar em contato conosco??<\/strong><br \/>\n2. Agora h\u00e1 ofertas especiais. Voc\u00ea pode obt\u00ea-las por <strong>enviando uma consulta??<\/strong><br \/>\n3. Amostra de suporte, precisa de amostra para <strong>envie uma consulta para entrar em contato conosco??<\/strong><\/p>\n<p>&nbsp;<\/p>\n<p style=\"text-align: center;\"><strong><span style=\"font-size: 20px;\">Saco de embalagem de alimentos com 3 selos laterais<\/span><\/strong><\/p>\n<p>A CYPACK oferece sacos de veda\u00e7\u00e3o lateral de 3 lados impressos personalizados. O saco de veda\u00e7\u00e3o lateral de 3 lados \u00e9 semelhante em formato a um saco de veda\u00e7\u00e3o lateral de 4 lados. A principal diferen\u00e7a \u00e9 que os pain\u00e9is frontal e traseiro do saco s\u00e3o selados em 3 lados e dobrados em 1 lado. Geralmente, o lado inferior do saco \u00e9 dobrado, o que permite que o saco flexione, permitindo que os produtos se acomodem no fundo corretamente. Este \u00e9 um estilo popular de saco para caf\u00e9 mo\u00eddo, especiarias, l\u00edquidos e produtos semelhantes. Este formato de saco tamb\u00e9m \u00e9 uma boa op\u00e7\u00e3o quando a uniformidade da embalagem \u00e9 importante. Por exemplo, em alguns casos, v\u00e1rios sacos de veda\u00e7\u00e3o lateral de 3 lados s\u00e3o embalados em uma caixa dobr\u00e1vel ou em uma caixa. A caixa \u00e9 ent\u00e3o exibida na prateleira para o varejo. Permitindo que os consumidores comprem v\u00e1rios pacotes em uma caixa. Este estilo de saco permite a marca nos pain\u00e9is frontal e traseiro.<\/p>\n<h2>Benef\u00edcio dos sacos com 3 selos laterais:<\/h2>\n<ul class=\"list-paddingleft-2\">\n<li>Op\u00e7\u00e3o de embalagem flex\u00edvel e econ\u00f4mica<\/li>\n<li>Mais volume de saco do que saco com selagem de 4 lados<\/li>\n<li>Boa uniformidade de embalagem para cartonagem<\/li>\n<li>F\u00e1cil acesso aos produtos com entalhe de rasgo<\/li>\n<li>Pode ser usado para aplica\u00e7\u00f5es de embalagem de alta velocidade<\/li>\n<li>Armazenamento e transporte econ\u00f4micos<\/li>\n<li>Impress\u00e3o em rotogravura de at\u00e9 10 cores<\/li>\n<li>Acabamento brilhante, fosco ou UV<\/li>\n<li>Podem ser utilizadas estruturas de materiais metalizados e n\u00e3o metalizados<\/li>\n<\/ul>\n<div>\n<p><span style=\"font-size: 18px;\"><strong>Par\u00e2metros do produto<\/strong><\/span><\/p>\n<\/div>\n<div>\n<div class=\"nei-table\">\n<div class=\"nei-table\">\n<table width=\"1000\">\n<tbody>\n<tr class=\"firstRow\">\n<td colspan=\"1\" rowspan=\"1\" width=\"162\" height=\"20\">\n<div style=\"text-align: left;\">Grau do material:<\/div>\n<\/td>\n<td colspan=\"1\" rowspan=\"1\" width=\"837\" height=\"20\">\n<div>Material de qualidade alimentar<\/div>\n<\/td>\n<\/tr>\n<tr>\n<td colspan=\"1\" rowspan=\"1\" width=\"162\" height=\"20\">\n<div>Material:<\/div>\n<\/td>\n<td colspan=\"1\" rowspan=\"1\" width=\"837\" height=\"20\">\n<div>PET+VMPET+PE, BOPP+Kraft Paper+VMPET+PE,\u00a0Aluminum Foil\u00a0etc<\/div>\n<\/td>\n<\/tr>\n<tr>\n<td colspan=\"1\" rowspan=\"1\" width=\"162\" height=\"20\">\n<div>Recurso :<\/div>\n<\/td>\n<td colspan=\"1\" rowspan=\"1\" width=\"837\" height=\"20\">\n<div>\n<p>1).Material de qualidade alimentar de seguran\u00e7a e impress\u00e3o perfeita<\/p>\n<div data-spm-anchor-id=\"a2700.pc-decorate.0.i62.50563333vYoKlh\">2). \u00d3timo para evitar vazamentos, excelente \u00e0 prova de umidade<\/div>\n<div data-spm-anchor-id=\"a2700.pc-decorate.0.i62.50563333vYoKlh\">3). Fundo de veda\u00e7\u00e3o forte e Ziplock dur\u00e1vel<\/div>\n<\/div>\n<\/td>\n<\/tr>\n<tr>\n<td colspan=\"1\" rowspan=\"1\" width=\"162\" height=\"20\">\n<div>Tamanho e espessura:<\/div>\n<\/td>\n<td colspan=\"1\" rowspan=\"1\" width=\"837\" height=\"20\">\n<div>Personalizado com base em sua necessidade<\/div>\n<\/td>\n<\/tr>\n<tr>\n<td colspan=\"1\" rowspan=\"1\" width=\"162\" height=\"20\">\n<div>Tipo de tinta:<\/div>\n<\/td>\n<td colspan=\"1\" rowspan=\"1\" width=\"837\" height=\"20\">\n<div>Tinta de soja de qualidade alimentar ecol\u00f3gica<\/div>\n<\/td>\n<\/tr>\n<tr>\n<td colspan=\"1\" rowspan=\"1\" width=\"162\" height=\"20\">\n<div>Capacidade:<\/div>\n<\/td>\n<td colspan=\"1\" rowspan=\"1\" width=\"837\" height=\"20\">\n<div>100g, 200g, 250g, 500g, 1000g\/1kg, 2kg, 5kg, 8oz-100oz, Personalizado<\/div>\n<\/td>\n<\/tr>\n<tr>\n<td colspan=\"1\" rowspan=\"1\" width=\"162\" height=\"20\">\n<div>Aplicativo:<\/div>\n<\/td>\n<td colspan=\"1\" rowspan=\"1\" width=\"837\" height=\"20\">\n<div>Alimentos \/ Caf\u00e9 \/ Ra\u00e7\u00e3o para animais de estima\u00e7\u00e3o \/ Ch\u00e1 \/ Lanche \/ Nozes \/ Prote\u00edna de soro de leite \/ Sementes, etc.<\/div>\n<\/td>\n<\/tr>\n<tr>\n<td colspan=\"1\" rowspan=\"1\" width=\"162\" height=\"20\">\n<div>Op\u00e7\u00f5es de estilo:<\/div>\n<\/td>\n<td colspan=\"1\" rowspan=\"1\" width=\"837\" height=\"20\">\n<div>Fundo plano, vertical, refor\u00e7o lateral, z\u00edper na parte superior, com\/sem janela, furo europeu, etc.<\/div>\n<\/td>\n<\/tr>\n<tr>\n<td colspan=\"1\" rowspan=\"1\" width=\"162\" height=\"20\">\n<div>Controle de qualidade:<\/div>\n<\/td>\n<td colspan=\"1\" rowspan=\"1\" width=\"837\" height=\"20\">\n<div data-spm-anchor-id=\"a2700.details.0.i14.1410417dX9YP5T\">Equipamentos avan\u00e7ados e equipe de controle de qualidade experiente verificar\u00e3o o material, os produtos semiacabados e acabados rigorosamente em todas as etapas antes do envio.<\/div>\n<\/td>\n<\/tr>\n<\/tbody>\n<\/table>\n<\/div>\n<\/div>\n<p style=\"text-align: center;\">\n<\/div>","protected":false},"excerpt":{"rendered":"<p class=\"wui-p-v-4\"><span class=\"wui-text-color-accents wui-text-weight-bold\">Marca:<\/span> <span class=\"wui-text-color-primary\">PACOTE CY<\/span><\/p>\n<p class=\"wui-p-v-4\"><span class=\"wui-text-color-accents wui-text-weight-bold\">Origem do produto:<\/span> <span class=\"wui-text-color-primary\">China<\/span><\/p>\n<p class=\"wui-p-v-4\"><span class=\"wui-text-color-accents wui-text-weight-bold\">Prazo de entrega:<\/span> <span class=\"wui-text-color-primary\">25 dias de prazo de entrega<\/span><\/p>\n<p class=\"wui-p-v-4\">Op\u00e7\u00e3o de embalagem flex\u00edvel e econ\u00f4mica<br \/>\nMais volume de saco do que saco com selagem de 4 lados<br \/>\nBoa uniformidade de embalagem para cartonagem<br \/>\nF\u00e1cil acesso aos produtos com entalhe de rasgo<br \/>\nPode ser usado para aplica\u00e7\u00f5es de embalagem de alta velocidade<br \/>\nArmazenamento e transporte econ\u00f4micos<br \/>\nImpress\u00e3o em rotogravura de at\u00e9 10 cores<br \/>\nAcabamento brilhante, fosco ou UV<br \/>\nPodem ser utilizadas estruturas de materiais metalizados e n\u00e3o metalizados<\/p>","protected":false},"featured_media":473,"comment_status":"open","ping_status":"closed","template":"","meta":{"_seopress_robots_primary_cat":"none","_seopress_titles_title":"","_seopress_titles_desc":"","_seopress_robots_index":"","_monsterinsights_skip_tracking":false,"_monsterinsights_sitenote_active":false,"_monsterinsights_sitenote_note":"","_monsterinsights_sitenote_category":0,"_kad_post_transparent":"default","_kad_post_title":"","_kad_post_layout":"default","_kad_post_sidebar_id":"","_kad_post_content_style":"default","_kad_post_vertical_padding":"default","_kad_post_feature":"","_kad_post_feature_position":"","_kad_post_header":false,"_kad_post_footer":false},"product_brand":[],"product_cat":[28],"product_tag":[],"class_list":{"0":"post-349","1":"product","2":"type-product","3":"status-publish","4":"has-post-thumbnail","6":"product_cat-food-packaging-bag","8":"first","9":"instock","10":"shipping-taxable","11":"product-type-simple","12":"entry","13":"content-bg","14":"loop-entry"},"_links":{"self":[{"href":"https:\/\/www.cy-package.com\/pt\/wp-json\/wp\/v2\/product\/349","targetHints":{"allow":["GET"]}}],"collection":[{"href":"https:\/\/www.cy-package.com\/pt\/wp-json\/wp\/v2\/product"}],"about":[{"href":"https:\/\/www.cy-package.com\/pt\/wp-json\/wp\/v2\/types\/product"}],"replies":[{"embeddable":true,"href":"https:\/\/www.cy-package.com\/pt\/wp-json\/wp\/v2\/comments?post=349"}],"version-history":[{"count":2,"href":"https:\/\/www.cy-package.com\/pt\/wp-json\/wp\/v2\/product\/349\/revisions"}],"predecessor-version":[{"id":2358,"href":"https:\/\/www.cy-package.com\/pt\/wp-json\/wp\/v2\/product\/349\/revisions\/2358"}],"wp:featuredmedia":[{"embeddable":true,"href":"https:\/\/www.cy-package.com\/pt\/wp-json\/wp\/v2\/media\/473"}],"wp:attachment":[{"href":"https:\/\/www.cy-package.com\/pt\/wp-json\/wp\/v2\/media?parent=349"}],"wp:term":[{"taxonomy":"product_brand","embeddable":true,"href":"https:\/\/www.cy-package.com\/pt\/wp-json\/wp\/v2\/product_brand?post=349"},{"taxonomy":"product_cat","embeddable":true,"href":"https:\/\/www.cy-package.com\/pt\/wp-json\/wp\/v2\/product_cat?post=349"},{"taxonomy":"product_tag","embeddable":true,"href":"https:\/\/www.cy-package.com\/pt\/wp-json\/wp\/v2\/product_tag?post=349"}],"curies":[{"name":"wp","href":"https:\/\/api.w.org\/{rel}","templated":true}]}}